{"id":18932,"date":"2026-04-20T03:15:49","date_gmt":"2026-04-20T00:15:49","guid":{"rendered":"https:\/\/kasskoer.ee\/product\/best-friend-seepia-luu-lindudele-125cm-2\/"},"modified":"2026-04-20T03:15:49","modified_gmt":"2026-04-20T00:15:49","slug":"best-friend-seepia-luu-lindudele-125cm","status":"publish","type":"product","link":"https:\/\/kasskoer.ee\/en\/toode\/best-friend-seepia-luu-lindudele-125cm\/","title":{"rendered":"Best Friend seepia luu lindudele 12,5cm"},"content":{"rendered":"<p>Seepia luu on 100% naturaalne toode. Seepia luu annab lindudele olulist kaltsiumi ja mineraale.<br \/> Seepia luus sisalduv kaltsium on vajalik tugevate luude ja noka jaoks, samuti toetab vereringet.<br \/> Sobib k\u00f5igile lindudele.<\/p>\n<p> Kasutamine: V\u00f5imalik kinnitada puuri k\u00fclge k\u00fcljes olevate klambritega.<\/p>\n<p><strong>Koostis<\/strong><\/p>\n<p>100% seepia luu<\/p>\n","protected":false},"excerpt":{"rendered":"<p>Best Friend seepia luu lindudele 12,5cm.<\/p>\n","protected":false},"featured_media":18934,"template":"","meta":[],"product_cat":[1315,3080,693],"product_tag":[],"class_list":{"0":"post-18932","1":"product","2":"type-product","3":"status-publish","4":"has-post-thumbnail","6":"product_cat-lindude-toidulisandid","7":"product_cat-linnud","8":"product_cat-muud-loomad","9":"pa_brand-best-friend","10":"pa_ean-434","11":"pa_kaal-0-080","12":"pa_tootjariik-itaalia","14":"first","15":"instock","16":"taxable","17":"shipping-taxable","18":"purchasable","19":"product-type-simple"},"_links":{"self":[{"href":"https:\/\/kasskoer.ee\/en\/wp-json\/wp\/v2\/product\/18932","targetHints":{"allow":["GET"]}}],"collection":[{"href":"https:\/\/kasskoer.ee\/en\/wp-json\/wp\/v2\/product"}],"about":[{"href":"https:\/\/kasskoer.ee\/en\/wp-json\/wp\/v2\/types\/product"}],"wp:featuredmedia":[{"embeddable":true,"href":"https:\/\/kasskoer.ee\/en\/wp-json\/wp\/v2\/media\/18934"}],"wp:attachment":[{"href":"https:\/\/kasskoer.ee\/en\/wp-json\/wp\/v2\/media?parent=18932"}],"wp:term":[{"taxonomy":"product_cat","embeddable":true,"href":"https:\/\/kasskoer.ee\/en\/wp-json\/wp\/v2\/product_cat?post=18932"},{"taxonomy":"product_tag","embeddable":true,"href":"https:\/\/kasskoer.ee\/en\/wp-json\/wp\/v2\/product_tag?post=18932"}],"curies":[{"name":"wp","href":"https:\/\/api.w.org\/{rel}","templated":true}]}}