{"id":18950,"date":"2026-04-20T03:05:11","date_gmt":"2026-04-20T00:05:11","guid":{"rendered":"https:\/\/kasskoer.ee\/product\/tessa-kuivatatud-sea-kopsud-koertele-ja-kassidele-100g\/"},"modified":"2026-04-20T03:05:13","modified_gmt":"2026-04-20T00:05:13","slug":"tessa-kuivatatud-sea-kopsud-koertele-ja-kassidele-100g","status":"publish","type":"product","link":"https:\/\/kasskoer.ee\/en\/toode\/tessa-kuivatatud-sea-kopsud-koertele-ja-kassidele-100g\/","title":{"rendered":"Tessa kuivatatud sea kopsud koertele ja kassidele 100g"},"content":{"rendered":"<p><b>Tessa kuivatatud sea kopsud &#8211; naturaalne s\u00f6\u00f6damaterjal igas vanuses koertele ja kassidele.<\/b>&#13;<\/p>\n<li>Tooraine ainult Eestis heaolu farmides kasvatatud sigadest.<\/li>\n<p>&#13;<\/p>\n<li>Madalal temperatuuril kuivatatud &#8211; s\u00e4ilitab naturaalse maitse ja toitained.<\/li>\n<p>&#13;<\/p>\n<li>V\u00e4ga madala rasvasisaldusega \u2013 sobib h\u00e4sti ka dieedil olevatele v\u00f5i \u00fclekaalulistele lemmikutele.<\/li>\n<p>&#13;<\/p>\n<li>100% naturaalne &#8211; ei sisalda s\u00e4ilitusaineid ega kunstlikke l\u00f5hna- ja v\u00e4rvaineid.<\/li>\n<p>&#13;<\/p>\n<li>L\u00fchike tarneahel &#8211; v\u00e4iksem s\u00fcsinikujalaj\u00e4lg ja keskkonnas\u00f5bralikum valik.<\/li>\n<p>&#13;<br \/>\n<br \/>&#13;<br \/>\n<b>Koostis<\/b><br \/>&#13;<br \/>\nLoomsed k\u00f5rvalsaadused (kuivatatud siseelundid &#8211; siga).<br \/>&#13;<br \/>\n<br \/>&#13;<br \/>\n<b>Anal\u00fc\u00fctilised koostisosad<\/b><br \/>&#13;<br \/>\nToorproteiin 74,4 %, toorrasv 10,6 %, niiskus 10,6 %.<br \/>&#13;<br \/>\n<br \/>&#13;<br \/>\n<b>Metaboliseeruv energia<\/b><br \/>&#13;<br \/>\n410 kcal \/ 100 g<br \/>&#13;<br \/>\n<br \/>&#13;<br \/>\n<b>S\u00f6\u00f6tmisjuhend<\/b><br \/>&#13;<br \/>\nAndke maiust vastavalt lemmiku suurusele. Tagage lemmikule alati v\u00e4rske vee olemasolu.<\/p>\n","protected":false},"excerpt":{"rendered":"<p>Eestis toodetud naturaalne kuivatatud maius.<\/p>\n","protected":false},"featured_media":18951,"template":"","meta":[],"product_cat":[1317,688],"product_tag":[],"class_list":{"0":"post-18950","1":"product","2":"type-product","3":"status-publish","4":"has-post-thumbnail","6":"product_cat-koerte-narimismaiused","7":"product_cat-koerad","8":"pa_brand-tessa","9":"pa_ean-3437","10":"pa_kaal-0-100","11":"pa_tootjariik-eesti","13":"first","14":"instock","15":"taxable","16":"shipping-taxable","17":"purchasable","18":"product-type-simple"},"_links":{"self":[{"href":"https:\/\/kasskoer.ee\/en\/wp-json\/wp\/v2\/product\/18950","targetHints":{"allow":["GET"]}}],"collection":[{"href":"https:\/\/kasskoer.ee\/en\/wp-json\/wp\/v2\/product"}],"about":[{"href":"https:\/\/kasskoer.ee\/en\/wp-json\/wp\/v2\/types\/product"}],"wp:featuredmedia":[{"embeddable":true,"href":"https:\/\/kasskoer.ee\/en\/wp-json\/wp\/v2\/media\/18951"}],"wp:attachment":[{"href":"https:\/\/kasskoer.ee\/en\/wp-json\/wp\/v2\/media?parent=18950"}],"wp:term":[{"taxonomy":"product_cat","embeddable":true,"href":"https:\/\/kasskoer.ee\/en\/wp-json\/wp\/v2\/product_cat?post=18950"},{"taxonomy":"product_tag","embeddable":true,"href":"https:\/\/kasskoer.ee\/en\/wp-json\/wp\/v2\/product_tag?post=18950"}],"curies":[{"name":"wp","href":"https:\/\/api.w.org\/{rel}","templated":true}]}}