{"id":18960,"date":"2026-04-20T03:05:11","date_gmt":"2026-04-20T00:05:11","guid":{"rendered":"https:\/\/kasskoer.ee\/product\/tessa-kuivatatud-seanahk-koertele-100g\/"},"modified":"2026-04-20T03:05:13","modified_gmt":"2026-04-20T00:05:13","slug":"tessa-kuivatatud-seanahk-koertele-100g","status":"publish","type":"product","link":"https:\/\/kasskoer.ee\/en\/toode\/tessa-kuivatatud-seanahk-koertele-100g\/","title":{"rendered":"Tessa kuivatatud seanahk koertele 100g"},"content":{"rendered":"<p><b>Tessa kuivatatud seanahk &#8211; naturaalne s\u00f6\u00f6damaterjal igas vanuses koertele.<\/b>&#13;<\/p>\n<li>Tooraine ainult Eestis heaolu farmides kasvatatud sigadest.<\/li>\n<p>&#13;<\/p>\n<li>Madalal temperatuuril kuivatatud &#8211; s\u00e4ilitab naturaalse maitse ja toitained.<\/li>\n<p>&#13;<\/p>\n<li>Rahuldab koera loomulikku n\u00e4rimisvajadust ning mehaanilise toimega aitab v\u00e4hendada hambakattu.<\/li>\n<p>&#13;<\/p>\n<li>Naturaalne kollageen \u2013 toetab naha, karvkatte ja liigeste tervist.<\/li>\n<p>&#13;<\/p>\n<li>100% naturaalne &#8211; ei sisalda s\u00e4ilitusaineid ega kunstlikke l\u00f5hna- ja v\u00e4rvaineid.<\/li>\n<p>&#13;<\/p>\n<li>L\u00fchike tarneahel &#8211; v\u00e4iksem s\u00fcsinikujalaj\u00e4lg ja keskkonnas\u00f5bralikum valik.<\/li>\n<p>&#13;<br \/>\n<br \/>&#13;<br \/>\n<b>Koostis<\/b><br \/>&#13;<br \/>\nLoomsed k\u00f5rvalsaadused (kuivatatud nahk &#8211; siga).<br \/>&#13;<br \/>\n<br \/>&#13;<br \/>\n<b>Anal\u00fc\u00fctilised koostisosad<\/b><br \/>&#13;<br \/>\nToorproteiin 37,2 %, toorrasv 54,4 %, niiskus 4,1 %.<br \/>&#13;<br \/>\n<br \/>&#13;<br \/>\n<b>Metaboliseeruv energia<\/b><br \/>&#13;<br \/>\n481 kcal \/ 100 g<br \/>&#13;<br \/>\n<br \/>&#13;<br \/>\n<b>S\u00f6\u00f6tmisjuhend<\/b><br \/>&#13;<br \/>\nAndke maiust vastavalt koera suurusele. Tagage koerale alati v\u00e4rske vee olemasolu.<\/p>\n","protected":false},"excerpt":{"rendered":"<p>Eestis toodetud naturaalne kuivatatud maius.<\/p>\n","protected":false},"featured_media":18961,"template":"","meta":[],"product_cat":[1317,688],"product_tag":[],"class_list":{"0":"post-18960","1":"product","2":"type-product","3":"status-publish","4":"has-post-thumbnail","6":"product_cat-koerte-narimismaiused","7":"product_cat-koerad","8":"pa_brand-tessa","9":"pa_ean-3442","10":"pa_kaal-0-100","11":"pa_tootjariik-eesti","13":"first","14":"instock","15":"sale","16":"taxable","17":"shipping-taxable","18":"purchasable","19":"product-type-simple"},"_links":{"self":[{"href":"https:\/\/kasskoer.ee\/en\/wp-json\/wp\/v2\/product\/18960","targetHints":{"allow":["GET"]}}],"collection":[{"href":"https:\/\/kasskoer.ee\/en\/wp-json\/wp\/v2\/product"}],"about":[{"href":"https:\/\/kasskoer.ee\/en\/wp-json\/wp\/v2\/types\/product"}],"wp:featuredmedia":[{"embeddable":true,"href":"https:\/\/kasskoer.ee\/en\/wp-json\/wp\/v2\/media\/18961"}],"wp:attachment":[{"href":"https:\/\/kasskoer.ee\/en\/wp-json\/wp\/v2\/media?parent=18960"}],"wp:term":[{"taxonomy":"product_cat","embeddable":true,"href":"https:\/\/kasskoer.ee\/en\/wp-json\/wp\/v2\/product_cat?post=18960"},{"taxonomy":"product_tag","embeddable":true,"href":"https:\/\/kasskoer.ee\/en\/wp-json\/wp\/v2\/product_tag?post=18960"}],"curies":[{"name":"wp","href":"https:\/\/api.w.org\/{rel}","templated":true}]}}