{"id":18967,"date":"2026-04-20T03:05:42","date_gmt":"2026-04-20T00:05:42","guid":{"rendered":"https:\/\/kasskoer.ee\/product\/koerustukk-seakorvad-koerale-4tk\/"},"modified":"2026-04-20T03:05:44","modified_gmt":"2026-04-20T00:05:44","slug":"koerustukk-seakorvad-koerale-4tk","status":"publish","type":"product","link":"https:\/\/kasskoer.ee\/en\/toode\/koerustukk-seakorvad-koerale-4tk\/","title":{"rendered":"Koerust\u00fckk seak\u00f5rvad koerale 4tk"},"content":{"rendered":"<p><b>Koerust\u00fckk kuivatatud seak\u00f5rv &#8211; naturaalne s\u00f6\u00f6damaterjal koertele.<\/b>&#13;<\/p>\n<li>Suurep\u00e4rane valik koera loomuliku n\u00e4rimisvajaduse rahuldamiseks.<\/li>\n<p>&#13;<\/p>\n<li>Naturaalse maiuse n\u00e4rimine v\u00e4hendada hambakattu.<\/li>\n<p>&#13;<\/p>\n<li>Naturaalne kollageen \u2013 toetab naha, karvkatte ja liigeste tervist.<\/li>\n<p>&#13;<\/p>\n<li>100% naturaalne &#8211; ei sisalda s\u00e4ilitusaineid ega kunstlikke l\u00f5hna- ja v\u00e4rvaineid.<\/li>\n<p>&#13;<br \/>\n<br \/>&#13;<br \/>\n<b>Koostis<\/b><br \/>&#13;<br \/>\n100% naturaalne seak\u00f5rv.<br \/>&#13;<br \/>\n<br \/>&#13;<br \/>\n<b>Anal\u00fc\u00fctilised koostisosad<\/b><br \/>&#13;<br \/>\nToorvalk 63,8%, toorrasv 20%, niiskus 8,6%, toortuhk 2,50%, toorkiud 3,9%.<br \/>&#13;<br \/>\n<br \/>&#13;<br \/>\n<b>S\u00f6\u00f6tmisjuhend<\/b><br \/>&#13;<br \/>\nAndke maiust vastavalt koera suurusele. Tagage koerale alati v\u00e4rske vee olemasolu.<\/p>\n","protected":false},"excerpt":{"rendered":"<p>100% naturaalne kuivatatud maius lemmikule.<\/p>\n","protected":false},"featured_media":18968,"template":"","meta":[],"product_cat":[1317,688],"product_tag":[],"class_list":{"0":"post-18967","1":"product","2":"type-product","3":"status-publish","4":"has-post-thumbnail","6":"product_cat-koerte-narimismaiused","7":"product_cat-koerad","8":"pa_brand-koerustukk","9":"pa_ean-3444","10":"pa_kaal-0-200","11":"pa_tootjariik-euroopa-liit","13":"first","14":"instock","15":"taxable","16":"shipping-taxable","17":"purchasable","18":"product-type-simple"},"_links":{"self":[{"href":"https:\/\/kasskoer.ee\/en\/wp-json\/wp\/v2\/product\/18967","targetHints":{"allow":["GET"]}}],"collection":[{"href":"https:\/\/kasskoer.ee\/en\/wp-json\/wp\/v2\/product"}],"about":[{"href":"https:\/\/kasskoer.ee\/en\/wp-json\/wp\/v2\/types\/product"}],"wp:featuredmedia":[{"embeddable":true,"href":"https:\/\/kasskoer.ee\/en\/wp-json\/wp\/v2\/media\/18968"}],"wp:attachment":[{"href":"https:\/\/kasskoer.ee\/en\/wp-json\/wp\/v2\/media?parent=18967"}],"wp:term":[{"taxonomy":"product_cat","embeddable":true,"href":"https:\/\/kasskoer.ee\/en\/wp-json\/wp\/v2\/product_cat?post=18967"},{"taxonomy":"product_tag","embeddable":true,"href":"https:\/\/kasskoer.ee\/en\/wp-json\/wp\/v2\/product_tag?post=18967"}],"curies":[{"name":"wp","href":"https:\/\/api.w.org\/{rel}","templated":true}]}}