{"id":18986,"date":"2026-04-20T03:05:11","date_gmt":"2026-04-20T00:05:11","guid":{"rendered":"https:\/\/kasskoer.ee\/product\/carnilove-dog-snack-sardines-wild-garlic-maiused-koerale-200g\/"},"modified":"2026-04-20T03:05:12","modified_gmt":"2026-04-20T00:05:12","slug":"carnilove-dog-snack-sardines-wild-garlic-maiused-koerale-200g","status":"publish","type":"product","link":"https:\/\/kasskoer.ee\/en\/toode\/carnilove-dog-snack-sardines-wild-garlic-maiused-koerale-200g\/","title":{"rendered":"Carnilove Dog Snack Sardines &#038; Wild Garlic maiused koerale 200g"},"content":{"rendered":"<p><b>Carnilove funktsionaalne pehme koeramaius sardiinid maitsestatud karulauguga tervisliku vananemise toetamiseks. T\u00e4iends\u00f6\u00f6t koertele.<\/b>&#13;<\/p>\n<li>Teraviljavaba.<\/li>\n<p>&#13;<\/p>\n<li>V\u00e4rvainevaba.<\/li>\n<p>&#13;<\/p>\n<li>Sobib k\u00f5igile koertele.<\/li>\n<p>&#13;<\/p>\n<li>Karulauk toetab vananevate koerte tervist.<\/li>\n<p>&#13;<br \/>\n<br \/>&#13;<br \/>\n<b>Koostis<\/b><br \/>&#13;<br \/>\n35% kuivatatud sardiinid, kollased herned, vedel taimne t\u00e4rklis, sardiinikaste, linnumaksa kaste, kollageen, 1% karulauk, l\u00f5he\u00f5li.<br \/>&#13;<br \/>\n<br \/>&#13;<br \/>\n<b>Anal\u00fc\u00fctilised koostisosad<\/b><br \/>&#13;<br \/>\nToorvalk 30,0 %, toorrasv 5,0 %, niiskus 17,0 %, toortuhk 6,5 %, toorkiud 1,0 %, kaltsium 0,9 %, fosfor 0,8 %, oomega-3 0,3 %, oomega-6 0,5 %.<br \/>&#13;<br \/>\n<br \/>&#13;<br \/>\n<b>S\u00f6\u00f6dalisandid<\/b><br \/>&#13;<br \/>\nSisaldab looduslikke s\u00e4ilitusaineid: sidrunhape, DL-\u00f5unhape.<br \/>&#13;<br \/>\n<br \/>&#13;<br \/>\n<b>Metaboliseeruv energia<\/b><br \/>&#13;<br \/>\n3 170 kcal \/ kg<br \/>&#13;<br \/>\n<br \/>&#13;<br \/>\n<b>S\u00f6\u00f6tmisjuhend<\/b><br \/>&#13;<br \/>\nPoolniiske maius, mis on maitsev preemia ja ideaalne t\u00e4iendus sinu koera tavap\u00e4rasele toidule. Paku igap\u00e4evaselt preemiana, positiivse motiveerimise treeninguks v\u00f5i lihtsalt \u00fchiste hetkede nautimiseks p\u00e4eva jooksul. Veendu, et sinu koeral oleks alati piisavalt v\u00e4rsket joogivett. Hoida kuivas ja jahedas, v\u00e4ltida otsest p\u00e4ikesevalgust. P\u00e4rast avamist sulgeda pakend uuesti.<\/p>\n","protected":false},"excerpt":{"rendered":"<p>Funktsionaalne pehme koeramaius sardiini ja karulauguga tervisliku vananemise toetamiseks.<\/p>\n","protected":false},"featured_media":18987,"template":"","meta":[],"product_cat":[1210,688],"product_tag":[],"class_list":{"0":"post-18986","1":"product","2":"type-product","3":"status-publish","4":"has-post-thumbnail","6":"product_cat-koerte-maiused","7":"product_cat-koerad","8":"pa_brand-carnilove","9":"pa_ean-3450","10":"pa_kaal-0-200","11":"pa_tootjariik-tsehhi","13":"first","14":"instock","15":"taxable","16":"shipping-taxable","17":"purchasable","18":"product-type-simple"},"_links":{"self":[{"href":"https:\/\/kasskoer.ee\/en\/wp-json\/wp\/v2\/product\/18986","targetHints":{"allow":["GET"]}}],"collection":[{"href":"https:\/\/kasskoer.ee\/en\/wp-json\/wp\/v2\/product"}],"about":[{"href":"https:\/\/kasskoer.ee\/en\/wp-json\/wp\/v2\/types\/product"}],"wp:featuredmedia":[{"embeddable":true,"href":"https:\/\/kasskoer.ee\/en\/wp-json\/wp\/v2\/media\/18987"}],"wp:attachment":[{"href":"https:\/\/kasskoer.ee\/en\/wp-json\/wp\/v2\/media?parent=18986"}],"wp:term":[{"taxonomy":"product_cat","embeddable":true,"href":"https:\/\/kasskoer.ee\/en\/wp-json\/wp\/v2\/product_cat?post=18986"},{"taxonomy":"product_tag","embeddable":true,"href":"https:\/\/kasskoer.ee\/en\/wp-json\/wp\/v2\/product_tag?post=18986"}],"curies":[{"name":"wp","href":"https:\/\/api.w.org\/{rel}","templated":true}]}}