{"id":18989,"date":"2026-04-20T03:05:11","date_gmt":"2026-04-20T00:05:11","guid":{"rendered":"https:\/\/kasskoer.ee\/product\/brit-veterinary-diet-gastrointestinal-low-fat-konserv-koerale-200g\/"},"modified":"2026-04-20T03:05:12","modified_gmt":"2026-04-20T00:05:12","slug":"brit-veterinary-diet-gastrointestinal-low-fat-konserv-koerale-200g","status":"publish","type":"product","link":"https:\/\/kasskoer.ee\/en\/toode\/brit-veterinary-diet-gastrointestinal-low-fat-konserv-koerale-200g\/","title":{"rendered":"Brit Veterinary Diet Gastrointestinal &#8211; Low Fat konserv koerale 200g"},"content":{"rendered":"<p><b>Brit Gastrointestinal &#8211; Low Fat t\u00e4isdieettoit rasvade imendumish\u00e4iretega v\u00e4ikest t\u00f5ugu koertele.<\/b><br \/>&#13;<br \/>\n<br \/>&#13;<br \/>\n<b>N\u00e4idustused<\/b>&#13;<\/p>\n<li>Toitaineline tugi pankreatiidi korral.<\/li>\n<p>&#13;<\/p>\n<li>Sobib koertele, kes p\u00f5evad triadiiti.<\/li>\n<p>&#13;<\/p>\n<li>V\u00e4hendab valgukaotusega enteropaatia s\u00fcmptomeid.<\/li>\n<p>&#13;<br \/>\n<br \/>&#13;<br \/>\n<b>Koostis<\/b><br \/>&#13;<br \/>\nTuunikala (40%), lamba magu (20%), \u00f5llep\u00e4rm (3%), hernejahu (1,5%), lignotselluloos (0,5%), ps\u00fclliumikestad ja -seemned (0,5%), kuivatatud vetikad (0,5%, Ascophyllum nodosum), kaltsiumkarbonaat (0,4%), mannan-oligosahhariidid (0,005%), \u03b2-gl\u00fckaanid (0,005%), frukto-oligosahhariidid (0,004%), t\u00e4\u00e4kliilia (Mojave yucca) (0,004%), kuivatatud astelpaju (0,004%).&#13;<br \/>\n<br \/>&#13;<br \/>\n<br \/><b>Anal\u00fc\u00fctilised koostisosad<\/b><br \/>&#13;<br \/>\nToorvalk 8,0 %, toorrasv 2,0 %, toortuhk 3,0 %, niiskus 78,0 %, toorkiud 1,0 %, \u00fcldsuhkrud (NFE alusel) 8,0 %, kaltsium 0,4 %, fosfor 0,3 %, naatrium 0,3 %, magneesium 0,04 %, kaalium 0,5 %, oomega-3 rasvhapped 0,05 %, oomega-6 rasvhapped 0,05 %.&#13;<br \/>\n<br \/>&#13;<br \/>\n<br \/><b>S\u00f6\u00f6dalisandid<\/b><br \/>&#13;<br \/>\nToitainelised lisandid: vitamiin D3 (3a671) 400 R\u00dc, vitamiin E (3a700) 200 mg, vitamiin B1 (3a821) 4,0 mg, biotiin (3a880) 0,5 mg, tsink (3b612) 25 mg, raud (3b107) 10 mg, mangaan (3b505) 3 mg, kaaliumjodiid (3b201) 0,6 mg, vask (3b407) 2,4 mg, tauriin (3a370) 1000 mg, L-karnitiin (3a910) 80 mg, tauriin (3a370) 500 mg, naatriumglutamaat (2b621) 3000 mg, L-arginiin (3c364) 1000 mg. Tehnoloogilised lisandid: klinoptiloliit settekivimitest (1g568) 20 000 mg.<br \/>&#13;<br \/>\n<br \/><b>Metaboliseeruv energia<\/b><br \/>&#13;<br \/>\n775 kcal\/kg<br \/>&#13;<br \/>\n<br \/>&#13;<br \/>\n<b>S\u00f6\u00f6tmisjuhend<\/b><br \/>&#13;<br \/>\nKonsulteerige enne Brit VD toidu kasutamist oma veterinaararstiga. Kui kasutate koos kuivtoiduga Brit VD Dog Grain Free Gastrointestinal Low Fat, v\u00e4hendage p\u00e4evast annust vastavalt. Kergesti seeditav toit \u2013 seedeh\u00e4irete korral algselt kuni 12 n\u00e4dalat ja kroonilise pankrease puudulikkuse korral kogu eluks. K\u00f5igil juhtudel soovitatakse enne kasutamist v\u00f5i kasutusperioodi pikendamist konsulteerida veterinaararstiga. Tagage oma koerale pidev juurdep\u00e4\u00e4s v\u00e4rskele joogiveele.<\/p>\n","protected":false},"excerpt":{"rendered":"<p>Brit Veterinary madala rasvasisaldusega konserv seedetrakti h\u00e4iretega koertele.<\/p>\n","protected":false},"featured_media":18990,"template":"","meta":[],"product_cat":[688,106],"product_tag":[],"class_list":{"0":"post-18989","1":"product","2":"type-product","3":"status-publish","4":"has-post-thumbnail","6":"product_cat-koerad","7":"product_cat-konservid-koertele","8":"pa_brand-brit-gf-veterinary-diet","9":"pa_ean-3451","10":"pa_kaal-0-200","11":"pa_tootjariik-tsehhi","13":"first","14":"instock","15":"taxable","16":"shipping-taxable","17":"purchasable","18":"product-type-simple"},"_links":{"self":[{"href":"https:\/\/kasskoer.ee\/en\/wp-json\/wp\/v2\/product\/18989","targetHints":{"allow":["GET"]}}],"collection":[{"href":"https:\/\/kasskoer.ee\/en\/wp-json\/wp\/v2\/product"}],"about":[{"href":"https:\/\/kasskoer.ee\/en\/wp-json\/wp\/v2\/types\/product"}],"wp:featuredmedia":[{"embeddable":true,"href":"https:\/\/kasskoer.ee\/en\/wp-json\/wp\/v2\/media\/18990"}],"wp:attachment":[{"href":"https:\/\/kasskoer.ee\/en\/wp-json\/wp\/v2\/media?parent=18989"}],"wp:term":[{"taxonomy":"product_cat","embeddable":true,"href":"https:\/\/kasskoer.ee\/en\/wp-json\/wp\/v2\/product_cat?post=18989"},{"taxonomy":"product_tag","embeddable":true,"href":"https:\/\/kasskoer.ee\/en\/wp-json\/wp\/v2\/product_tag?post=18989"}],"curies":[{"name":"wp","href":"https:\/\/api.w.org\/{rel}","templated":true}]}}