{"id":18993,"date":"2026-04-20T03:05:11","date_gmt":"2026-04-20T00:05:11","guid":{"rendered":"https:\/\/kasskoer.ee\/product\/brit-care-raw-kulmkuivatatud-maius-urinary-steriliseeritud-kassidele-40g\/"},"modified":"2026-04-20T03:05:12","modified_gmt":"2026-04-20T00:05:12","slug":"brit-care-raw-kulmkuivatatud-maius-urinary-steriliseeritud-kassidele-40g","status":"publish","type":"product","link":"https:\/\/kasskoer.ee\/en\/toode\/brit-care-raw-kulmkuivatatud-maius-urinary-steriliseeritud-kassidele-40g\/","title":{"rendered":"Brit Care Raw k\u00fclmkuivatatud maius Urinary steriliseeritud kassidele 40g"},"content":{"rendered":"<p><b>Brit k\u00fclmkuivatatud kana ja kalkuniga t\u00e4iends\u00f6\u00f6t steriliseeritud kassidele. Sobib suurep\u00e4raselt maiusena v\u00f5i funktsionaalse lisandina toidule.<\/b>&#13;<\/p>\n<li>96% k\u00fclmkuivatatud v\u00e4rsket liha.<\/li>\n<p>&#13;<\/p>\n<li>Naturaalne.<\/li>\n<p>&#13;<\/p>\n<li>Sisaldab probiootikume soolestiku tervise ja immuunsuse toetamiseks.<\/li>\n<p>&#13;<\/p>\n<li>Sisaldab j\u00f5hvikaid kuseteede tervise toetamiseks.<\/li>\n<p>&#13;<br \/>\n<br \/>&#13;<br \/>\n<b>Koostis<\/b><br \/>&#13;<br \/>\nV\u00e4rske kana l\u00f5iked (70%), v\u00e4rske kalkuni l\u00f5iked (26%), lignotselluloos (2%), j\u00f5hvikad (1%), h\u00fcdrol\u00fc\u00fcsitud p\u00e4rm (0,5%, inositiooli ja aminohapete allikas), inaktiveeritud bakterid ja nende osad (Lactobacillus helveticus HA \u2013 122, 15&#215;10^9 rakku\/kg).<br \/>&#13;<br \/>\n<br \/><b>Anal\u00fc\u00fctilised koostisosad<\/b><br \/>&#13;<br \/>\nToorvalk 42,0%, toorrasv 35,0%, toorkiud 2,5%, toortuhk 10,0%, niiskus 4,0%, kaltsium 3,0%, fosfor 2,0%, naatrium 1,0%.<br \/>&#13;<br \/>\n<br \/>&#13;<br \/>\n<b>S\u00f6\u00f6dalisandid<\/b><br \/>&#13;<br \/>\nSisaldab looduslikke antioks\u00fcdante: tokoferooli ekstraktid taime\u00f5lidest (1b306(i)), askorb\u00fc\u00fclpalmitaat (1b304). Sisaldab EL-i poolt heaks kiidetud s\u00e4ilitusaineid: sidrunhape (1a330).<br \/>&#13;<br \/>\n<br \/>&#13;<br \/>\n<b>Metaboliseeruv energia<\/b><br \/>&#13;<br \/>\n4870 kcal\/kg<br \/>&#13;<br \/>\n<br \/>&#13;<br \/>\n<b>S\u00f6\u00f6tmisjuhend<\/b><br \/>&#13;<br \/>\nK\u00fclmkuivatatud maius on m\u00f5eldud t\u00e4iendama, mitte asendama t\u00e4isv\u00e4\u00e4rtuslikku ja tasakaalustatud toitu. Serveeri umbes 2 tk iga kassi kehakaalu kilogrammi kohta, kuid \u00e4ra \u00fcleta 10% kassi p\u00e4evasest toidukogusest. Kui maiused on su kassi jaoks liiga suured, purusta need enne serveerimist. Isu tekitamiseks purusta 5\u201310 k\u00fclmkuivatatud maiust oma kassi tavalise toidu peale. Tagage, et teie neljajalgsel s\u00f5bral on alati piisavalt v\u00e4rsket joogivett. Hoida kuivas ja jahedas kohas, eemal otsesest p\u00e4ikesevalgusest. Sulge pakend p\u00e4rast avamist.<\/p>\n","protected":false},"excerpt":{"rendered":"<p>Brit k\u00fclmkuivatatud maiused kana ja kalkuniga kassidele.<\/p>\n","protected":false},"featured_media":18994,"template":"","meta":[],"product_cat":[1211],"product_tag":[],"class_list":{"0":"post-18993","1":"product","2":"type-product","3":"status-publish","4":"has-post-thumbnail","6":"product_cat-kasside-maiused","7":"pa_brand-brit-care","8":"pa_ean-3453","9":"pa_kaal-0-040","10":"pa_tootjariik-eesti","12":"first","13":"instock","14":"taxable","15":"shipping-taxable","16":"purchasable","17":"product-type-simple"},"_links":{"self":[{"href":"https:\/\/kasskoer.ee\/en\/wp-json\/wp\/v2\/product\/18993","targetHints":{"allow":["GET"]}}],"collection":[{"href":"https:\/\/kasskoer.ee\/en\/wp-json\/wp\/v2\/product"}],"about":[{"href":"https:\/\/kasskoer.ee\/en\/wp-json\/wp\/v2\/types\/product"}],"wp:featuredmedia":[{"embeddable":true,"href":"https:\/\/kasskoer.ee\/en\/wp-json\/wp\/v2\/media\/18994"}],"wp:attachment":[{"href":"https:\/\/kasskoer.ee\/en\/wp-json\/wp\/v2\/media?parent=18993"}],"wp:term":[{"taxonomy":"product_cat","embeddable":true,"href":"https:\/\/kasskoer.ee\/en\/wp-json\/wp\/v2\/product_cat?post=18993"},{"taxonomy":"product_tag","embeddable":true,"href":"https:\/\/kasskoer.ee\/en\/wp-json\/wp\/v2\/product_tag?post=18993"}],"curies":[{"name":"wp","href":"https:\/\/api.w.org\/{rel}","templated":true}]}}