{"id":18995,"date":"2026-04-20T03:05:11","date_gmt":"2026-04-20T00:05:11","guid":{"rendered":"https:\/\/kasskoer.ee\/product\/brit-veterinary-diet-recovery-konserv-koertele-ja-kassidele-200g\/"},"modified":"2026-04-20T03:05:12","modified_gmt":"2026-04-20T00:05:12","slug":"brit-veterinary-diet-recovery-konserv-koertele-ja-kassidele-200g","status":"publish","type":"product","link":"https:\/\/kasskoer.ee\/en\/toode\/brit-veterinary-diet-recovery-konserv-koertele-ja-kassidele-200g\/","title":{"rendered":"Brit Veterinary Diet Recovery konserv koertele ja kassidele 200g"},"content":{"rendered":"<p><b>Brit Recovery t\u00e4isdieettoit toitainete taastamiseks organismis peale rasket haigust v\u00f5i operatsiooni koertele ja kassidele.<\/b><br \/>&#13;<br \/>\n<br \/>&#13;<br \/>\n<b>N\u00e4idustused<\/b>&#13;<\/p>\n<li>Taastumise ajal.<\/li>\n<p>&#13;<\/p>\n<li>Taastumine p\u00e4rast operatsiooni v\u00f5i rasket haigust.<\/li>\n<p>&#13;<\/p>\n<li>V\u00e4henenud s\u00f6\u00f6giisu.<\/li>\n<p>&#13;<br \/>\n<br \/>&#13;<br \/>\n<b>Koostis<\/b><br \/>&#13;<br \/>\nL\u00f5he (30%), kanamaks (25%), hernejahu (1,5%), \u00f5llep\u00e4rm (1,5%), vetika\u00f5li (0,6%, Schizochytrium limacinum), lignotselluloos (0,5%), ps\u00fclliumikestad ja -seemned (0,5%), kuivatatud vetikad (0,5%, Ascophyllum nodosum), kaltsiumkarbonaat (0,4%), vetika\u00f5li (0,3%, Schizochytrium limacinum), mannan-oligosahhariidid (0,006%), \u03b2-gl\u00fckaanid (0,005%), frukto-oligosahhariidid (0,005%), t\u00e4\u00e4kliilia (Mojave yucca) (0,005%), kuivatatud astelpaju (0,004%).&#13;<br \/>\n<br \/>&#13;<br \/>\n<br \/><b>Anal\u00fc\u00fctilised koostisosad<\/b><br \/>&#13;<br \/>\nToorvalk 8,0 %, toorrasv 8,5 %, toortuhk 2,0 %, niiskus 78,0 %, toorkiud 1,0 %, kaltsium 0,3 %, fosfor 0,2 %, naatrium 0,3 %, magneesium 0,04 %, EPA (20:5 n-3) 0,01 %, DHA (22:6 n-3) 0,15 %, oomega-3 rasvhapped 0,15 %, oomega-6 rasvhapped 2,3 %.&#13;<br \/>\n<br \/>&#13;<br \/>\n<br \/><b>S\u00f6\u00f6dalisandid<\/b><br \/>&#13;<br \/>\nToitainelised lisandid: vitamiin D3 (3a671) 400 R\u00dc, vitamiin E (3a700) 200 mg, vitamiin C (3a312) 150 mg, vitamiin B1 (3a821) 4,0 mg, biotiin (3a880) 0,5 mg, tsink (3b612) 25 mg, raud (3b107) 10 mg, mangaan (3b505) 3 mg, kaaliumjodiid (3b201) 0,6 mg, vask (3b407) 2,4 mg, tauriin (3a370) 1000 mg, naatriumglutamaat (2b621) 3000 mg, L-arginiin (3c364) 1000 mg, L-metioniin (3c305) 2000 mg.<br \/>&#13;<br \/>\n<br \/><b>Metaboliseeruv energia<\/b><br \/>&#13;<br \/>\n1101 kcal\/kg<br \/>&#13;<br \/>\n<br \/>&#13;<br \/>\n<b>S\u00f6\u00f6tmisjuhend<\/b><br \/>&#13;<br \/>\nKonsulteerige enne Brit VD toidu kasutamist oma veterinaararstiga. Kasutage esialgu taastumisperioodil v\u00f5i vajaliku kaalu saavutamiseks.<\/p>\n","protected":false},"excerpt":{"rendered":"<p>Brit Veterinary taastumist toetav konserv koertele ja kassidele.<\/p>\n","protected":false},"featured_media":18996,"template":"","meta":[],"product_cat":[688,106],"product_tag":[],"class_list":{"0":"post-18995","1":"product","2":"type-product","3":"status-publish","4":"has-post-thumbnail","6":"product_cat-koerad","7":"product_cat-konservid-koertele","8":"pa_brand-brit-gf-veterinary-diet","9":"pa_ean-3454","10":"pa_kaal-0-200","11":"pa_tootjariik-tsehhi","13":"first","14":"instock","15":"taxable","16":"shipping-taxable","17":"purchasable","18":"product-type-simple"},"_links":{"self":[{"href":"https:\/\/kasskoer.ee\/en\/wp-json\/wp\/v2\/product\/18995","targetHints":{"allow":["GET"]}}],"collection":[{"href":"https:\/\/kasskoer.ee\/en\/wp-json\/wp\/v2\/product"}],"about":[{"href":"https:\/\/kasskoer.ee\/en\/wp-json\/wp\/v2\/types\/product"}],"wp:featuredmedia":[{"embeddable":true,"href":"https:\/\/kasskoer.ee\/en\/wp-json\/wp\/v2\/media\/18996"}],"wp:attachment":[{"href":"https:\/\/kasskoer.ee\/en\/wp-json\/wp\/v2\/media?parent=18995"}],"wp:term":[{"taxonomy":"product_cat","embeddable":true,"href":"https:\/\/kasskoer.ee\/en\/wp-json\/wp\/v2\/product_cat?post=18995"},{"taxonomy":"product_tag","embeddable":true,"href":"https:\/\/kasskoer.ee\/en\/wp-json\/wp\/v2\/product_tag?post=18995"}],"curies":[{"name":"wp","href":"https:\/\/api.w.org\/{rel}","templated":true}]}}