{"id":18997,"date":"2026-04-20T03:05:11","date_gmt":"2026-04-20T00:05:11","guid":{"rendered":"https:\/\/kasskoer.ee\/product\/brit-veterinary-diet-renal-konserv-koertele-200g\/"},"modified":"2026-04-20T03:05:12","modified_gmt":"2026-04-20T00:05:12","slug":"brit-veterinary-diet-renal-konserv-koertele-200g","status":"publish","type":"product","link":"https:\/\/kasskoer.ee\/en\/toode\/brit-veterinary-diet-renal-konserv-koertele-200g\/","title":{"rendered":"Brit Veterinary Diet Renal konserv koertele 200g"},"content":{"rendered":"<p><b>Brit Renal t\u00e4isdieettoit neerude talitluse toetamiseks neerutalitluse h\u00e4iretega ja kroonilise neerupuudulikkusega v\u00e4ikest t\u00f5ugu koertele.<\/b><br \/>&#13;<br \/>\n<br \/>&#13;<br \/>\n<b>N\u00e4idustused<\/b>&#13;<\/p>\n<li>Krooniline neerupuudulikkus.<\/li>\n<p>&#13;<\/p>\n<li>Kardiorenaalne s\u00fcndroom.<\/li>\n<p>&#13;<\/p>\n<li>Uraat- ja ts\u00fcstiinkividega urolitiaas.<\/li>\n<p>&#13;<br \/>\n<br \/>&#13;<br \/>\n<b>Koostis<\/b><br \/>&#13;<br \/>\nTuunikala (40%), l\u00f5he (20%), hernejahu (1,5%), vetika\u00f5li (0,6%, Schizochytrium limacinum), lignotselluloos (0,5%), kaaliumtsitraat (0,5%), kuivatatud vetikad (0,5%, Ascophyllum nodosum), kaltsiumkarbonaat (0,4%), kitosaan (0,02%), mannan-oligosahhariidid (0,005%), frukto-oligosahhariidid (0,005%), t\u00e4\u00e4kliilia (Mojave yucca) (0,004%), \u03b2-gl\u00fckaanid (0,004%), kuivatatud astelpaju (0,003%).&#13;<br \/>\n<br \/>&#13;<br \/>\n<br \/><b>Anal\u00fc\u00fctilised koostisosad<\/b><br \/>&#13;<br \/>\nToorvalk 7,0 %, toorrasv 4,5 %, toortuhk 3,0 %, niiskus 78,0 %, toorkiud 1,0 %, kaltsium 0,4 %, fosfor 0,3 %, naatrium 0,3 %, magneesium 0,03 %, kaalium 0,45 %, arginiin 0,4 %, tauriin 0,1 %, oomega-3 rasvhapped 0,8 %, oomega-6 rasvhapped 0,3 %.&#13;<br \/>\n<br \/>&#13;<br \/>\n<br \/><b>S\u00f6\u00f6dalisandid<\/b><br \/>&#13;<br \/>\nToitainelised lisandid: vitamiin D3 (3a671) 400 R\u00dc, vitamiin E (3a700) 200 mg, vitamiin C (3a312) 150 mg, vitamiin B1 (3a821) 4,0 mg, biotiin (3a880) 0,5 mg, tsink (3b612) 25 mg, raud (3b107) 10 mg, mangaan (3b505) 3 mg, kaaliumjodiid (3b201) 0,6 mg, vask (3b407) 2,4 mg, tauriin (3a370) 1000 mg, L-arginiin (3c364) 700 mg.<br \/>&#13;<br \/>\n<br \/><b>Metaboliseeruv energia<\/b><br \/>&#13;<br \/>\n884 kcal\/kg<br \/>&#13;<br \/>\n<br \/>&#13;<br \/>\n<b>S\u00f6\u00f6tmisjuhend<\/b><br \/>&#13;<br \/>\nKonsulteerige enne Brit VD toidu kasutamist oma veterinaararstiga. Enamik kroonilist neerupuudulikkus p\u00f5devaid koeri kannatab isupuuduse v\u00f5i anoreksia all, mis on tingitud seedetrakti limaskesti \u00e4rritavatest ureemilistest toksiinidest. Isupuuduse ajal toimuv valkude katabolism suurendab ureemiliste toksiinide tootmist ja halvendab seisundit. Seet\u00f5ttu on vajalik s\u00e4ilitada toidu tarbimist ja minna j\u00e4rk-j\u00e4rgult \u00fcle eelmiselt toidult koeratoidule Brit VD Renal Dog.<\/p>\n","protected":false},"excerpt":{"rendered":"<p>Brit Veterinary neerude talitlust toetav koeratoit.<\/p>\n","protected":false},"featured_media":18998,"template":"","meta":[],"product_cat":[688,106],"product_tag":[],"class_list":{"0":"post-18997","1":"product","2":"type-product","3":"status-publish","4":"has-post-thumbnail","6":"product_cat-koerad","7":"product_cat-konservid-koertele","8":"pa_brand-brit-gf-veterinary-diet","9":"pa_ean-3455","10":"pa_kaal-0-200","11":"pa_tootjariik-tsehhi","13":"first","14":"instock","15":"taxable","16":"shipping-taxable","17":"purchasable","18":"product-type-simple"},"_links":{"self":[{"href":"https:\/\/kasskoer.ee\/en\/wp-json\/wp\/v2\/product\/18997","targetHints":{"allow":["GET"]}}],"collection":[{"href":"https:\/\/kasskoer.ee\/en\/wp-json\/wp\/v2\/product"}],"about":[{"href":"https:\/\/kasskoer.ee\/en\/wp-json\/wp\/v2\/types\/product"}],"wp:featuredmedia":[{"embeddable":true,"href":"https:\/\/kasskoer.ee\/en\/wp-json\/wp\/v2\/media\/18998"}],"wp:attachment":[{"href":"https:\/\/kasskoer.ee\/en\/wp-json\/wp\/v2\/media?parent=18997"}],"wp:term":[{"taxonomy":"product_cat","embeddable":true,"href":"https:\/\/kasskoer.ee\/en\/wp-json\/wp\/v2\/product_cat?post=18997"},{"taxonomy":"product_tag","embeddable":true,"href":"https:\/\/kasskoer.ee\/en\/wp-json\/wp\/v2\/product_tag?post=18997"}],"curies":[{"name":"wp","href":"https:\/\/api.w.org\/{rel}","templated":true}]}}