{"id":18999,"date":"2026-04-20T03:05:11","date_gmt":"2026-04-20T00:05:11","guid":{"rendered":"https:\/\/kasskoer.ee\/product\/brit-veterinary-diet-hypoallergenic-konserv-koertele-200g\/"},"modified":"2026-04-20T03:05:12","modified_gmt":"2026-04-20T00:05:12","slug":"brit-veterinary-diet-hypoallergenic-konserv-koertele-200g","status":"publish","type":"product","link":"https:\/\/kasskoer.ee\/en\/toode\/brit-veterinary-diet-hypoallergenic-konserv-koertele-200g\/","title":{"rendered":"Brit Veterinary Diet Hypoallergenic konserv koertele 200g"},"content":{"rendered":"<p><b>Brit Hypoallergenic t\u00e4isdieettoit v\u00e4ikest t\u00f5ugu koertele, kes kannatavad dermatoloogiliste ja seedetrakti probleemide all, mida p\u00f5hjustavad toidust tulenevad soovimatud reaktsioonid (toiduallergia\/-talumatus).<\/b><br \/>&#13;<br \/>\n<br \/>&#13;<br \/>\n<b>N\u00e4idustused<\/b>&#13;<\/p>\n<li>Soovimatud reaktsioonid toidust koos dermatoloogiliste s\u00fcmptomitega.<\/li>\n<p>&#13;<\/p>\n<li>Dermatoloogiliste haiguste (allergia, atoopia ja k\u00f5rvap\u00f5letik) ravi osa.<\/li>\n<p>&#13;<\/p>\n<li>Soovimatud reaktsioonid toidust koos seedetrakti s\u00fcmptomitega.<\/li>\n<p>&#13;<\/p>\n<li>Seedetrakti haiguste (krooniline k\u00f5hulahtisus, p\u00f5letikuline soolehaigus) ravi osa.<\/li>\n<p>&#13;<br \/>\n<br \/>&#13;<br \/>\n<b>Koostis<\/b><br \/>&#13;<br \/>\nL\u00f5he (60%), hernejahu (1,5%), vetika\u00f5li (0,6%, Schizochytrium limacinum), lignotselluloos (0,5%), kuivatatud vetikad (0,5%, Ascophyllum nodosum), kaltsiumkarbonaat (0,4%), vetika\u00f5li (0,3%, Schizochytrium limacinum), mannan-oligosahhariidid (0,005%), \u03b2-gl\u00fckaanid (0,005%), frukto-oligosahhariidid (0,004%), t\u00e4\u00e4kliilia (Mojave yucca) (0,003%), kuivatatud astelpaju (0,003%).&#13;<br \/>\n<br \/>&#13;<br \/>\n<br \/><b>Anal\u00fc\u00fctilised koostisosad<\/b><br \/>&#13;<br \/>\nToorvalk 6,5 %, toorrasv 8,5 %, toortuhk 2,5 %, niiskus 78,0 %, toorkiud 1,0 %, kaltsium 0,3 %, fosfor 0,2 %, naatrium 0,3 %, EPA (20:5 n-3) 0,3 %, DHA (22:6 n-3) 0,4 %, LA (18:2 n-6) 0,9 %, magneesium 0,04 %, oomega-3 rasvhapped 1,5 %, oomega-6 rasvhapped 1,2 %.&#13;<br \/>\n<br \/>&#13;<br \/>\n<br \/><b>S\u00f6\u00f6dalisandid<\/b><br \/>&#13;<br \/>\nToitainelised lisandid: vitamiin D3 (3a671) 400 R\u00dc, vitamiin E (3a700) 200 mg, vitamiin C (3a312) 150 mg, vitamiin B1 (3a821) 4,0 mg, biotiin (3a880) 0,5 mg, tsink (3b612) 25 mg, raud (3b107) 10 mg, mangaan (3b505) 3 mg, kaaliumjodiid (3b201) 0,6 mg, vask (3b407) 2,4 mg, tauriin (3a370) 1000 mg.<br \/>&#13;<br \/>\n<br \/><b>Metaboliseeruv energia<\/b><br \/>&#13;<br \/>\n1080 kcal\/kg<br \/>&#13;<br \/>\n<br \/>&#13;<br \/>\n<b>S\u00f6\u00f6tmisjuhend<\/b><br \/>&#13;<br \/>\nKonsulteerige enne Brit VD toidu kasutamist oma veterinaararstiga. Andke koerale 6\u20138 n\u00e4dalat ainult koeratoitu Brit VD Hypoallergenic Dog ja vett. \u00c4rge andke muid lemmiklooma- v\u00f5i inimeste toite ega suupisteid ja lisandeid. L\u00f5petage kasutamine toidutalumatuse ja\/v\u00f5i -allergia ilmnemise korral. Koeratoitu Brit VD Hypoallergenic Dog v\u00f5ib kasutada \u00fcksk\u00f5ik kui kaua v\u00f5i monoproteiinil p\u00f5hineva dieedi provokatsioonitesti tegemiseks.<\/p>\n","protected":false},"excerpt":{"rendered":"<p>Brit Veterinary h\u00fcpoallergeenne konserv koertele.<\/p>\n","protected":false},"featured_media":19000,"template":"","meta":[],"product_cat":[688,106],"product_tag":[],"class_list":{"0":"post-18999","1":"product","2":"type-product","3":"status-publish","4":"has-post-thumbnail","6":"product_cat-koerad","7":"product_cat-konservid-koertele","8":"pa_brand-brit-gf-veterinary-diet","9":"pa_ean-3456","10":"pa_kaal-0-200","11":"pa_tootjariik-tsehhi","13":"first","14":"instock","15":"taxable","16":"shipping-taxable","17":"purchasable","18":"product-type-simple"},"_links":{"self":[{"href":"https:\/\/kasskoer.ee\/en\/wp-json\/wp\/v2\/product\/18999","targetHints":{"allow":["GET"]}}],"collection":[{"href":"https:\/\/kasskoer.ee\/en\/wp-json\/wp\/v2\/product"}],"about":[{"href":"https:\/\/kasskoer.ee\/en\/wp-json\/wp\/v2\/types\/product"}],"wp:featuredmedia":[{"embeddable":true,"href":"https:\/\/kasskoer.ee\/en\/wp-json\/wp\/v2\/media\/19000"}],"wp:attachment":[{"href":"https:\/\/kasskoer.ee\/en\/wp-json\/wp\/v2\/media?parent=18999"}],"wp:term":[{"taxonomy":"product_cat","embeddable":true,"href":"https:\/\/kasskoer.ee\/en\/wp-json\/wp\/v2\/product_cat?post=18999"},{"taxonomy":"product_tag","embeddable":true,"href":"https:\/\/kasskoer.ee\/en\/wp-json\/wp\/v2\/product_tag?post=18999"}],"curies":[{"name":"wp","href":"https:\/\/api.w.org\/{rel}","templated":true}]}}