{"id":19001,"date":"2026-04-20T03:05:11","date_gmt":"2026-04-20T00:05:11","guid":{"rendered":"https:\/\/kasskoer.ee\/product\/brit-veterinary-diet-hepatic-konserv-koertele-200g\/"},"modified":"2026-04-20T03:05:12","modified_gmt":"2026-04-20T00:05:12","slug":"brit-veterinary-diet-hepatic-konserv-koertele-200g","status":"publish","type":"product","link":"https:\/\/kasskoer.ee\/en\/toode\/brit-veterinary-diet-hepatic-konserv-koertele-200g\/","title":{"rendered":"Brit Veterinary Diet Hepatic konserv koertele 200g"},"content":{"rendered":"<p><b>Brit Hepatic t\u00e4isdieettoit kahjustatud maksatalitlusega v\u00e4ikest t\u00f5ugu koertele.<\/b><br \/>&#13;<br \/>\n<br \/>&#13;<br \/>\n<b>N\u00e4idustused<\/b>&#13;<\/p>\n<li>Maksatalitluse toetamine kroonilise maksapuudulikkuse korral.<\/li>\n<p>&#13;<\/p>\n<li>Portos\u00fcsteemne \u0161unt (PSS).<\/li>\n<p>&#13;<\/p>\n<li>Maksa-entsefalopaatia.<\/li>\n<p>&#13;<\/p>\n<li>M\u00fcrgistusest taastumine.<\/li>\n<p>&#13;<br \/>\n<br \/>&#13;<br \/>\n<b>Koostis<\/b><br \/>&#13;<br \/>\nKalkun (60%), hernejahu (1,5%), lignotselluloos (0,5%), vetika\u00f5li (0,6%, Schizochytrium limacinum), kuivatatud vetikad (0,5%, Ascophyllum nodosum), kaltsiumkarbonaat (0,4%), maarjaohaka seemned (0,2%), mannan-oligosahhariidid (0,005%), frukto-oligosahhariidid (0,005%), t\u00e4\u00e4kliilia (Mojave yucca) (0,0034%), \u03b2-gl\u00fckaanid (0,004%), kuivatatud astelpaju (0,003%).&#13;<br \/>\n<br \/>&#13;<br \/>\n<br \/><b>Anal\u00fc\u00fctilised koostisosad<\/b><br \/>&#13;<br \/>\nToorvalk 8,0 %, toorrasv 9,5 %, toortuhk 2,0 %, niiskus 78,0 %, toorkiud 1,0 %, \u00fcldsuhkrud (NFE alusel) 1,5 %, kaltsium 0,3 %, fosfor 0,2 %, naatrium 0,3 %, magneesium 0,03 %, vask 0,1 %, oomega-3 rasvhapped 0,1 %, oomega-6 rasvhapped 0,2 %.&#13;<br \/>\n<br \/>&#13;<br \/>\n<br \/><b>S\u00f6\u00f6dalisandid<\/b><br \/>&#13;<br \/>\nToitainelised lisandid: vitamiin D3 (3a671) 400 R\u00dc, vitamiin E (3a700) 200 mg, vitamiin C (3a312) 150 mg, vitamiin B1 (3a821) 4,0 mg, biotiin (3a880) 0,5 mg, tsink (3b612) 25 mg, raud (3b107) 10 mg, mangaan (3b505) 3 mg, kaaliumjodiid (3b201) 0,6 mg, tauriin (3a370) 1000 mg, L-karnitiin (3a910) 80 mg.<br \/>&#13;<br \/>\n<br \/><b>Metaboliseeruv energia<\/b><br \/>&#13;<br \/>\n1146 kcal\/kg<br \/>&#13;<br \/>\n<br \/>&#13;<br \/>\n<b>S\u00f6\u00f6tmisjuhend<\/b><br \/>&#13;<br \/>\nKonsulteerige enne Brit VD toidu kasutamist oma veterinaararstiga. Andke koeratoitu Brit VD Hepatic Dog esialgu kuni 6 kuud. Jagage toidu p\u00e4evanorm mitmeks v\u00f5rdseks osaks, pakkudes neid kogu p\u00e4eva v\u00e4ltel. \u00c4rge andke koerale muid lemmiklooma- v\u00f5i inimeste toite ega suupisteid. Kroonilise maksapuudulikkuse korral tuleb seda kasutada elu l\u00f5puni.<\/p>\n","protected":false},"excerpt":{"rendered":"<p>Brit Veterinary maksa funktsiooni toetav konserv koertele.<\/p>\n","protected":false},"featured_media":19002,"template":"","meta":[],"product_cat":[688,106],"product_tag":[],"class_list":{"0":"post-19001","1":"product","2":"type-product","3":"status-publish","4":"has-post-thumbnail","6":"product_cat-koerad","7":"product_cat-konservid-koertele","8":"pa_brand-brit-gf-veterinary-diet","9":"pa_ean-3457","10":"pa_kaal-0-200","11":"pa_tootjariik-tsehhi","13":"first","14":"instock","15":"taxable","16":"shipping-taxable","17":"purchasable","18":"product-type-simple"},"_links":{"self":[{"href":"https:\/\/kasskoer.ee\/en\/wp-json\/wp\/v2\/product\/19001","targetHints":{"allow":["GET"]}}],"collection":[{"href":"https:\/\/kasskoer.ee\/en\/wp-json\/wp\/v2\/product"}],"about":[{"href":"https:\/\/kasskoer.ee\/en\/wp-json\/wp\/v2\/types\/product"}],"wp:featuredmedia":[{"embeddable":true,"href":"https:\/\/kasskoer.ee\/en\/wp-json\/wp\/v2\/media\/19002"}],"wp:attachment":[{"href":"https:\/\/kasskoer.ee\/en\/wp-json\/wp\/v2\/media?parent=19001"}],"wp:term":[{"taxonomy":"product_cat","embeddable":true,"href":"https:\/\/kasskoer.ee\/en\/wp-json\/wp\/v2\/product_cat?post=19001"},{"taxonomy":"product_tag","embeddable":true,"href":"https:\/\/kasskoer.ee\/en\/wp-json\/wp\/v2\/product_tag?post=19001"}],"curies":[{"name":"wp","href":"https:\/\/api.w.org\/{rel}","templated":true}]}}