{"id":19003,"date":"2026-04-20T03:05:11","date_gmt":"2026-04-20T00:05:11","guid":{"rendered":"https:\/\/kasskoer.ee\/product\/brit-veterinary-diet-gastrointestinal-konserv-koertele-200g\/"},"modified":"2026-04-20T03:05:12","modified_gmt":"2026-04-20T00:05:12","slug":"brit-veterinary-diet-gastrointestinal-konserv-koertele-200g","status":"publish","type":"product","link":"https:\/\/kasskoer.ee\/en\/toode\/brit-veterinary-diet-gastrointestinal-konserv-koertele-200g\/","title":{"rendered":"Brit Veterinary Diet Gastrointestinal konserv koertele 200g"},"content":{"rendered":"<p><b>Brit Gastrointestinal t\u00e4isdieettoit seedetrakti h\u00e4iretega v\u00e4ikest t\u00f5ugu koertele.<\/b><br \/>&#13;<br \/>\n<br \/>&#13;<br \/>\n<b>N\u00e4idustused<\/b>&#13;<\/p>\n<li>\u00c4ge gastroenteriit (k\u00f5hulahtisus, oksendamine).<\/li>\n<p>&#13;<\/p>\n<li>Krooniline gastroenteriit (k\u00f5hulahtisus, oksendamine).<\/li>\n<p>&#13;<\/p>\n<li>Seedetrakti rahustamine p\u00e4rast k\u00f5hulahtisust v\u00f5i oksendamist.<\/li>\n<p>&#13;<\/p>\n<li>Pankreatiit.<\/li>\n<p>&#13;<\/p>\n<li>Suurenenud k\u00f5hupuhitus.<\/li>\n<p>&#13;<\/p>\n<li>Seedeh\u00e4ired.<\/li>\n<p>&#13;<\/p>\n<li>Eksokriinne pankrease puudulikkus (EPI).<\/li>\n<p>&#13;<br \/>\n<br \/>&#13;<br \/>\n<b>Koostis<\/b><br \/>&#13;<br \/>\nL\u00f5he (60%), \u00f5llep\u00e4rm (3%), hernejahu (1,5%), lignotselluloos (0,5%), kaltsiumkarbonaat (0,5%), ps\u00fclliumikestad ja -seemned (0,5%), kuivatatud vetikad (0,5%, Ascophyllum nodosum), vetika\u00f5li (0,3%, Schizochytrium limacinum), mannan-oligosahhariidid (0,005%), \u03b2-gl\u00fckaanid (0,005%), frukto-oligosahhariidid (0,004%), t\u00e4\u00e4kliilia (Mojave yucca) (0,004%), kuivatatud astelpaju (0,004%).&#13;<br \/>\n<br \/>&#13;<br \/>\n<br \/><b>Anal\u00fc\u00fctilised koostisosad<\/b><br \/>&#13;<br \/>\nToorvalk 7,5 %, toorrasv 7,5 %, toortuhk 2,5 %, niiskus 78,0 %, toorkiud 1,2 %, kaltsium 0,3 %, fosfor 0,2 %, naatrium 0,3 %, magneesium 0,04 %, kaalium 0,3 %, oomega-3 rasvhapped 1,3 %, oomega-6 rasvhapped 1,2 %.&#13;<br \/>\n<br \/>&#13;<br \/>\n<br \/><b>S\u00f6\u00f6dalisandid<\/b><br \/>&#13;<br \/>\nToitainelised lisandid: vitamiin D3 (3a671) 400 R\u00dc, vitamiin E (3a700) 200 mg, vitamiin C (3a312) 150 mg, vitamiin B1 (3a821) 4,0 mg, biotiin (3a880) 0,5 mg, tsink (3b612) 25 mg, raud (3b107) 10 mg, mangaan (3b505) 3 mg, kaaliumjodiid (3b201) 0,6 mg, vask (3b407) 2,4 mg, tauriin (3a370) 1000 mg, naatriumglutamaat (2b621) 3000 mg, L-arginiin (3c364) 1000 mg. Tehnoloogilised lisandid: klinoptiloliit settekivimitest (1g568) 20 000 mg.<br \/>&#13;<br \/>\n<br \/><b>Metaboliseeruv energia<\/b><br \/>&#13;<br \/>\n1020 kcal\/kg<br \/>&#13;<br \/>\n<br \/>&#13;<br \/>\n<b>S\u00f6\u00f6tmisjuhend<\/b><br \/>&#13;<br \/>\nKonsulteerige enne Brit VD toidu kasutamist oma veterinaararstiga. \u00c4gedate imendumish\u00e4irete korral andke koerale 1\u20133 n\u00e4dalat ainult koeratoitu Brit VD Gastrointestinal Dog ja vett. Soolehatude ja nende funktsiooni t\u00e4ielikuks taastumiseks kulub kuni 3 n\u00e4dalat. Maldigestiooni korral andke koerale koeratoitu Brit VD Gastrointestinal Dog 3\u201312 n\u00e4dalat. Krooniliste seedetrakti h\u00e4irete korral tuleb seda kasutada elu l\u00f5puni.<\/p>\n","protected":false},"excerpt":{"rendered":"<p>Brit Veterinary konserv seedetrakti h\u00e4iretega koertele.<\/p>\n","protected":false},"featured_media":19004,"template":"","meta":[],"product_cat":[688,106],"product_tag":[],"class_list":{"0":"post-19003","1":"product","2":"type-product","3":"status-publish","4":"has-post-thumbnail","6":"product_cat-koerad","7":"product_cat-konservid-koertele","8":"pa_brand-brit-gf-veterinary-diet","9":"pa_ean-3458","10":"pa_kaal-0-200","11":"pa_tootjariik-tsehhi","13":"first","14":"instock","15":"taxable","16":"shipping-taxable","17":"purchasable","18":"product-type-simple"},"_links":{"self":[{"href":"https:\/\/kasskoer.ee\/en\/wp-json\/wp\/v2\/product\/19003","targetHints":{"allow":["GET"]}}],"collection":[{"href":"https:\/\/kasskoer.ee\/en\/wp-json\/wp\/v2\/product"}],"about":[{"href":"https:\/\/kasskoer.ee\/en\/wp-json\/wp\/v2\/types\/product"}],"wp:featuredmedia":[{"embeddable":true,"href":"https:\/\/kasskoer.ee\/en\/wp-json\/wp\/v2\/media\/19004"}],"wp:attachment":[{"href":"https:\/\/kasskoer.ee\/en\/wp-json\/wp\/v2\/media?parent=19003"}],"wp:term":[{"taxonomy":"product_cat","embeddable":true,"href":"https:\/\/kasskoer.ee\/en\/wp-json\/wp\/v2\/product_cat?post=19003"},{"taxonomy":"product_tag","embeddable":true,"href":"https:\/\/kasskoer.ee\/en\/wp-json\/wp\/v2\/product_tag?post=19003"}],"curies":[{"name":"wp","href":"https:\/\/api.w.org\/{rel}","templated":true}]}}