{"id":19007,"date":"2026-04-20T03:05:14","date_gmt":"2026-04-20T00:05:14","guid":{"rendered":"https:\/\/kasskoer.ee\/product\/bubu-pets-kassiliivakuhvel-vintage-rose\/"},"modified":"2026-04-20T03:05:14","modified_gmt":"2026-04-20T00:05:14","slug":"bubu-pets-kassiliivakuhvel-vintage-rose","status":"publish","type":"product","link":"https:\/\/kasskoer.ee\/en\/toode\/bubu-pets-kassiliivakuhvel-vintage-rose\/","title":{"rendered":"Bubu Pets kassiliivak\u00fchvel Vintage Rose"},"content":{"rendered":"<p><b>Bubu Pets suuremate aukudega kassiliivak\u00fchvel, mis laseb puhta liiva kiiresti l\u00e4bi ja teeb liivakasti puhastamise lihtsaks.<\/b>&#13;<\/p>\n<li>Suuremate aukudega s\u00f5el \u2013 sobib j\u00e4medateralistele ja paakuvatele liivadele.<\/li>\n<p>&#13;<\/p>\n<li>Vastupidav plastmaterjal.<\/li>\n<p>&#13;<\/p>\n<li>Mugav k\u00e4epide.<\/li>\n<p>&#13;<\/p>\n<li>Lihtne puhastada.<\/li>\n<p>&#13;<\/p>\n<li>Stiilne ja praktiline disain.<\/li>\n","protected":false},"excerpt":{"rendered":"<p>Vastupidav ja kerge k\u00fchvel tualeti puhastamiseks.<\/p>\n","protected":false},"featured_media":19008,"template":"","meta":[],"product_cat":[1216],"product_tag":[],"class_list":{"0":"post-19007","1":"product","2":"type-product","3":"status-publish","4":"has-post-thumbnail","6":"product_cat-kasside-tarvikud","7":"pa_brand-bubu-pets","8":"pa_ean-3459","9":"pa_kaal-0-050","10":"pa_tootjariik-hiina","12":"first","13":"instock","14":"taxable","15":"shipping-taxable","16":"purchasable","17":"product-type-simple"},"_links":{"self":[{"href":"https:\/\/kasskoer.ee\/en\/wp-json\/wp\/v2\/product\/19007","targetHints":{"allow":["GET"]}}],"collection":[{"href":"https:\/\/kasskoer.ee\/en\/wp-json\/wp\/v2\/product"}],"about":[{"href":"https:\/\/kasskoer.ee\/en\/wp-json\/wp\/v2\/types\/product"}],"wp:featuredmedia":[{"embeddable":true,"href":"https:\/\/kasskoer.ee\/en\/wp-json\/wp\/v2\/media\/19008"}],"wp:attachment":[{"href":"https:\/\/kasskoer.ee\/en\/wp-json\/wp\/v2\/media?parent=19007"}],"wp:term":[{"taxonomy":"product_cat","embeddable":true,"href":"https:\/\/kasskoer.ee\/en\/wp-json\/wp\/v2\/product_cat?post=19007"},{"taxonomy":"product_tag","embeddable":true,"href":"https:\/\/kasskoer.ee\/en\/wp-json\/wp\/v2\/product_tag?post=19007"}],"curies":[{"name":"wp","href":"https:\/\/api.w.org\/{rel}","templated":true}]}}