{"id":19025,"date":"2026-04-20T03:05:45","date_gmt":"2026-04-20T00:05:45","guid":{"rendered":"https:\/\/kasskoer.ee\/product\/bubu-pets-kassiong-palli-ja-sulega-55cm-1tk-assortii\/"},"modified":"2026-04-20T03:05:47","modified_gmt":"2026-04-20T00:05:47","slug":"bubu-pets-kassiong-palli-ja-sulega-55cm-1tk-assortii","status":"publish","type":"product","link":"https:\/\/kasskoer.ee\/en\/toode\/bubu-pets-kassiong-palli-ja-sulega-55cm-1tk-assortii\/","title":{"rendered":"Bubu Pets kassi\u00f5ng palli ja sulega 55cm 1tk (assortii)"},"content":{"rendered":"<p><b>Bubu Pets palli, kellukese ja sulega kassi\u00f5ng.<\/b>&#13;<\/p>\n<li>V\u00e4rviline pl\u00fc\u00fcsist pall, sulg ja kelluke \u2013 k\u00f6idavad kasside t\u00e4helepanu ja aitavad v\u00e4ljendada nende loomup\u00e4raseid instinkte.<\/li>\n<p>&#13;<\/p>\n<li>Kerge ja lihtne m\u00e4ngida.<\/li>\n<p>&#13;<\/p>\n<li>Vastupidav hammustustele ja kraapimisele.<\/li>\n<p>&#13;<\/p>\n<li>NB! Toode on m\u00fc\u00fcgil assortiina \u2013 v\u00e4rvid v\u00f5ivad erineda ja saadetakse juhuslikult.<\/li>\n","protected":false},"excerpt":{"rendered":"<p>Kvaliteetne sulega m\u00e4nguasi lemmikuga m\u00e4ngimiseks.<\/p>\n","protected":false},"featured_media":19026,"template":"","meta":[],"product_cat":[1321],"product_tag":[],"class_list":{"0":"post-19025","1":"product","2":"type-product","3":"status-publish","4":"has-post-thumbnail","6":"product_cat-kasside-manguasjad","7":"pa_brand-bubu-pets","8":"pa_ean-3465","9":"pa_kaal-0-020","10":"pa_tootjariik-hiina","12":"first","13":"instock","14":"taxable","15":"shipping-taxable","16":"purchasable","17":"product-type-simple"},"_links":{"self":[{"href":"https:\/\/kasskoer.ee\/en\/wp-json\/wp\/v2\/product\/19025","targetHints":{"allow":["GET"]}}],"collection":[{"href":"https:\/\/kasskoer.ee\/en\/wp-json\/wp\/v2\/product"}],"about":[{"href":"https:\/\/kasskoer.ee\/en\/wp-json\/wp\/v2\/types\/product"}],"wp:featuredmedia":[{"embeddable":true,"href":"https:\/\/kasskoer.ee\/en\/wp-json\/wp\/v2\/media\/19026"}],"wp:attachment":[{"href":"https:\/\/kasskoer.ee\/en\/wp-json\/wp\/v2\/media?parent=19025"}],"wp:term":[{"taxonomy":"product_cat","embeddable":true,"href":"https:\/\/kasskoer.ee\/en\/wp-json\/wp\/v2\/product_cat?post=19025"},{"taxonomy":"product_tag","embeddable":true,"href":"https:\/\/kasskoer.ee\/en\/wp-json\/wp\/v2\/product_tag?post=19025"}],"curies":[{"name":"wp","href":"https:\/\/api.w.org\/{rel}","templated":true}]}}