{"id":19051,"date":"2026-04-20T03:05:45","date_gmt":"2026-04-20T00:05:45","guid":{"rendered":"https:\/\/kasskoer.ee\/product\/bubu-pets-kassilelu-pall-kellukesega-5cm-1tk-assortii\/"},"modified":"2026-04-20T03:05:47","modified_gmt":"2026-04-20T00:05:47","slug":"bubu-pets-kassilelu-pall-kellukesega-5cm-1tk-assortii","status":"publish","type":"product","link":"https:\/\/kasskoer.ee\/en\/toode\/bubu-pets-kassilelu-pall-kellukesega-5cm-1tk-assortii\/","title":{"rendered":"Bubu Pets kassilelu pall kellukesega 5cm 1tk (assortii)"},"content":{"rendered":"<p><b>Bubu Pets kellukesega pall kassile.<\/b>&#13;<\/p>\n<li>Heli ja v\u00e4rvikas v\u00e4limus \u2013 k\u00f6idab kasside t\u00e4helepanu ja aitab v\u00e4ljendada nende loomup\u00e4rast k\u00e4itumist.<\/li>\n<p>&#13;<\/p>\n<li>Vastupidav hammustustele ja kraapimisele.<\/li>\n<p>&#13;<\/p>\n<li>V\u00e4ike ja kerge \u2013 lihtne m\u00e4ngida.<\/li>\n<p>&#13;<\/p>\n<li>NB! Toode on m\u00fc\u00fcgil assortiina \u2013 v\u00e4rvid v\u00f5ivad erineda ja saadetakse juhuslikult.<\/li>\n","protected":false},"excerpt":{"rendered":"<p>L\u00f5bus kassilelu, mis pakub nii m\u00e4ngu- kui ka jahtimislusti.<\/p>\n","protected":false},"featured_media":19052,"template":"","meta":[],"product_cat":[1321],"product_tag":[],"class_list":{"0":"post-19051","1":"product","2":"type-product","3":"status-publish","4":"has-post-thumbnail","6":"product_cat-kasside-manguasjad","7":"pa_brand-bubu-pets","8":"pa_ean-3471","9":"pa_kaal-0-020","10":"pa_tootjariik-hiina","12":"first","13":"instock","14":"taxable","15":"shipping-taxable","16":"purchasable","17":"product-type-simple"},"_links":{"self":[{"href":"https:\/\/kasskoer.ee\/en\/wp-json\/wp\/v2\/product\/19051","targetHints":{"allow":["GET"]}}],"collection":[{"href":"https:\/\/kasskoer.ee\/en\/wp-json\/wp\/v2\/product"}],"about":[{"href":"https:\/\/kasskoer.ee\/en\/wp-json\/wp\/v2\/types\/product"}],"wp:featuredmedia":[{"embeddable":true,"href":"https:\/\/kasskoer.ee\/en\/wp-json\/wp\/v2\/media\/19052"}],"wp:attachment":[{"href":"https:\/\/kasskoer.ee\/en\/wp-json\/wp\/v2\/media?parent=19051"}],"wp:term":[{"taxonomy":"product_cat","embeddable":true,"href":"https:\/\/kasskoer.ee\/en\/wp-json\/wp\/v2\/product_cat?post=19051"},{"taxonomy":"product_tag","embeddable":true,"href":"https:\/\/kasskoer.ee\/en\/wp-json\/wp\/v2\/product_tag?post=19051"}],"curies":[{"name":"wp","href":"https:\/\/api.w.org\/{rel}","templated":true}]}}