{"id":19058,"date":"2026-04-20T03:05:45","date_gmt":"2026-04-20T00:05:45","guid":{"rendered":"https:\/\/kasskoer.ee\/product\/bubu-pets-erinevad-pallid-kassidele-4tk\/"},"modified":"2026-04-20T03:05:48","modified_gmt":"2026-04-20T00:05:48","slug":"bubu-pets-erinevad-pallid-kassidele-4tk","status":"publish","type":"product","link":"https:\/\/kasskoer.ee\/en\/toode\/bubu-pets-erinevad-pallid-kassidele-4tk\/","title":{"rendered":"Bubu Pets erinevad pallid kassidele 4tk"},"content":{"rendered":"<p><b>Bubu Pets pallikomplekt kassile.<\/b>&#13;<\/p>\n<li>Erinevad pallid \u2013 k\u00f6idab kasside t\u00e4helepanu ja aitab v\u00e4ljendada nende loomup\u00e4rast k\u00e4itumist.<\/li>\n<p>&#13;<\/p>\n<li>Vastupidavad hammustustele ja kraapimisele.<\/li>\n<p>&#13;<\/p>\n<li>V\u00e4ike ja kerge \u2013 lihtne m\u00e4ngida.<\/li>\n","protected":false},"excerpt":{"rendered":"<p>4 osast koosnev n\u00f6\u00f6ri- ja pl\u00fc\u00fcsipallide komplekt.<\/p>\n","protected":false},"featured_media":19059,"template":"","meta":[],"product_cat":[1321],"product_tag":[],"class_list":{"0":"post-19058","1":"product","2":"type-product","3":"status-publish","4":"has-post-thumbnail","6":"product_cat-kasside-manguasjad","7":"pa_brand-bubu-pets","8":"pa_ean-3473","9":"pa_kaal-0-050","10":"pa_tootjariik-hiina","12":"first","13":"instock","14":"taxable","15":"shipping-taxable","16":"purchasable","17":"product-type-simple"},"_links":{"self":[{"href":"https:\/\/kasskoer.ee\/en\/wp-json\/wp\/v2\/product\/19058","targetHints":{"allow":["GET"]}}],"collection":[{"href":"https:\/\/kasskoer.ee\/en\/wp-json\/wp\/v2\/product"}],"about":[{"href":"https:\/\/kasskoer.ee\/en\/wp-json\/wp\/v2\/types\/product"}],"wp:featuredmedia":[{"embeddable":true,"href":"https:\/\/kasskoer.ee\/en\/wp-json\/wp\/v2\/media\/19059"}],"wp:attachment":[{"href":"https:\/\/kasskoer.ee\/en\/wp-json\/wp\/v2\/media?parent=19058"}],"wp:term":[{"taxonomy":"product_cat","embeddable":true,"href":"https:\/\/kasskoer.ee\/en\/wp-json\/wp\/v2\/product_cat?post=19058"},{"taxonomy":"product_tag","embeddable":true,"href":"https:\/\/kasskoer.ee\/en\/wp-json\/wp\/v2\/product_tag?post=19058"}],"curies":[{"name":"wp","href":"https:\/\/api.w.org\/{rel}","templated":true}]}}