{"id":19065,"date":"2026-04-20T03:05:42","date_gmt":"2026-04-20T00:05:42","guid":{"rendered":"https:\/\/kasskoer.ee\/product\/bubu-pets-erinevad-pallid-kassidele-4tk-2\/"},"modified":"2026-04-20T03:05:45","modified_gmt":"2026-04-20T00:05:45","slug":"bubu-pets-erinevad-pallid-kassidele-4tk-2","status":"publish","type":"product","link":"https:\/\/kasskoer.ee\/en\/toode\/bubu-pets-erinevad-pallid-kassidele-4tk-2\/","title":{"rendered":"Bubu Pets erinevad pallid kassidele 4tk"},"content":{"rendered":"<p><b>Bubu Pets pallikomplekt kassile.<\/b>&#13;<\/p>\n<li>Erinevad pallid \u2013 k\u00f6idab kasside t\u00e4helepanu ja aitab v\u00e4ljendada nende loomup\u00e4rast k\u00e4itumist.<\/li>\n<p>&#13;<\/p>\n<li>Vastupidavad hammustustele ja kraapimisele.<\/li>\n<p>&#13;<\/p>\n<li>V\u00e4ike ja kerge \u2013 lihtne m\u00e4ngida.<\/li>\n","protected":false},"excerpt":{"rendered":"<p>4 osast koosnev pallide komplekt.<\/p>\n","protected":false},"featured_media":19066,"template":"","meta":[],"product_cat":[1321],"product_tag":[],"class_list":{"0":"post-19065","1":"product","2":"type-product","3":"status-publish","4":"has-post-thumbnail","6":"product_cat-kasside-manguasjad","7":"pa_brand-bubu-pets","8":"pa_ean-3474","9":"pa_kaal-0-030","10":"pa_tootjariik-hiina","12":"first","13":"instock","14":"taxable","15":"shipping-taxable","16":"purchasable","17":"product-type-simple"},"_links":{"self":[{"href":"https:\/\/kasskoer.ee\/en\/wp-json\/wp\/v2\/product\/19065","targetHints":{"allow":["GET"]}}],"collection":[{"href":"https:\/\/kasskoer.ee\/en\/wp-json\/wp\/v2\/product"}],"about":[{"href":"https:\/\/kasskoer.ee\/en\/wp-json\/wp\/v2\/types\/product"}],"wp:featuredmedia":[{"embeddable":true,"href":"https:\/\/kasskoer.ee\/en\/wp-json\/wp\/v2\/media\/19066"}],"wp:attachment":[{"href":"https:\/\/kasskoer.ee\/en\/wp-json\/wp\/v2\/media?parent=19065"}],"wp:term":[{"taxonomy":"product_cat","embeddable":true,"href":"https:\/\/kasskoer.ee\/en\/wp-json\/wp\/v2\/product_cat?post=19065"},{"taxonomy":"product_tag","embeddable":true,"href":"https:\/\/kasskoer.ee\/en\/wp-json\/wp\/v2\/product_tag?post=19065"}],"curies":[{"name":"wp","href":"https:\/\/api.w.org\/{rel}","templated":true}]}}