{"id":19071,"date":"2026-04-20T03:05:45","date_gmt":"2026-04-20T00:05:45","guid":{"rendered":"https:\/\/kasskoer.ee\/product\/bubu-pets-kassiong-hiirega-kummi-otsas-47cm-assortii\/"},"modified":"2026-04-20T03:05:47","modified_gmt":"2026-04-20T00:05:47","slug":"bubu-pets-kassiong-hiirega-kummi-otsas-47cm-assortii","status":"publish","type":"product","link":"https:\/\/kasskoer.ee\/en\/toode\/bubu-pets-kassiong-hiirega-kummi-otsas-47cm-assortii\/","title":{"rendered":"Bubu Pets kassi\u00f5ng hiirega kummi otsas 47cm (assortii)"},"content":{"rendered":"<p><b>Bubu Pets plastist kassi\u00f5ng m\u00e4nguhiirega kummi otsas..<\/b>&#13;<\/p>\n<li>Kelluke ja karvane hiir \u2013 k\u00f6idavad kasside t\u00e4helepanu ja ergutavad jahtimisinstinkti.<\/li>\n<p>&#13;<\/p>\n<li>Kerge ja lihtne m\u00e4ngida.<\/li>\n<p>&#13;<\/p>\n<li>Vastupidav hammustustele ja kraapimisele.<\/li>\n<p>&#13;<\/p>\n<li>NB! Toode on m\u00fc\u00fcgil assortiina \u2013 v\u00e4rvid v\u00f5ivad erineda ja saadetakse juhuslikult.<\/li>\n","protected":false},"excerpt":{"rendered":"<p>L\u00f5bus ja interaktiivne kassilelu, mis pakub nii m\u00e4ngu- kui ka jahtimislusti.<\/p>\n","protected":false},"featured_media":19072,"template":"","meta":[],"product_cat":[1321],"product_tag":[],"class_list":{"0":"post-19071","1":"product","2":"type-product","3":"status-publish","4":"has-post-thumbnail","6":"product_cat-kasside-manguasjad","7":"pa_brand-bubu-pets","8":"pa_ean-3476","9":"pa_kaal-0-040","10":"pa_tootjariik-hiina","12":"first","13":"instock","14":"taxable","15":"shipping-taxable","16":"purchasable","17":"product-type-simple"},"_links":{"self":[{"href":"https:\/\/kasskoer.ee\/en\/wp-json\/wp\/v2\/product\/19071","targetHints":{"allow":["GET"]}}],"collection":[{"href":"https:\/\/kasskoer.ee\/en\/wp-json\/wp\/v2\/product"}],"about":[{"href":"https:\/\/kasskoer.ee\/en\/wp-json\/wp\/v2\/types\/product"}],"wp:featuredmedia":[{"embeddable":true,"href":"https:\/\/kasskoer.ee\/en\/wp-json\/wp\/v2\/media\/19072"}],"wp:attachment":[{"href":"https:\/\/kasskoer.ee\/en\/wp-json\/wp\/v2\/media?parent=19071"}],"wp:term":[{"taxonomy":"product_cat","embeddable":true,"href":"https:\/\/kasskoer.ee\/en\/wp-json\/wp\/v2\/product_cat?post=19071"},{"taxonomy":"product_tag","embeddable":true,"href":"https:\/\/kasskoer.ee\/en\/wp-json\/wp\/v2\/product_tag?post=19071"}],"curies":[{"name":"wp","href":"https:\/\/api.w.org\/{rel}","templated":true}]}}