{"id":19075,"date":"2026-04-20T03:10:00","date_gmt":"2026-04-20T00:10:00","guid":{"rendered":"https:\/\/kasskoer.ee\/product\/furviking-korduvkasutatav-karvaeemaldaja-96-x-28-cm\/"},"modified":"2026-04-20T03:10:00","modified_gmt":"2026-04-20T00:10:00","slug":"furviking-korduvkasutatav-karvaeemaldaja-96-x-28-cm","status":"publish","type":"product","link":"https:\/\/kasskoer.ee\/en\/toode\/furviking-korduvkasutatav-karvaeemaldaja-96-x-28-cm\/","title":{"rendered":"FurViking korduvkasutatav karvaeemaldaja 9,6 x 2,8 cm"},"content":{"rendered":"<p><b>FurViking korduvkasutatav puhastust\u00f6\u00f6riist loomakarvade eemaldamiseks erinevatelt pindadelt.<\/b>&#13;<\/p>\n<li>Revolutsiooniline karvade eemaldaja \u2013 sotsiaalmeedias n\u00e4htud hitt-toode (\u00fcle 10 miljoni vaatamise TikTokis!).<\/li>\n<p>&#13;<\/p>\n<li>Eemaldab karvad k\u00f5ikjalt \u2013 sobib diivanitele, vooditele, vaipadele, autosisustusele, lemmikloomapesadele ja isegi riietele.<\/li>\n<p>&#13;<\/p>\n<li>T\u00f5hus nii l\u00fchikese kui pika karvaga lemmikloomade puhul \u2013 eemaldab karvad lihtsalt m\u00f5ne p\u00fchkimisega 45\u00b0 nurga all.<\/li>\n<p>&#13;<\/p>\n<li>Pehme ja elastne kumjas materjal tagab, et polster ja kangas ei saa kahjustada.<\/li>\n<p>&#13;<\/p>\n<li>Erinevalt teistest toodetest ei j\u00e4ta FurViking kleepuvaid j\u00e4\u00e4ke ega vaja kalleid t\u00e4ite- ega varurulle.<\/li>\n<p>&#13;<\/p>\n<li>Korduvkasutatav disain teeb sellest \u00f6konoomse ja keskkonnas\u00f5braliku valiku igale lemmikloomaomanikule.<\/li>\n<p>&#13;<\/p>\n<li>Liigse staatilise elektri korral aitab t\u00f6\u00f6riista v\u00f5i puhastatava pinna kerge niisutamine seda v\u00e4hendada.<\/li>\n","protected":false},"excerpt":{"rendered":"<p>Kerge ja kompaktne abivahend karvade eemaldamiseks.<\/p>\n","protected":false},"featured_media":19076,"template":"","meta":[],"product_cat":[688,365],"product_tag":[],"class_list":{"0":"post-19075","1":"product","2":"type-product","3":"status-publish","4":"has-post-thumbnail","6":"product_cat-koerad","7":"product_cat-koerte-tarvikud","8":"pa_brand-furviking","9":"pa_ean-3478","10":"pa_kaal-0-030","11":"pa_tootjariik-soome","13":"first","14":"instock","15":"taxable","16":"shipping-taxable","17":"purchasable","18":"product-type-simple"},"_links":{"self":[{"href":"https:\/\/kasskoer.ee\/en\/wp-json\/wp\/v2\/product\/19075","targetHints":{"allow":["GET"]}}],"collection":[{"href":"https:\/\/kasskoer.ee\/en\/wp-json\/wp\/v2\/product"}],"about":[{"href":"https:\/\/kasskoer.ee\/en\/wp-json\/wp\/v2\/types\/product"}],"wp:featuredmedia":[{"embeddable":true,"href":"https:\/\/kasskoer.ee\/en\/wp-json\/wp\/v2\/media\/19076"}],"wp:attachment":[{"href":"https:\/\/kasskoer.ee\/en\/wp-json\/wp\/v2\/media?parent=19075"}],"wp:term":[{"taxonomy":"product_cat","embeddable":true,"href":"https:\/\/kasskoer.ee\/en\/wp-json\/wp\/v2\/product_cat?post=19075"},{"taxonomy":"product_tag","embeddable":true,"href":"https:\/\/kasskoer.ee\/en\/wp-json\/wp\/v2\/product_tag?post=19075"}],"curies":[{"name":"wp","href":"https:\/\/api.w.org\/{rel}","templated":true}]}}