{"id":19094,"date":"2026-04-20T03:05:11","date_gmt":"2026-04-20T00:05:11","guid":{"rendered":"https:\/\/kasskoer.ee\/product\/furcobra-direct-orn-karvahooldusvahend-lemmikloomadele-10-x-35-cm\/"},"modified":"2026-04-20T03:05:12","modified_gmt":"2026-04-20T00:05:12","slug":"furcobra-direct-orn-karvahooldusvahend-lemmikloomadele-10-x-35-cm","status":"publish","type":"product","link":"https:\/\/kasskoer.ee\/en\/toode\/furcobra-direct-orn-karvahooldusvahend-lemmikloomadele-10-x-35-cm\/","title":{"rendered":"FurCobra Direct \u00f5rn karvahooldusvahend lemmikloomadele 10 x 3,5 cm"},"content":{"rendered":"<p><b>FurCobra Direct \u2013 pehme harjasega hooldusvahend koera ja kassi karva \u00f5rnaks hooldamiseks ja lahtise karva eemaldamiseks.<\/b>&#13;<\/p>\n<li>\u00d5rn ja valutu hooldus \u2013 spetsiaalsed pehmed harjased ja patenteeritud tehnoloogia tagavad, et karv eemaldatakse ilma t\u00f5mbamise ja karvkatte vigastamiseta.<\/li>\n<p>&#13;<\/p>\n<li>Sobib ka tundlikule nahale \u2013 ei kriimusta, ei \u00e4rrita, ei tekita punetust. Ideaalne kutsikatele, kassipoegadele, vanematele v\u00f5i tundlikuma nahaga loomadele.<\/li>\n<p>&#13;<\/p>\n<li>Valmistatud vastupidavast DuraFric\u2122 materjalist \u2013 kulumiskindel, pika elueaga ja loodud igap\u00e4evaseks kasutamiseks.<\/li>\n<p>&#13;<\/p>\n<li>Asendab traditsioonilisi metallkamme ja kraase \u2013 ei ole teri ega metallpinde, mis v\u00f5iksid karvkatet vigastada v\u00f5i lemmikule ebamugavust tekitada.<\/li>\n<p>&#13;<\/p>\n<li>Lihtne kasutada: harja karva loomuliku suunaga ja lahtine karv koguneb harjaste vahele kiiresti ja n\u00e4htavalt.<\/li>\n<p>&#13;<\/p>\n<li>V\u00e4ga kerge ja mugav k\u00e4es hoida \u2013 ergonoomiline disain on mugav ka pikema hoolduse ajal.<\/li>\n<p>&#13;<\/p>\n<li>Lihtne puhastada \u2013 loputa vee all v\u00f5i p\u00fchi k\u00e4ega puhtaks.<\/li>\n","protected":false},"excerpt":{"rendered":"<p>Lemmikloomade karvahoolduse uus tase \u2013 \u00f5rn, t\u00f5hus ja nahas\u00f5bralik.<\/p>\n","protected":false},"featured_media":19095,"template":"","meta":[],"product_cat":[688,365],"product_tag":[],"class_list":{"0":"post-19094","1":"product","2":"type-product","3":"status-publish","4":"has-post-thumbnail","6":"product_cat-koerad","7":"product_cat-koerte-tarvikud","8":"pa_brand-furcobra","9":"pa_ean-3484","10":"pa_kaal-0-030","11":"pa_tootjariik-soome","13":"first","14":"instock","15":"taxable","16":"shipping-taxable","17":"purchasable","18":"product-type-simple"},"_links":{"self":[{"href":"https:\/\/kasskoer.ee\/en\/wp-json\/wp\/v2\/product\/19094","targetHints":{"allow":["GET"]}}],"collection":[{"href":"https:\/\/kasskoer.ee\/en\/wp-json\/wp\/v2\/product"}],"about":[{"href":"https:\/\/kasskoer.ee\/en\/wp-json\/wp\/v2\/types\/product"}],"wp:featuredmedia":[{"embeddable":true,"href":"https:\/\/kasskoer.ee\/en\/wp-json\/wp\/v2\/media\/19095"}],"wp:attachment":[{"href":"https:\/\/kasskoer.ee\/en\/wp-json\/wp\/v2\/media?parent=19094"}],"wp:term":[{"taxonomy":"product_cat","embeddable":true,"href":"https:\/\/kasskoer.ee\/en\/wp-json\/wp\/v2\/product_cat?post=19094"},{"taxonomy":"product_tag","embeddable":true,"href":"https:\/\/kasskoer.ee\/en\/wp-json\/wp\/v2\/product_tag?post=19094"}],"curies":[{"name":"wp","href":"https:\/\/api.w.org\/{rel}","templated":true}]}}