{"id":19100,"date":"2026-04-20T03:05:08","date_gmt":"2026-04-20T00:05:08","guid":{"rendered":"https:\/\/kasskoer.ee\/product\/brit-care-christmas-rabbit-with-turkey-konserv-koertele-400g\/"},"modified":"2026-04-20T03:05:11","modified_gmt":"2026-04-20T00:05:11","slug":"brit-care-christmas-rabbit-with-turkey-konserv-koertele-400g","status":"publish","type":"product","link":"https:\/\/kasskoer.ee\/en\/toode\/brit-care-christmas-rabbit-with-turkey-konserv-koertele-400g\/","title":{"rendered":"Brit Care Christmas Rabbit with Turkey konserv koertele 400g"},"content":{"rendered":"<p><b>Brit Care j\u00f5ulukonserv k\u00fc\u00fcliku, kalkuni, k\u00f5rvitsa ja hernestega \u2013 t\u00e4iss\u00f6\u00f6t t\u00e4iskasvanud koertele.<\/b>&#13;<\/p>\n<li>Suur kvaliteetse liha sisaldus ja selle s\u00e4\u00e4stev t\u00f6\u00f6tlemine tagavad suurep\u00e4rase maitse ja l\u00f5hna.<\/li>\n<p>&#13;<\/p>\n<li>Ideaalne t\u00e4iendus graanulitele. Aitab muuta toitu isu\u00e4ratavamaks ja varustada vedelikuga.<\/li>\n<p>&#13;<\/p>\n<li>Sobib tundliku seedimisega, allergia ja toidutalumatuse all kannatavatele koertele.<\/li>\n<p>&#13;<\/p>\n<li>Ei sisalda gluteeni, soja ega GMO-sid.<\/li>\n<p>&#13;<br \/>\n<br \/>&#13;<br \/>\n<b>Koostis<\/b><br \/>&#13;<br \/>\n56% k\u00fc\u00fclik, 14% kalkun, 4% k\u00f5rvits, 4% hernes, 3% hernejahu, 1% lignotselluloos, 0,5% petersell, 0,3% kaltsiumkarbonaat.<br \/>&#13;<br \/>\n<br \/>&#13;<br \/>\n<b>Anal\u00fc\u00fctilised koostisosad<\/b><br \/>&#13;<br \/>\nToorvalk 8,0%, toorrasv 7,0%, toortuhk 3,5%, niiskus 78%, toorkiud 0,7%, kaltsium 0,3%, fosfor 0,2%, naatrium 0,3%.<br \/>&#13;<br \/>\n<br \/>&#13;<br \/>\n<b>S\u00f6\u00f6dalisandid (1 kg kohta)<\/b><br \/>&#13;<br \/>\nToitainelised lisandid: D3-vitamiin (3a671) 220 R\u00dc, E-vitamiin (3a700) 120 mg, B1-vitamiin (3a820) 1 mg, biotiin (3a880) 0,4 mg, tsink (3b612) 10 mg, vask (3b407) 3,2 mg, mangaan (3b505) 2,4 mg, kaaliumjodiid (3b201) 0,6 mg, raud (3b107) 8 mg.<br \/>&#13;<br \/>\n<br \/>&#13;<br \/>\n<b>Metaboliseeruv energia<\/b><br \/>&#13;<br \/>\n1006 kcal\/kg<br \/>&#13;<br \/>\n<br \/>&#13;<br \/>\n<b>S\u00f6\u00f6tmisjuhend<\/b><br \/>&#13;<br \/>\nBrit Care Christmas pakub t\u00e4isv\u00e4\u00e4rtuslikku ja tasakaalustatud toitu piiratud koostisosadega. Serveeri konservi toatemperatuuril. Portsjoni suurus v\u00f5ib varieeruda s\u00f5ltuvalt koera aktiivsustasemest ja keskkonnast. Kui annad konservi mitmekesisuse ja maitse suurendamiseks, v\u00e4henda vastavalt koera tavatoidu soovitatavat p\u00e4evast kogust. V\u00e4rske joogivesi peab olema alati saadaval. Hoida kuivas ja jahedas kohas. P\u00e4rast avamist hoida k\u00fclmkapis ja tarbida 3 p\u00e4eva jooksul.<\/p>\n","protected":false},"excerpt":{"rendered":"<p>Brit Care j\u00f5ulukonserv k\u00fc\u00fcliku ja kalkuniga koertele.<\/p>\n","protected":false},"featured_media":19101,"template":"","meta":[],"product_cat":[688,106],"product_tag":[],"class_list":{"0":"post-19100","1":"product","2":"type-product","3":"status-publish","4":"has-post-thumbnail","6":"product_cat-koerad","7":"product_cat-konservid-koertele","8":"pa_brand-brit-care","9":"pa_ean-3487","10":"pa_kaal-0-400","11":"pa_tootjariik-tsehhi","13":"first","14":"instock","15":"taxable","16":"shipping-taxable","17":"purchasable","18":"product-type-simple"},"_links":{"self":[{"href":"https:\/\/kasskoer.ee\/en\/wp-json\/wp\/v2\/product\/19100","targetHints":{"allow":["GET"]}}],"collection":[{"href":"https:\/\/kasskoer.ee\/en\/wp-json\/wp\/v2\/product"}],"about":[{"href":"https:\/\/kasskoer.ee\/en\/wp-json\/wp\/v2\/types\/product"}],"wp:featuredmedia":[{"embeddable":true,"href":"https:\/\/kasskoer.ee\/en\/wp-json\/wp\/v2\/media\/19101"}],"wp:attachment":[{"href":"https:\/\/kasskoer.ee\/en\/wp-json\/wp\/v2\/media?parent=19100"}],"wp:term":[{"taxonomy":"product_cat","embeddable":true,"href":"https:\/\/kasskoer.ee\/en\/wp-json\/wp\/v2\/product_cat?post=19100"},{"taxonomy":"product_tag","embeddable":true,"href":"https:\/\/kasskoer.ee\/en\/wp-json\/wp\/v2\/product_tag?post=19100"}],"curies":[{"name":"wp","href":"https:\/\/api.w.org\/{rel}","templated":true}]}}