{"id":19104,"date":"2026-04-20T03:05:08","date_gmt":"2026-04-20T00:05:08","guid":{"rendered":"https:\/\/kasskoer.ee\/product\/brit-care-cat-soup-christmas-multipakk-kassidele-15-x-75g\/"},"modified":"2026-04-20T03:05:11","modified_gmt":"2026-04-20T00:05:11","slug":"brit-care-cat-soup-christmas-multipakk-kassidele-15-x-75g","status":"publish","type":"product","link":"https:\/\/kasskoer.ee\/en\/toode\/brit-care-cat-soup-christmas-multipakk-kassidele-15-x-75g\/","title":{"rendered":"Brit Care Cat Soup Christmas multipakk kassidele 15 x 75g"},"content":{"rendered":"<p><b>Brit Care j\u00f5ulusupid &#8211; teraviljavaba m\u00e4rg t\u00e4iends\u00f6\u00f6t kassidele. Multipakk sisaldab kolme erinevat sorti suppi: 5 tk kalaga, 5 tk kalkuniga ja 5 tk veisega.<\/b><br \/>&#13;<\/p>\n<li>Sisaldab probiootikume \u2013 inaktiveeritud Lactobacillust, mis toetab immuunsust.<\/li>\n<p>&#13;<\/p>\n<li>Sisaldab prebiootikume \u2013 frukto-oligosahhariidid toetavad soolestiku mikrofloorat.<\/li>\n<p>&#13;<\/p>\n<li>Isu\u00e4ratav ja rahustav \u2013 sisaldab naisten\u00f5gest, mis aitab \u00e4revust maandada.<\/li>\n<p>&#13;<\/p>\n<li>Sisaldab tauriini.<\/li>\n<p>&#13;<\/p>\n<li>Sobib steriliseeritud kassidele &#8211; sisaldab L-metioniini.<\/li>\n<p>&#13;<\/p>\n<li>Teraviljavaba.<\/li>\n<p>&#13;<\/p>\n<li>Ei sisalda GMO-sid, sojat ega lisatud suhkruid.<\/li>\n<p>&#13;<br \/>\n<br \/>&#13;<br \/>\n<b>Koostis (supp kala, k\u00f6\u00f6giviljade ja rosmariiniga)<\/b><br \/>&#13;<br \/>\nJoogivesi, 16% kana, 4% l\u00f5he, 0,3% porgand, 0,3% hernes, 0,5% h\u00fcdrol\u00fc\u00fcsitud maks, 0,5% lignotselluloos, kuivatatud rosmariin (100 mg\/kg), kuivatatud naisten\u00f5ges (100 mg\/kg), fruktooligosahhariid (100 mg\/kg), inaktiveeritud bakterid ja nende osad (Lactobacillus helveticus HA\u2013122, 1,5\u00d710\u2078 rakku\/kg). Anal\u00fc\u00fctiline koostis: toorproteiin 1,5%, toorrasv 1,0%, toortuhk 0,5%, toorkiud 0,2%, niiskus 95%, kaltsium 0,01%, fosfor 0,02%, naatrium 0,05%. Metaboliseeruv energia: 209 kcal\/kg.<br \/>&#13;<br \/>\n<b>Koostis (supp veise, porgandi, herne ja rosmariiniga)<\/b><br \/>&#13;<br \/>\nJoogivesi, 16% kana, 4% veis, 0,3% porgand, 0,3% hernes, 0,5% h\u00fcdrol\u00fc\u00fcsitud maks, 0,5% lignotselluloos, kuivatatud rosmariin (100 mg\/kg), kuivatatud naisten\u00f5ges (100 mg\/kg), fruktooligosahhariid (100 mg\/kg), inaktiveeritud bakterid ja nende osad (Lactobacillus helveticus HA\u2013122, 1,5\u00d710\u2078 rakku\/kg). Anal\u00fc\u00fctiline koostis: toorproteiin 2,0%, toorrasv 1,0%, toortuhk 0,5%, niiskus 95%, toorkiud 0,2%, kaltsium 0,01%, fosfor 0,02%, naatrium 0,05%. Metaboliseeruv energia: 212 kcal\/kg.<br \/>&#13;<br \/>\n<b>Koostis (supp kalkuni, porgandi, herne ja rosmariiniga)<\/b><br \/>&#13;<br \/>\nJoogivesi, 16% kana, 4% kalkun, 0,3% porgand, 0,3% hernes, 0,5% h\u00fcdrol\u00fc\u00fcsitud maks, 0,5% lignotselluloos, kuivatatud rosmariin (100 mg\/kg), kuivatatud naisten\u00f5ges (100 mg\/kg), fruktooligosahhariid (100 mg\/kg), inaktiveeritud bakterid ja nende osad (Lactobacillus helveticus HA\u2013122, 1,5\u00d710\u2078 rakku\/kg). Anal\u00fc\u00fctiline koostis: toorproteiin 2,0%, toorrasv 1,0%, toortuhk 0,5%, niiskus 95%, toorkiud 0,2%, kaltsium 0,01%, fosfor 0,02%, naatrium 0,05%. Metaboliseeruv energia: 212 kcal\/kg.&#13;<br \/>\n<br \/>&#13;<br \/>\n<br \/><b>S\u00f6\u00f6dalisandid<\/b><br \/>&#13;<br \/>\nL-metioniin (3c305) 500 mg, tauriin (3a370) 500 mg.<br \/>&#13;<br \/>\n<br \/>&#13;<br \/>\n<b>S\u00f6\u00f6tmisjuhend<\/b><br \/>&#13;<br \/>\nSuurep\u00e4rane vee tarbimise suurendamiseks, v\u00f5ib kasutada kuivs\u00f6\u00f6da lisandina isutuse korral. Serveeri toatemperatuuril t\u00e4iends\u00f6\u00f6dana koos t\u00e4iss\u00f6\u00f6daga. Soovitatud p\u00e4evane kogus s\u00f5ltub kassi vanusest, aktiivsusest ja keskkonnast, kuid keskmisele t\u00e4iskasvanud kassile soovitatakse 2 portsjonit p\u00e4evas. V\u00e4rske joogivesi peab alati olema saadaval.<\/p>\n","protected":false},"excerpt":{"rendered":"<p>Isu\u00e4ratavad erinevad j\u00f5ulusupid kassile.<\/p>\n","protected":false},"featured_media":19105,"template":"","meta":[],"product_cat":[689,33],"product_tag":[],"class_list":{"0":"post-19104","1":"product","2":"type-product","3":"status-publish","4":"has-post-thumbnail","6":"product_cat-kassid","7":"product_cat-konservid-kassidele","8":"pa_brand-brit-care","9":"pa_ean-3489","10":"pa_kaal-1-125","11":"pa_tootjariik-tsehhi","13":"first","14":"instock","15":"taxable","16":"shipping-taxable","17":"purchasable","18":"product-type-simple"},"_links":{"self":[{"href":"https:\/\/kasskoer.ee\/en\/wp-json\/wp\/v2\/product\/19104","targetHints":{"allow":["GET"]}}],"collection":[{"href":"https:\/\/kasskoer.ee\/en\/wp-json\/wp\/v2\/product"}],"about":[{"href":"https:\/\/kasskoer.ee\/en\/wp-json\/wp\/v2\/types\/product"}],"wp:featuredmedia":[{"embeddable":true,"href":"https:\/\/kasskoer.ee\/en\/wp-json\/wp\/v2\/media\/19105"}],"wp:attachment":[{"href":"https:\/\/kasskoer.ee\/en\/wp-json\/wp\/v2\/media?parent=19104"}],"wp:term":[{"taxonomy":"product_cat","embeddable":true,"href":"https:\/\/kasskoer.ee\/en\/wp-json\/wp\/v2\/product_cat?post=19104"},{"taxonomy":"product_tag","embeddable":true,"href":"https:\/\/kasskoer.ee\/en\/wp-json\/wp\/v2\/product_tag?post=19104"}],"curies":[{"name":"wp","href":"https:\/\/api.w.org\/{rel}","templated":true}]}}