{"id":19109,"date":"2026-04-20T03:05:32","date_gmt":"2026-04-20T00:05:32","guid":{"rendered":"https:\/\/kasskoer.ee\/product\/brit-dental-stick-christmas-narimispulgad-koertele-7tk-250g\/"},"modified":"2026-04-20T03:05:34","modified_gmt":"2026-04-20T00:05:34","slug":"brit-dental-stick-christmas-narimispulgad-koertele-7tk-250g","status":"publish","type":"product","link":"https:\/\/kasskoer.ee\/en\/toode\/brit-dental-stick-christmas-narimispulgad-koertele-7tk-250g\/","title":{"rendered":"Brit Dental Stick Christmas n\u00e4rimispulgad koertele 7tk 250g"},"content":{"rendered":"<p><b>Brit hammaste tervist toetavad n\u00e4rimispulgad \u00f5unte ja kaneeliga. T\u00e4iends\u00f6\u00f6t koertele.<\/b>&#13;<br \/>\n<br \/>&#13;<\/p>\n<li>Kaneel \u2013 p\u00f5letikuvastane toime, seedimise toetamine. <\/li>\n<p>&#13;<\/p>\n<li>\u00d5unad &#8211; kiudainete ja C-vitamiini allikas.<\/li>\n<p>&#13;<\/p>\n<li>SHMP \u2013 hammaste tervis, hambakivi tekke ennetamine.<\/li>\n<p>&#13;<\/p>\n<li>Ei sisalda gluteeni, GMO-sid ega toiduv\u00e4rve.<\/li>\n<p>&#13;<br \/>\n<br \/>&#13;<br \/>\n<b>Koostis<\/b><br \/>&#13;<br \/>\nKaerajahu, taimne gl\u00fctserool (14%), kartulit\u00e4rklis (10%), h\u00fcdrol\u00fc\u00fcsitud p\u00e4rm (5%), kuivatatud \u00f5unad (4%), melass (3%), kuivatatud kaneel (2%), naatriumheksametafosfaat (0,3%).<br \/>&#13;<br \/>\n<br \/>&#13;<br \/>\n<b>Anal\u00fc\u00fctilised koostisosad<\/b><br \/>&#13;<br \/>\nToorvalk 9,5%, toorrasv 3,5%, toortuhk 2,6%, toorkiud 3,2%, niiskus 17,0%, kaltsium 0,1%, fosfor 0,2%, naatrium 0,05%.<br \/>&#13;<br \/>\n<br \/>&#13;<br \/>\n<b>S\u00f6\u00f6dalisandid<\/b><br \/>&#13;<br \/>\nC-vitamiin (3a312) 35 mg.<br \/>&#13;<br \/>\n<br \/>&#13;<br \/>\n<b>Metaboliseeruv energia<\/b><br \/>&#13;<br \/>\n3015 kcal\/kg<br \/>&#13;<br \/>\n<br \/>&#13;<br \/>\n<b>Toitmisjuhend<\/b><br \/>&#13;<br \/>\nPakkuge koerale 1 tk p\u00e4evas maiustuse v\u00f5i preemiana. Tagage alati juurdep\u00e4\u00e4s v\u00e4rskele joogiveele. Tegu ei ole t\u00e4iss\u00f6\u00f6daga, \u00e4rge \u00fcletage soovitatavat p\u00e4evast annust.<\/p>\n","protected":false},"excerpt":{"rendered":"<p>Brit hambaid igap\u00e4evaselt hooldav maiustus koertele.<\/p>\n","protected":false},"featured_media":19110,"template":"","meta":[],"product_cat":[1210,688],"product_tag":[],"class_list":{"0":"post-19109","1":"product","2":"type-product","3":"status-publish","4":"has-post-thumbnail","6":"product_cat-koerte-maiused","7":"product_cat-koerad","8":"pa_brand-brit-care","9":"pa_ean-2844","10":"pa_kaal-0-250","11":"pa_tootjariik-euroopa-liit","13":"first","14":"outofstock","15":"taxable","16":"shipping-taxable","17":"purchasable","18":"product-type-simple"},"_links":{"self":[{"href":"https:\/\/kasskoer.ee\/en\/wp-json\/wp\/v2\/product\/19109","targetHints":{"allow":["GET"]}}],"collection":[{"href":"https:\/\/kasskoer.ee\/en\/wp-json\/wp\/v2\/product"}],"about":[{"href":"https:\/\/kasskoer.ee\/en\/wp-json\/wp\/v2\/types\/product"}],"wp:featuredmedia":[{"embeddable":true,"href":"https:\/\/kasskoer.ee\/en\/wp-json\/wp\/v2\/media\/19110"}],"wp:attachment":[{"href":"https:\/\/kasskoer.ee\/en\/wp-json\/wp\/v2\/media?parent=19109"}],"wp:term":[{"taxonomy":"product_cat","embeddable":true,"href":"https:\/\/kasskoer.ee\/en\/wp-json\/wp\/v2\/product_cat?post=19109"},{"taxonomy":"product_tag","embeddable":true,"href":"https:\/\/kasskoer.ee\/en\/wp-json\/wp\/v2\/product_tag?post=19109"}],"curies":[{"name":"wp","href":"https:\/\/api.w.org\/{rel}","templated":true}]}}