{"id":19111,"date":"2026-04-20T03:05:08","date_gmt":"2026-04-20T00:05:08","guid":{"rendered":"https:\/\/kasskoer.ee\/product\/brit-care-advendikalender-kassile-120g\/"},"modified":"2026-04-20T03:05:10","modified_gmt":"2026-04-20T00:05:10","slug":"brit-care-advendikalender-kassile-120g","status":"publish","type":"product","link":"https:\/\/kasskoer.ee\/en\/toode\/brit-care-advendikalender-kassile-120g\/","title":{"rendered":"Brit Care advendikalender kassile 120g"},"content":{"rendered":"<p><b>Brit Care advendikalender sisaldab 24 \u00fcllatust, mis muudavad iga p\u00e4eva maitsvaks ja r\u00f5\u00f5msaks.<\/b>&#13;<\/p>\n<li>Loodud armastusega \u2013 et ka sinu kass saaks tunda j\u00f5ulur\u00f5\u00f5mu.<\/li>\n<p>&#13;<\/p>\n<li>Looduslikud koostisosad \u2013 ei sisalda soja ega GMO-sid.<\/li>\n<p>&#13;<br \/>\n<br \/>&#13;<br \/>\n<b>Maiused juustu ja naisten\u00f5gesega.<\/b> T\u00e4iends\u00f6\u00f6t t\u00e4iskasvanud kassidele. Koostis: l\u00f5hevalk (35%), kollased herned (30%), kartulid (10%), h\u00fcdrol\u00fc\u00fcsitud linnuvalk (7%), linnurasv (6%), juust (4%), h\u00fcdrol\u00fc\u00fcsitud kanamaks (2%), l\u00f5he\u00f5li (2%), hernejahu, linaseemned (1%), kuivatatud naisten\u00f5ges (1%). Anal\u00fc\u00fctiline koostis: toorproteiin 35,0%, toorrasv 12,0%, toorkiud 1,5%, toortuhk 8,0%, niiskus 10,0%, kaltsium 1,4%, fosfor 1,2%, naatrium 0,6%, magneesium 0,1%, oomega-3 rasvhapped 1,0%, oomega-6 rasvhapped 1,6%. S\u00f6\u00f6dalisandid (1 kg kohta) &#8211; Tehnoloogilised lisandid: taimse \u00f5li tokoferooliekstraktid (1b306(i)) ja askor\u00fc\u00fclpalmitaat (1b304). Metaboliseeruv energia: 3 670 kcal\/kg. S\u00f6\u00f6tmissoovitus: anna iga p\u00e4ev maiusena v\u00f5i preemiana. Tegemist ei ole t\u00e4iss\u00f6\u00f6daga. Veendu, et kassil oleks alati v\u00e4rske joogivesi.<br \/>&#13;<br \/>\n<b>Supp kala, k\u00f6\u00f6giviljade ja rosmariiniga.<\/b> Koostis: joogivesi, 16% kana, 4% l\u00f5he, 0,3% porgand, 0,3% hernes, 0,5% h\u00fcdrol\u00fc\u00fcsitud maks, 0,5% lignotselluloos, kuivatatud rosmariin (100 mg\/kg), kuivatatud naisten\u00f5ges (100 mg\/kg), fruktooligosahhariid (100 mg\/kg), inaktiveeritud bakterid ja nende osad (Lactobacillus helveticus HA-122, 1,5\u00d710\u2078 rakku\/kg). Anal\u00fc\u00fctiline koostis: toorproteiin 1,5%, toorrasv 1,0%, toortuhk 0,5%, toorkiud 0,2%, niiskus 95%, kaltsium 0,01%, fosfor 0,02%, naatrium 0,05%. S\u00f6\u00f6dalisandid (1 kg kohta) &#8211; Toitainelised lisandid: L-metioniin (3c305) 500 mg, tauriin (3a370) 500 mg. Metaboliseeruv energia: 210 kcal\/kg. S\u00f6\u00f6tmissoovitus: suurep\u00e4rane vee tarbimise suurendamiseks, v\u00f5ib kasutada kuivs\u00f6\u00f6da lisandina isutuse korral. Serveeri toatemperatuuril t\u00e4iends\u00f6\u00f6dana koos t\u00e4iss\u00f6\u00f6daga. P\u00e4evane kogus v\u00f5ib varieeruda s\u00f5ltuvalt kassi vanusest, aktiivsusest ja keskkonnast \u2013 tavaliselt sobib t\u00e4iskasvanud kassile 2 portsjonit p\u00e4evas. V\u00e4rske joogivesi peab alati olema saadaval. S\u00e4ilitada jahedas, kuivas kohas, kaitstult otsese p\u00e4ikesevalguse eest. P\u00e4rast avamist s\u00e4ilitada k\u00fclmkapis ja kasutada 3 p\u00e4eva jooksul.<br \/>&#13;<br \/>\n<b>Kangasm\u00e4nguasi kassidele.<\/b> Valmistatud pehmest \u0161eniiltekstiilist, t\u00e4idetud pol\u00fcestri ja loodusliku naisten\u00f5gesega, et m\u00e4ng oleks veel l\u00f5busam. Materjalid: \u0161eniiltekstiil, pol\u00fcestrit\u00e4idis, naisten\u00f5ges. Kasutamine: ainult lemmikloomadele. J\u00e4lgi m\u00e4ngu alati. Kui m\u00e4nguasi on kahjustatud v\u00f5i osad on lahti tulnud, \u00e4ra kasuta seda. Hooldus: \u00e4ra pese pesumasinas. \u00c4ra kasuta keemilisi puhastusvahendeid.<\/p>\n","protected":false},"excerpt":{"rendered":"<p>P\u00fchade advendikalender kassidele, mis sisaldab kr\u00f5bedaid maiuseid, p\u00fchade suppi ja m\u00e4nguasja.<\/p>\n","protected":false},"featured_media":19112,"template":"","meta":[],"product_cat":[1211],"product_tag":[],"class_list":{"0":"post-19111","1":"product","2":"type-product","3":"status-publish","4":"has-post-thumbnail","6":"product_cat-kasside-maiused","7":"pa_brand-brit-care","8":"pa_ean-3491","9":"pa_kaal-0-120","10":"pa_tootjariik-euroopa-liit","12":"first","13":"instock","14":"taxable","15":"shipping-taxable","16":"purchasable","17":"product-type-simple"},"_links":{"self":[{"href":"https:\/\/kasskoer.ee\/en\/wp-json\/wp\/v2\/product\/19111","targetHints":{"allow":["GET"]}}],"collection":[{"href":"https:\/\/kasskoer.ee\/en\/wp-json\/wp\/v2\/product"}],"about":[{"href":"https:\/\/kasskoer.ee\/en\/wp-json\/wp\/v2\/types\/product"}],"wp:featuredmedia":[{"embeddable":true,"href":"https:\/\/kasskoer.ee\/en\/wp-json\/wp\/v2\/media\/19112"}],"wp:attachment":[{"href":"https:\/\/kasskoer.ee\/en\/wp-json\/wp\/v2\/media?parent=19111"}],"wp:term":[{"taxonomy":"product_cat","embeddable":true,"href":"https:\/\/kasskoer.ee\/en\/wp-json\/wp\/v2\/product_cat?post=19111"},{"taxonomy":"product_tag","embeddable":true,"href":"https:\/\/kasskoer.ee\/en\/wp-json\/wp\/v2\/product_tag?post=19111"}],"curies":[{"name":"wp","href":"https:\/\/api.w.org\/{rel}","templated":true}]}}