{"id":19113,"date":"2026-04-20T03:05:08","date_gmt":"2026-04-20T00:05:08","guid":{"rendered":"https:\/\/kasskoer.ee\/product\/brit-care-advendikalender-koerale-230g\/"},"modified":"2026-04-20T03:05:10","modified_gmt":"2026-04-20T00:05:10","slug":"brit-care-advendikalender-koerale-230g","status":"publish","type":"product","link":"https:\/\/kasskoer.ee\/en\/toode\/brit-care-advendikalender-koerale-230g\/","title":{"rendered":"Brit Care advendikalender koerale 230g"},"content":{"rendered":"<p><b>Brit Care advendikalender sisaldab 24 \u00fcllatust, mis muudavad iga p\u00e4eva maitsvaks ja r\u00f5\u00f5msaks.<\/b>&#13;<\/p>\n<li>Looduslikud koostisosad \u2013 ei sisalda soja ega GMO-sid.<\/li>\n<p>&#13;<\/p>\n<li>Sisaldab aromaatseid j\u00f5uluv\u00fcrtse: kaneeli, ingverit, nelki ja aniisi.<\/li>\n<p>&#13;<\/p>\n<li>Poolniisked, kergesti seeditavad maiused igas suuruses koertele.<\/li>\n<p>&#13;<\/p>\n<li>Komplektis ka Brit Care Dental Stick Apple Strudel \u2013 hammaste hoolduseks ja v\u00e4rskeks hinge\u00f5huks.<\/li>\n<p>&#13;<\/p>\n<li>Loodud armastusega \u2013 et ka sinu koer saaks tunda j\u00f5ulur\u00f5\u00f5mu.<\/li>\n<p>&#13;<br \/>\n<br \/>&#13;<br \/>\n<b>Poolniisked maiused kaneeli, ingveri, nelgi ja aniisiga.<\/b> T\u00e4iends\u00f6\u00f6t t\u00e4iskasvanud koertele.  Koostis: kanavalk (30%), kollane hernes (28%), taimne gl\u00fctserool (15%), h\u00fcdrol\u00fc\u00fcsitud kanamaks (8%), kollageen (5%), punane l\u00e4\u00e4ts (4%), k\u00f5rvits (4%), kuivatatud kaneel (2%), hernejahu, kuivatatud ingver (1%), kuivatatud aniis (0,5%), kuivatatud nelk (0,5%), fulvohape (0,5%), ananassmeloni ekstrakt (0,01%), inaktiveeritud bakterid ja nende osad (Lactobacillus helveticus HA\u2013122, 15\u00d710\u2079 rakku\/kg). Anal\u00fc\u00fctiline koostis: toorproteiin 28,0%, toorrasv 5,0%, toorkiud 2,5%, toortuhk 6,0%, niiskus 17,0%, kaltsium 1,0%, fosfor 1,0%, naatrium 0,5%, oomega-3 rasvhapped 0,1%, oomega-6 rasvhapped 0,7%. S\u00f6\u00f6dalisandid (1 kg kohta) &#8211; Toitainelised lisandid: C-vitamiin (3a312) 350 mg. Tehnoloogilised lisandid: sidrunhape (1a330), DL-\u00f5unhape (1a296), kaaliumsorbaat (1k202). Metaboliseeruv energia: 3 070 kcal\/kg.<br \/>&#13;<br \/>\n<b>Brit Care Dental Stick Apple Strudel &#8211; maius \u00f5una ja kaneeliga hammaste hoolduseks.<\/b> T\u00e4iends\u00f6\u00f6t koertele. Koostis: kaerajahu, taimne gl\u00fctserool (14%), kartulit\u00e4rklis (10%), h\u00fcdrol\u00fc\u00fcsitud p\u00e4rm (5%), kuivatatud \u00f5un (4%), melass (3%), kuivatatud kaneel (2%), naatriumheksametafosfaat (0,3%). Anal\u00fc\u00fctiline koostis: toorproteiin 9,5%, toorrasv 3,5%, toortuhk 2,6%, toorkiud 3,2%, niiskus 17%, kaltsium 0,1%, fosfor 0,2%, naatrium 0,05%. S\u00f6\u00f6dalisandid (1 kg kohta) &#8211; Toitainelised lisandid: C-vitamiin (3a312) 35 mg. Tehnoloogilised lisandid: sidrunhape (1a330), DL-\u00f5unhape (1a296). Metaboliseeruv energia: 3 015 kcal\/kg.<br \/>&#13;<br \/>\n<br \/>&#13;<br \/>\n<b>S\u00f6\u00f6tmissoovitus<\/b><br \/>&#13;<br \/>\nS\u00f6\u00f6da igap\u00e4evaselt maiusena v\u00f5i preemiana. Veendu, et koeral oleks alati v\u00e4rske joogivesi. Tegemist ei ole t\u00e4iss\u00f6\u00f6daga \u2013 \u00e4ra \u00fcleta soovitatud p\u00e4evast kogust. S\u00e4ilitada jahedas, kuivas kohas, eemal otsesest p\u00e4ikesevalgusest. P\u00e4rast avamist sulge pakend tihedalt, et maiused p\u00fcsiksid v\u00e4rskena.<\/p>\n","protected":false},"excerpt":{"rendered":"<p>P\u00fchade advendikalender koertele, mis sisaldab maitsvaid maiuseid.<\/p>\n","protected":false},"featured_media":19114,"template":"","meta":[],"product_cat":[1210,688],"product_tag":[],"class_list":{"0":"post-19113","1":"product","2":"type-product","3":"status-publish","4":"has-post-thumbnail","6":"product_cat-koerte-maiused","7":"product_cat-koerad","8":"pa_brand-brit-care","9":"pa_ean-3492","10":"pa_kaal-0-230","11":"pa_tootjariik-euroopa-liit","13":"first","14":"outofstock","15":"taxable","16":"shipping-taxable","17":"purchasable","18":"product-type-simple"},"_links":{"self":[{"href":"https:\/\/kasskoer.ee\/en\/wp-json\/wp\/v2\/product\/19113","targetHints":{"allow":["GET"]}}],"collection":[{"href":"https:\/\/kasskoer.ee\/en\/wp-json\/wp\/v2\/product"}],"about":[{"href":"https:\/\/kasskoer.ee\/en\/wp-json\/wp\/v2\/types\/product"}],"wp:featuredmedia":[{"embeddable":true,"href":"https:\/\/kasskoer.ee\/en\/wp-json\/wp\/v2\/media\/19114"}],"wp:attachment":[{"href":"https:\/\/kasskoer.ee\/en\/wp-json\/wp\/v2\/media?parent=19113"}],"wp:term":[{"taxonomy":"product_cat","embeddable":true,"href":"https:\/\/kasskoer.ee\/en\/wp-json\/wp\/v2\/product_cat?post=19113"},{"taxonomy":"product_tag","embeddable":true,"href":"https:\/\/kasskoer.ee\/en\/wp-json\/wp\/v2\/product_tag?post=19113"}],"curies":[{"name":"wp","href":"https:\/\/api.w.org\/{rel}","templated":true}]}}