{"id":19115,"date":"2026-04-20T03:10:18","date_gmt":"2026-04-20T00:10:18","guid":{"rendered":"https:\/\/kasskoer.ee\/product\/barry-king-joulupoder-piiksuga-koerale-23x31cm\/"},"modified":"2026-04-20T03:10:19","modified_gmt":"2026-04-20T00:10:19","slug":"barry-king-joulupoder-piiksuga-koerale-23x31cm","status":"publish","type":"product","link":"https:\/\/kasskoer.ee\/en\/toode\/barry-king-joulupoder-piiksuga-koerale-23x31cm\/","title":{"rendered":"Barry King j\u00f5ulup\u00f5der piiksuga koerale 23x31cm"},"content":{"rendered":"<li>M\u00e4nguasi on pehme ja teeb piiksuvat heli sellele vajutades.<\/li>\n<p>&#13;<\/p>\n<li>Valmistatud pehmest materjalist, armsa j\u00f5ulup\u00f5dra kujuga.<\/li>\n<p>&#13;<\/p>\n<li>Punased detailid muudavad m\u00e4nguasja huvitavamaks ja silmatorkavamaks.<\/li>\n<p>&#13;<\/p>\n<li>Pakub aktiivset tegevust ja palju m\u00e4ngur\u00f5\u00f5mu.<\/li>\n","protected":false},"excerpt":{"rendered":"<p>Barry King j\u00f5ululelu p\u00f5der piiksuga koerale.<\/p>\n","protected":false},"featured_media":19116,"template":"","meta":[],"product_cat":[1326,688],"product_tag":[],"class_list":{"0":"post-19115","1":"product","2":"type-product","3":"status-publish","4":"has-post-thumbnail","6":"product_cat-koerte-manguasjad","7":"product_cat-koerad","8":"pa_brand-barry-king","9":"pa_ean-3493","10":"pa_kaal-0-100","11":"pa_tootjariik-hiina","13":"first","14":"instock","15":"taxable","16":"shipping-taxable","17":"purchasable","18":"product-type-simple"},"_links":{"self":[{"href":"https:\/\/kasskoer.ee\/en\/wp-json\/wp\/v2\/product\/19115","targetHints":{"allow":["GET"]}}],"collection":[{"href":"https:\/\/kasskoer.ee\/en\/wp-json\/wp\/v2\/product"}],"about":[{"href":"https:\/\/kasskoer.ee\/en\/wp-json\/wp\/v2\/types\/product"}],"wp:featuredmedia":[{"embeddable":true,"href":"https:\/\/kasskoer.ee\/en\/wp-json\/wp\/v2\/media\/19116"}],"wp:attachment":[{"href":"https:\/\/kasskoer.ee\/en\/wp-json\/wp\/v2\/media?parent=19115"}],"wp:term":[{"taxonomy":"product_cat","embeddable":true,"href":"https:\/\/kasskoer.ee\/en\/wp-json\/wp\/v2\/product_cat?post=19115"},{"taxonomy":"product_tag","embeddable":true,"href":"https:\/\/kasskoer.ee\/en\/wp-json\/wp\/v2\/product_tag?post=19115"}],"curies":[{"name":"wp","href":"https:\/\/api.w.org\/{rel}","templated":true}]}}