{"id":19117,"date":"2026-04-20T03:10:18","date_gmt":"2026-04-20T00:10:18","guid":{"rendered":"https:\/\/kasskoer.ee\/product\/barry-king-joulusaarised-koerale-17cm-2tk\/"},"modified":"2026-04-20T03:10:19","modified_gmt":"2026-04-20T00:10:19","slug":"barry-king-joulusaarised-koerale-17cm-2tk","status":"publish","type":"product","link":"https:\/\/kasskoer.ee\/en\/toode\/barry-king-joulusaarised-koerale-17cm-2tk\/","title":{"rendered":"Barry King j\u00f5ulus\u00e4\u00e4rised koerale 17cm 2tk"},"content":{"rendered":"<li>J\u00f5uluvana kost\u00fc\u00fcmi meenutav k\u00e4pakaunistus on vahva ja meeleolukas lisand p\u00fchadeajaks.<\/li>\n<p>&#13;<\/p>\n<li>Pilkup\u00fc\u00fcdev j\u00f5ulukingitus koerale!<\/li>\n","protected":false},"excerpt":{"rendered":"<p>Takjakinnitusega j\u00f5ulukaunistused koera k\u00e4ppadele.<\/p>\n","protected":false},"featured_media":19118,"template":"","meta":[],"product_cat":[2240],"product_tag":[],"class_list":{"0":"post-19117","1":"product","2":"type-product","3":"status-publish","4":"has-post-thumbnail","6":"product_cat-koerte-riided","7":"pa_brand-barry-king","8":"pa_ean-3494","9":"pa_kaal-0-030","10":"pa_tootjariik-hiina","12":"first","13":"instock","14":"taxable","15":"shipping-taxable","16":"purchasable","17":"product-type-simple"},"_links":{"self":[{"href":"https:\/\/kasskoer.ee\/en\/wp-json\/wp\/v2\/product\/19117","targetHints":{"allow":["GET"]}}],"collection":[{"href":"https:\/\/kasskoer.ee\/en\/wp-json\/wp\/v2\/product"}],"about":[{"href":"https:\/\/kasskoer.ee\/en\/wp-json\/wp\/v2\/types\/product"}],"wp:featuredmedia":[{"embeddable":true,"href":"https:\/\/kasskoer.ee\/en\/wp-json\/wp\/v2\/media\/19118"}],"wp:attachment":[{"href":"https:\/\/kasskoer.ee\/en\/wp-json\/wp\/v2\/media?parent=19117"}],"wp:term":[{"taxonomy":"product_cat","embeddable":true,"href":"https:\/\/kasskoer.ee\/en\/wp-json\/wp\/v2\/product_cat?post=19117"},{"taxonomy":"product_tag","embeddable":true,"href":"https:\/\/kasskoer.ee\/en\/wp-json\/wp\/v2\/product_tag?post=19117"}],"curies":[{"name":"wp","href":"https:\/\/api.w.org\/{rel}","templated":true}]}}