{"id":19119,"date":"2026-04-20T03:10:18","date_gmt":"2026-04-20T00:10:18","guid":{"rendered":"https:\/\/kasskoer.ee\/product\/barry-king-joulusall-koerale-85cm\/"},"modified":"2026-04-20T03:10:19","modified_gmt":"2026-04-20T00:10:19","slug":"barry-king-joulusall-koerale-85cm","status":"publish","type":"product","link":"https:\/\/kasskoer.ee\/en\/toode\/barry-king-joulusall-koerale-85cm\/","title":{"rendered":"Barry King j\u00f5ulusall koerale 8,5cm"},"content":{"rendered":"<li>Armas j\u00f5ulutarvik sinu koerale \u2013 punasest ja valgest kangast sall kuldsete kellukestega lisab p\u00fchadeajaks pidulikkust ja r\u00f5\u00f5mu.<\/li>\n<p>&#13;<\/p>\n<li>Takjakinnitusega salli ava on 8,5 cm l\u00e4bim\u00f5\u00f5duga, sobides h\u00e4sti v\u00e4iksemale koerale.<\/li>\n","protected":false},"excerpt":{"rendered":"<p>J\u00f5uluteemaline sall kellukestega koerale.<\/p>\n","protected":false},"featured_media":19120,"template":"","meta":[],"product_cat":[2240],"product_tag":[],"class_list":{"0":"post-19119","1":"product","2":"type-product","3":"status-publish","4":"has-post-thumbnail","6":"product_cat-koerte-riided","7":"pa_brand-barry-king","8":"pa_ean-3495","9":"pa_kaal-0-050","10":"pa_tootjariik-hiina","12":"first","13":"instock","14":"taxable","15":"shipping-taxable","16":"purchasable","17":"product-type-simple"},"_links":{"self":[{"href":"https:\/\/kasskoer.ee\/en\/wp-json\/wp\/v2\/product\/19119","targetHints":{"allow":["GET"]}}],"collection":[{"href":"https:\/\/kasskoer.ee\/en\/wp-json\/wp\/v2\/product"}],"about":[{"href":"https:\/\/kasskoer.ee\/en\/wp-json\/wp\/v2\/types\/product"}],"wp:featuredmedia":[{"embeddable":true,"href":"https:\/\/kasskoer.ee\/en\/wp-json\/wp\/v2\/media\/19120"}],"wp:attachment":[{"href":"https:\/\/kasskoer.ee\/en\/wp-json\/wp\/v2\/media?parent=19119"}],"wp:term":[{"taxonomy":"product_cat","embeddable":true,"href":"https:\/\/kasskoer.ee\/en\/wp-json\/wp\/v2\/product_cat?post=19119"},{"taxonomy":"product_tag","embeddable":true,"href":"https:\/\/kasskoer.ee\/en\/wp-json\/wp\/v2\/product_tag?post=19119"}],"curies":[{"name":"wp","href":"https:\/\/api.w.org\/{rel}","templated":true}]}}