{"id":19121,"date":"2026-04-20T03:10:18","date_gmt":"2026-04-20T00:10:18","guid":{"rendered":"https:\/\/kasskoer.ee\/product\/barry-king-punane-joulukomplekt-koerale\/"},"modified":"2026-04-20T03:10:19","modified_gmt":"2026-04-20T00:10:19","slug":"barry-king-punane-joulukomplekt-koerale","status":"publish","type":"product","link":"https:\/\/kasskoer.ee\/en\/toode\/barry-king-punane-joulukomplekt-koerale\/","title":{"rendered":"Barry King punane j\u00f5ulukomplekt koerale"},"content":{"rendered":"<li>Komplekti kuulub vin\u00fc\u00fclist pall pulgakujuliste v\u00e4ljaulatuvate osadega \u2013 pall on l\u00f5bus ning samal ajal masseerib igemeid ja aitab kaasa suu\u00f5\u00f5ne h\u00fcgieeni s\u00e4ilitamisele.<\/li>\n<p>&#13;<\/p>\n<li>Komplektis on ka j\u00f5uluvana kujutisega tennisepall, mis sobib suurep\u00e4raselt viskem\u00e4nguks.<\/li>\n<p>&#13;<\/p>\n<li>Lisaks sisaldab komplekt k\u00f6it ning j\u00f5uluvana kost\u00fc\u00fcmi meenutavat pl\u00fc\u00fcsist konti.<\/li>\n<p>&#13;<\/p>\n<li>Ideaalne j\u00f5ulukingitus koerale!<\/li>\n","protected":false},"excerpt":{"rendered":"<p>J\u00f5uluteemaline punane m\u00e4nguasjakomplekt koertele.<\/p>\n","protected":false},"featured_media":19122,"template":"","meta":[],"product_cat":[1326,688],"product_tag":[],"class_list":{"0":"post-19121","1":"product","2":"type-product","3":"status-publish","4":"has-post-thumbnail","6":"product_cat-koerte-manguasjad","7":"product_cat-koerad","8":"pa_brand-barry-king","9":"pa_ean-3496","10":"pa_kaal-0-220","11":"pa_tootjariik-hiina","13":"first","14":"instock","15":"taxable","16":"shipping-taxable","17":"purchasable","18":"product-type-simple"},"_links":{"self":[{"href":"https:\/\/kasskoer.ee\/en\/wp-json\/wp\/v2\/product\/19121","targetHints":{"allow":["GET"]}}],"collection":[{"href":"https:\/\/kasskoer.ee\/en\/wp-json\/wp\/v2\/product"}],"about":[{"href":"https:\/\/kasskoer.ee\/en\/wp-json\/wp\/v2\/types\/product"}],"wp:featuredmedia":[{"embeddable":true,"href":"https:\/\/kasskoer.ee\/en\/wp-json\/wp\/v2\/media\/19122"}],"wp:attachment":[{"href":"https:\/\/kasskoer.ee\/en\/wp-json\/wp\/v2\/media?parent=19121"}],"wp:term":[{"taxonomy":"product_cat","embeddable":true,"href":"https:\/\/kasskoer.ee\/en\/wp-json\/wp\/v2\/product_cat?post=19121"},{"taxonomy":"product_tag","embeddable":true,"href":"https:\/\/kasskoer.ee\/en\/wp-json\/wp\/v2\/product_tag?post=19121"}],"curies":[{"name":"wp","href":"https:\/\/api.w.org\/{rel}","templated":true}]}}