{"id":19131,"date":"2026-04-20T03:10:18","date_gmt":"2026-04-20T00:10:18","guid":{"rendered":"https:\/\/kasskoer.ee\/product\/barry-king-koeralelu-kingitus-75-x-6cm\/"},"modified":"2026-04-20T03:10:21","modified_gmt":"2026-04-20T00:10:21","slug":"barry-king-koeralelu-kingitus-75-x-6cm","status":"publish","type":"product","link":"https:\/\/kasskoer.ee\/en\/toode\/barry-king-koeralelu-kingitus-75-x-6cm\/","title":{"rendered":"Barry King koeralelu kingitus 7,5 x 6cm"},"content":{"rendered":"<li>Piiksuv vin\u00fc\u00fclist m\u00e4nguasi kingipaki kujul on ideaalne j\u00f5ulukingitus sinu koerale.<\/li>\n<p>&#13;<\/p>\n<li>M\u00e4nguasi teeb h\u00e4\u00e4lt ja kutsub koera m\u00e4ngima, pakkudes r\u00f5\u00f5mu ja tegevust p\u00fchadeajaks.<\/li>\n<p>&#13;<\/p>\n<li>Valmistatud vastupidavast ja ohutust materjalist, sobib igas suuruses koertele.<\/li>\n","protected":false},"excerpt":{"rendered":"<p>Kingipakikujuline piiksuv m\u00e4nguasi koerale.<\/p>\n","protected":false},"featured_media":19132,"template":"","meta":[],"product_cat":[1326,688],"product_tag":[],"class_list":{"0":"post-19131","1":"product","2":"type-product","3":"status-publish","4":"has-post-thumbnail","6":"product_cat-koerte-manguasjad","7":"product_cat-koerad","8":"pa_brand-barry-king","9":"pa_ean-3500","10":"pa_kaal-0-080","11":"pa_tootjariik-hiina","13":"first","14":"instock","15":"taxable","16":"shipping-taxable","17":"purchasable","18":"product-type-simple"},"_links":{"self":[{"href":"https:\/\/kasskoer.ee\/en\/wp-json\/wp\/v2\/product\/19131","targetHints":{"allow":["GET"]}}],"collection":[{"href":"https:\/\/kasskoer.ee\/en\/wp-json\/wp\/v2\/product"}],"about":[{"href":"https:\/\/kasskoer.ee\/en\/wp-json\/wp\/v2\/types\/product"}],"wp:featuredmedia":[{"embeddable":true,"href":"https:\/\/kasskoer.ee\/en\/wp-json\/wp\/v2\/media\/19132"}],"wp:attachment":[{"href":"https:\/\/kasskoer.ee\/en\/wp-json\/wp\/v2\/media?parent=19131"}],"wp:term":[{"taxonomy":"product_cat","embeddable":true,"href":"https:\/\/kasskoer.ee\/en\/wp-json\/wp\/v2\/product_cat?post=19131"},{"taxonomy":"product_tag","embeddable":true,"href":"https:\/\/kasskoer.ee\/en\/wp-json\/wp\/v2\/product_tag?post=19131"}],"curies":[{"name":"wp","href":"https:\/\/api.w.org\/{rel}","templated":true}]}}