{"id":19133,"date":"2026-04-20T03:10:21","date_gmt":"2026-04-20T00:10:21","guid":{"rendered":"https:\/\/kasskoer.ee\/product\/barry-king-helesinine-kassiliivakuhvel-27x9x35cm\/"},"modified":"2026-04-20T03:10:22","modified_gmt":"2026-04-20T00:10:22","slug":"barry-king-helesinine-kassiliivakuhvel-27x9x35cm","status":"publish","type":"product","link":"https:\/\/kasskoer.ee\/en\/toode\/barry-king-helesinine-kassiliivakuhvel-27x9x35cm\/","title":{"rendered":"Barry King helesinine kassiliivak\u00fchvel 27x9x3,5cm"},"content":{"rendered":"<li>K\u00fchvel teeb kassiliivakasti koristamise mugavaks ja h\u00fcgieeniliseks.<\/li>\n<p>&#13;<\/p>\n<li>Plastikust k\u00fchvel on kerge ja vastupidav.<\/li>\n<p>&#13;<\/p>\n<li>K\u00fchvlit on lihtne puhastada.<\/li>\n","protected":false},"excerpt":{"rendered":"<p>Barry King k\u00fchvel kassi liivakasti puhastamiseks.<\/p>\n","protected":false},"featured_media":19134,"template":"","meta":[],"product_cat":[1216],"product_tag":[],"class_list":{"0":"post-19133","1":"product","2":"type-product","3":"status-publish","4":"has-post-thumbnail","6":"product_cat-kasside-tarvikud","7":"pa_brand-barry-king","8":"pa_ean-3501","9":"pa_kaal-0-040","10":"pa_tootjariik-hiina","12":"first","13":"instock","14":"taxable","15":"shipping-taxable","16":"purchasable","17":"product-type-simple"},"_links":{"self":[{"href":"https:\/\/kasskoer.ee\/en\/wp-json\/wp\/v2\/product\/19133","targetHints":{"allow":["GET"]}}],"collection":[{"href":"https:\/\/kasskoer.ee\/en\/wp-json\/wp\/v2\/product"}],"about":[{"href":"https:\/\/kasskoer.ee\/en\/wp-json\/wp\/v2\/types\/product"}],"wp:featuredmedia":[{"embeddable":true,"href":"https:\/\/kasskoer.ee\/en\/wp-json\/wp\/v2\/media\/19134"}],"wp:attachment":[{"href":"https:\/\/kasskoer.ee\/en\/wp-json\/wp\/v2\/media?parent=19133"}],"wp:term":[{"taxonomy":"product_cat","embeddable":true,"href":"https:\/\/kasskoer.ee\/en\/wp-json\/wp\/v2\/product_cat?post=19133"},{"taxonomy":"product_tag","embeddable":true,"href":"https:\/\/kasskoer.ee\/en\/wp-json\/wp\/v2\/product_tag?post=19133"}],"curies":[{"name":"wp","href":"https:\/\/api.w.org\/{rel}","templated":true}]}}