{"id":19135,"date":"2026-04-20T03:10:21","date_gmt":"2026-04-20T00:10:21","guid":{"rendered":"https:\/\/kasskoer.ee\/product\/barry-king-kassilelu-pehme-kuusepuu-9-x-95cm\/"},"modified":"2026-04-20T03:10:22","modified_gmt":"2026-04-20T00:10:22","slug":"barry-king-kassilelu-pehme-kuusepuu-9-x-95cm","status":"publish","type":"product","link":"https:\/\/kasskoer.ee\/en\/toode\/barry-king-kassilelu-pehme-kuusepuu-9-x-95cm\/","title":{"rendered":"Barry King kassilelu pehme kuusepuu 9 x 9,5cm"},"content":{"rendered":"<li>Atraktiivne j\u00f5uluteemaline disain loob piduliku meeleolu ja pakub kassile tundidepikkust m\u00e4ngulusti, julgustades teda liikuma ja avastama.<\/li>\n<p>&#13;<\/p>\n<li>M\u00e4nguasi on kerge ja mugav, nii et kass saab seda h\u00f5lpsasti visata, veeretada v\u00f5i suus kanda.<\/li>\n<p>&#13;<\/p>\n<li>Valmistatud ohutust ja vastupidavast materjalist, sobiv m\u00e4nguasi igas vanuses kassidele.<\/li>\n","protected":false},"excerpt":{"rendered":"<p>Piiksuv kuusekujuline m\u00e4nguasi on ideaalne j\u00f5ulukingitus sinu kassile.<\/p>\n","protected":false},"featured_media":19136,"template":"","meta":[],"product_cat":[1321],"product_tag":[],"class_list":{"0":"post-19135","1":"product","2":"type-product","3":"status-publish","4":"has-post-thumbnail","6":"product_cat-kasside-manguasjad","7":"pa_brand-barry-king","8":"pa_ean-3502","9":"pa_kaal-0-020","10":"pa_tootjariik-hiina","12":"first","13":"instock","14":"taxable","15":"shipping-taxable","16":"purchasable","17":"product-type-simple"},"_links":{"self":[{"href":"https:\/\/kasskoer.ee\/en\/wp-json\/wp\/v2\/product\/19135","targetHints":{"allow":["GET"]}}],"collection":[{"href":"https:\/\/kasskoer.ee\/en\/wp-json\/wp\/v2\/product"}],"about":[{"href":"https:\/\/kasskoer.ee\/en\/wp-json\/wp\/v2\/types\/product"}],"wp:featuredmedia":[{"embeddable":true,"href":"https:\/\/kasskoer.ee\/en\/wp-json\/wp\/v2\/media\/19136"}],"wp:attachment":[{"href":"https:\/\/kasskoer.ee\/en\/wp-json\/wp\/v2\/media?parent=19135"}],"wp:term":[{"taxonomy":"product_cat","embeddable":true,"href":"https:\/\/kasskoer.ee\/en\/wp-json\/wp\/v2\/product_cat?post=19135"},{"taxonomy":"product_tag","embeddable":true,"href":"https:\/\/kasskoer.ee\/en\/wp-json\/wp\/v2\/product_tag?post=19135"}],"curies":[{"name":"wp","href":"https:\/\/api.w.org\/{rel}","templated":true}]}}