{"id":19142,"date":"2026-04-20T03:05:08","date_gmt":"2026-04-20T00:05:08","guid":{"rendered":"https:\/\/kasskoer.ee\/product\/tropifit-standard-taissoot-merisigadele-05-kg\/"},"modified":"2026-04-20T03:05:10","modified_gmt":"2026-04-20T00:05:10","slug":"tropifit-standard-taissoot-merisigadele-05-kg","status":"publish","type":"product","link":"https:\/\/kasskoer.ee\/en\/toode\/tropifit-standard-taissoot-merisigadele-05-kg\/","title":{"rendered":"Tropifit Standard t\u00e4iss\u00f6\u00f6t merisigadele 0,5 kg"},"content":{"rendered":"<p><b>Tropifit mitmekomponentne t\u00e4istoit merisigadele, mis sisaldab teraviljade ja graanulite segu, sealhulgas timuti- ja lutsernigraanuleid.<\/b>&#13;<\/p>\n<li>Looduslik vitamiinide allikas &#8211; sealhulgas merisigadele h\u00e4davaliku C-vitamiini allikas.<\/li>\n<p>&#13;<\/p>\n<li>Looduslik makro- ja mikroelementide allikas.<\/li>\n<p>&#13;<br \/>\n<br \/>&#13;<br \/>\n<b>Koostis<\/b><br \/>&#13;<br \/>\nTeraviljad, taimse p\u00e4ritoluga saadused (sh timuti- ja lutsernigraanulid).<br \/>&#13;<br \/>\n<br \/>&#13;<br \/>\n<b>S\u00f6\u00f6dalisandid<\/b><br \/>&#13;<br \/>\nV\u00e4rvained.<br \/>&#13;<br \/>\n<br \/>&#13;<br \/>\n<b>S\u00f6\u00f6tmisjuhend<\/b><br \/>&#13;<br \/>\nLoomadel peab olema pidev juurdep\u00e4\u00e4s toidule ja v\u00e4rskele joogiveele. Toit ja vesi tuleks vahetada iga p\u00e4ev.<\/p>\n","protected":false},"excerpt":{"rendered":"<p>Maitsev ja tasakaalustatud t\u00e4iss\u00f6\u00f6t merisigadele.<\/p>\n","protected":false},"featured_media":19143,"template":"","meta":[],"product_cat":[693,3078,52],"product_tag":[],"class_list":{"0":"post-19142","1":"product","2":"type-product","3":"status-publish","4":"has-post-thumbnail","6":"product_cat-muud-loomad","7":"product_cat-narilised","8":"product_cat-nariliste-toit","9":"pa_brand-tropifit","10":"pa_ean-3505","11":"pa_kaal-0-500","12":"pa_tootjariik-euroopa-liit","14":"first","15":"instock","16":"taxable","17":"shipping-taxable","18":"purchasable","19":"product-type-simple"},"_links":{"self":[{"href":"https:\/\/kasskoer.ee\/en\/wp-json\/wp\/v2\/product\/19142","targetHints":{"allow":["GET"]}}],"collection":[{"href":"https:\/\/kasskoer.ee\/en\/wp-json\/wp\/v2\/product"}],"about":[{"href":"https:\/\/kasskoer.ee\/en\/wp-json\/wp\/v2\/types\/product"}],"wp:featuredmedia":[{"embeddable":true,"href":"https:\/\/kasskoer.ee\/en\/wp-json\/wp\/v2\/media\/19143"}],"wp:attachment":[{"href":"https:\/\/kasskoer.ee\/en\/wp-json\/wp\/v2\/media?parent=19142"}],"wp:term":[{"taxonomy":"product_cat","embeddable":true,"href":"https:\/\/kasskoer.ee\/en\/wp-json\/wp\/v2\/product_cat?post=19142"},{"taxonomy":"product_tag","embeddable":true,"href":"https:\/\/kasskoer.ee\/en\/wp-json\/wp\/v2\/product_tag?post=19142"}],"curies":[{"name":"wp","href":"https:\/\/api.w.org\/{rel}","templated":true}]}}