{"id":19145,"date":"2026-04-20T03:05:42","date_gmt":"2026-04-20T00:05:42","guid":{"rendered":"https:\/\/kasskoer.ee\/product\/tropifit-premium-plus-rabbit-taissoot-kuulikutele-750g\/"},"modified":"2026-04-20T03:05:42","modified_gmt":"2026-04-20T00:05:42","slug":"tropifit-premium-plus-rabbit-taissoot-kuulikutele-750g","status":"publish","type":"product","link":"https:\/\/kasskoer.ee\/en\/toode\/tropifit-premium-plus-rabbit-taissoot-kuulikutele-750g\/","title":{"rendered":"Tropifit Premium Plus Rabbit t\u00e4iss\u00f6\u00f6t k\u00fc\u00fclikutele 750g"},"content":{"rendered":"<p><b>Tropifit Premium Plus Rabbit t\u00e4iss\u00f6\u00f6t k\u00fc\u00fclikutele, mis p\u00f5hineb timuti-, lutserni-, \u00f5una- ja p\u00e4evalilleseemneid sisaldavatel kiudainerikastel graanulitel ning on rikastatud vitamiinirikaste kuivatatud k\u00f6\u00f6giviljade ja aromaatsete \u00fcrtidega.<\/b>&#13;<\/p>\n<li>Petersell, kummel, piparm\u00fcnt ja saialill &#8211; aromaatsed \u00fcrdid lisavad toidule isu\u00e4ratavat maitset.<\/li>\n<p>&#13;<\/p>\n<li>K\u00f5rge kiudainesisaldus ning peedi ja \u00fcrtide lisamine aitavad reguleerida seedimist ja v\u00e4hendada karvapallide teket.<\/li>\n<p>&#13;<\/p>\n<li>Mitmete koostisosade prebiootilised omadused toetavad kasuliku soolefloora arengut ja tugevdavad k\u00fc\u00fcliku immuuns\u00fcsteemi.<\/li>\n<p>&#13;<\/p>\n<li>Ei sisalda kunstlikke v\u00e4rvaineid, s\u00e4ilitusaineid, maitsetugevdajaid, lisatud suhkrut ega l\u00f5hnaaineid.<\/li>\n<p>&#13;<br \/>\n<br \/>&#13;<br \/>\n<b>Koostis<\/b><br \/>&#13;<br \/>\nTeraviljad (sh mais), taimset p\u00e4ritolu saadused (sh timutigraanulid 19,5%, lutsernigraanulid 3%, kummel, piparm\u00fcnt, petersell, hein, saialill), puuviljad (kuivatatud \u00f5un graanulis 10,5%), k\u00f6\u00f6giviljad (kuivatatud peet 2,5%, kuivatatud porgand 2%), seemned (sh p\u00e4evalilleseemned graanulis 1,5%, linaseemned graanulis 1,5%), mineraalained.<br \/>&#13;<br \/>\n<br \/>&#13;<br \/>\n<b>Anal\u00fc\u00fctilised koostisosad<\/b><br \/>&#13;<br \/>\nToorvalk 11,0%, toorrasv 3,8%, toorkiud 15,5%, niiskus 11,0%.<br \/>&#13;<br \/>\n<br \/>&#13;<br \/>\n<b>S\u00f6\u00f6tmisjuhend<\/b><br \/>&#13;<br \/>\nS\u00f6\u00f6da 50\u201380 g p\u00e4evas kahes portsjonis. Tagada tuleb pidev juurdep\u00e4\u00e4s heinale ja v\u00e4rskele joogiveele. Kui k\u00fc\u00fcliku toidulaual on ka v\u00e4rskeid k\u00f6\u00f6givilju ja \u00fcrte, v\u00f5ib p\u00e4evast kogust v\u00e4hendada.<\/p>\n","protected":false},"excerpt":{"rendered":"<p>T\u00e4isv\u00e4\u00e4rtuslik k\u00f6\u00f6giviljade ja \u00fcrtidega toit k\u00fc\u00fclikutele.<\/p>\n","protected":false},"featured_media":19146,"template":"","meta":[],"product_cat":[693,3078,52],"product_tag":[],"class_list":{"0":"post-19145","1":"product","2":"type-product","3":"status-publish","4":"has-post-thumbnail","6":"product_cat-muud-loomad","7":"product_cat-narilised","8":"product_cat-nariliste-toit","9":"pa_brand-tropifit","10":"pa_ean-3506","11":"pa_kaal-0-750","12":"pa_tootjariik-euroopa-liit","14":"first","15":"instock","16":"sale","17":"taxable","18":"shipping-taxable","19":"purchasable","20":"product-type-simple"},"_links":{"self":[{"href":"https:\/\/kasskoer.ee\/en\/wp-json\/wp\/v2\/product\/19145","targetHints":{"allow":["GET"]}}],"collection":[{"href":"https:\/\/kasskoer.ee\/en\/wp-json\/wp\/v2\/product"}],"about":[{"href":"https:\/\/kasskoer.ee\/en\/wp-json\/wp\/v2\/types\/product"}],"wp:featuredmedia":[{"embeddable":true,"href":"https:\/\/kasskoer.ee\/en\/wp-json\/wp\/v2\/media\/19146"}],"wp:attachment":[{"href":"https:\/\/kasskoer.ee\/en\/wp-json\/wp\/v2\/media?parent=19145"}],"wp:term":[{"taxonomy":"product_cat","embeddable":true,"href":"https:\/\/kasskoer.ee\/en\/wp-json\/wp\/v2\/product_cat?post=19145"},{"taxonomy":"product_tag","embeddable":true,"href":"https:\/\/kasskoer.ee\/en\/wp-json\/wp\/v2\/product_tag?post=19145"}],"curies":[{"name":"wp","href":"https:\/\/api.w.org\/{rel}","templated":true}]}}