{"id":19151,"date":"2026-04-20T03:05:08","date_gmt":"2026-04-20T00:05:08","guid":{"rendered":"https:\/\/kasskoer.ee\/product\/brit-care-grain-free-haircare-with-raw-delights-kassitoit-2-kg\/"},"modified":"2026-04-20T03:05:10","modified_gmt":"2026-04-20T00:05:10","slug":"brit-care-grain-free-haircare-with-raw-delights-kassitoit-2-kg","status":"publish","type":"product","link":"https:\/\/kasskoer.ee\/en\/toode\/brit-care-grain-free-haircare-with-raw-delights-kassitoit-2-kg\/","title":{"rendered":"Brit Care Grain-Free Haircare with Raw Delights kassitoit 2 kg"},"content":{"rendered":"<p><b>Brit Care Grain-Free Haircare with Raw Delights h\u00fcpoallergeenne t\u00e4iss\u00f6\u00f6t n\u00f5udliku karva v\u00f5i tundliku nahaga kassidele.<\/b>&#13;<\/p>\n<li>V\u00f5rratu segu v\u00e4rskest ja k\u00fclmkuivatatud kalkunist koos l\u00f5hega \u2013 suurep\u00e4rane maitse ka pirtsakale kassile<\/li>\n<p>&#13;<\/p>\n<li>H\u00fcpoallergeenne koostis &#8211; sobib tundliku seedimise v\u00f5i allergiakalduvusega kassidele.<\/li>\n<p>&#13;<\/p>\n<li>T\u00e4iustatud naha- ja karvahooldus &#8211; suur oomega-3 rasvhapete sisaldus toetab naha tervist ja annab kassile l\u00e4ikiva, siidise karva.<\/li>\n<p>&#13;<\/p>\n<li>Pre- ja postbiootikumid &#8211; toetavad seedimist, tugevdavad immuuns\u00fcsteemi ja parandavad toitainete omastamist.<\/li>\n<p>&#13;<\/p>\n<li>Linaseemned ja lignotselluloos &#8211; toetavad head seedimist ja karvapallide v\u00e4ljutamist.<\/li>\n<p>&#13;<\/p>\n<li>Teraviljavaba \u2013 v\u00e4rvainevaba \u2013 s\u00e4ilitusainetevaba \u2013 GMO vaba \u2013 soja vaba.<\/li>\n<p>&#13;<br \/>\n<br \/>&#13;<br \/>\n<b>Koostis<\/b><br \/>&#13;<br \/>\nV\u00e4rske kalkun 26%, deh\u00fcdreeritud l\u00f5he 26%, kollased herned 12%, kikerherned 9%, linnurasv 8%, k\u00fclmkuivatatud kalkun 6% (99% v\u00e4rske kalkun, 1% lignotselluloos, inaktiveeritud bakterid ja nende osad: Lactobacillus helveticus HA\u2013122, 1,5\u00d710\u2079 rakku\/kg), kuivatatud sigurijuured 2,5%, kuivatatud \u00f5unad 2%, l\u00f5he\u00f5li 2%, h\u00fcdrol\u00fc\u00fcsitud kanamaks 2%, \u00f5llep\u00e4rm 2%, linaseemned 1%, kuivatatud kummel 0,5%, hernejahu, kuivatatud astelpaju 0,3%, kuivatatud j\u00f5hvikad 0,2%, frukto-oligosahhariidid 0,015%, mannaan-oligosahhariidid 0,015%, t\u00e4\u00e4kliilia (Mojave yukka) 0,008%, inaktiveeritud bakterid ja nende osad (Lactobacillus helveticus HA\u2013122, 1,5\u00d710\u2079 rakku\/kg).<br \/>&#13;<br \/>\n<br \/>&#13;<br \/>\n<b>Anal\u00fc\u00fctiline koostis<\/b><br \/>&#13;<br \/>\nToorvalk 33,0%, toorrasv 17,0%, toorkiud 1,5%, toortuhk 7,5%, niiskus 10,0%, oomega-3 rasvhapped 0,5%, oomega-6 rasvhapped 3,2%, kaltsium 1,2%, fosfor 0,9%, naatrium 0,5%, magneesium 0,1%.<br \/>&#13;<br \/>\n<br \/>&#13;<br \/>\n<b>S\u00f6\u00f6dalisandid (1 kg kohta)<\/b><br \/>&#13;<br \/>\nToitainelised lisandid: vitamiin A (3a672a) 20 000 R\u00dc, vitamiin D\u2083 (3a671) 800 R\u00dc, vitamiin E (3a700) 600 mg, vitamiin C (3a312) 300 mg, tauriin (3a370) 2 500 mg, L-karnitiin (3a910) 50 mg, koliinkloriid (3a890) 2 500 mg, biotiin (3a880) 2 mg, vitamiin B\u2081 (3a821) 10 mg, vitamiin B\u2082 (3a825i) 12 mg, niatsiinamiid (3a315) 50 mg, kaltsium-D-pantotenaat (3a841) 40 mg, vitamiin B\u2086 (3a831) 10 mg, foolhape (3a316) 2 mg, vitamiin B\u2081\u2082 (3a835) 0,04 mg, tsink (3b612) 120 mg, raud (3b107) 45 mg, mangaan (3b505) 55 mg, kaaliumjodiid (3b201) 4 mg, vask (3b407) 10 mg, L-metioniin (3c305) 2 000 mg. Sisaldab EL-is heaks kiidetud looduslikke antioks\u00fcdante: tokoferooliekstraktid taimsetest \u00f5lidest (1b306(i)), askorb\u00fc\u00fclpalmitaat (1b304) ja rosmariiniekstrakt.<br \/>&#13;<br \/>\n<br \/>&#13;<br \/>\n<b>Metaboliseeruv energia<\/b><br \/>&#13;<br \/>\n3912 kcal\/kg<br \/>&#13;<br \/>\n<br \/>&#13;<br \/>\n<b>S\u00f6\u00f6tmisjuhend<\/b><br \/>&#13;<br \/>\nServeeri toit kuivalt v\u00f5i leige veega niisutatult. Tagada tuleb v\u00e4rske joogivee pidev k\u00e4ttesaadavus. Toit v\u00f5ib olla saadaval kogu p\u00e4eva jooksul. Brit Care\u2019i esmakordsel kasutamisel segada seda eelmise toiduga, suurendades Brit Care\u2019i osakaalu j\u00e4rk-j\u00e4rgult. Hoida kuivas ja jahedas, eemal otsesest p\u00e4ikesevalgusest. P\u00e4rast avamist sulgeda pakend korralikult.<\/p>\n","protected":false},"excerpt":{"rendered":"<p>Brit Care teraviljavaba h\u00fcpoallergeenne toit v\u00e4rske ja k\u00fclmkuivatatud kalkuni ning l\u00f5hega.<\/p>\n","protected":false},"featured_media":19152,"template":"","meta":[],"product_cat":[689,75],"product_tag":[],"class_list":{"0":"post-19151","1":"product","2":"type-product","3":"status-publish","4":"has-post-thumbnail","6":"product_cat-kassid","7":"product_cat-kassitoit","8":"pa_brand-brit-care","9":"pa_ean-3508","10":"pa_kaal-2-000","11":"pa_tootjariik-tsehhi","13":"first","14":"instock","15":"taxable","16":"shipping-taxable","17":"purchasable","18":"product-type-simple"},"_links":{"self":[{"href":"https:\/\/kasskoer.ee\/en\/wp-json\/wp\/v2\/product\/19151","targetHints":{"allow":["GET"]}}],"collection":[{"href":"https:\/\/kasskoer.ee\/en\/wp-json\/wp\/v2\/product"}],"about":[{"href":"https:\/\/kasskoer.ee\/en\/wp-json\/wp\/v2\/types\/product"}],"wp:featuredmedia":[{"embeddable":true,"href":"https:\/\/kasskoer.ee\/en\/wp-json\/wp\/v2\/media\/19152"}],"wp:attachment":[{"href":"https:\/\/kasskoer.ee\/en\/wp-json\/wp\/v2\/media?parent=19151"}],"wp:term":[{"taxonomy":"product_cat","embeddable":true,"href":"https:\/\/kasskoer.ee\/en\/wp-json\/wp\/v2\/product_cat?post=19151"},{"taxonomy":"product_tag","embeddable":true,"href":"https:\/\/kasskoer.ee\/en\/wp-json\/wp\/v2\/product_tag?post=19151"}],"curies":[{"name":"wp","href":"https:\/\/api.w.org\/{rel}","templated":true}]}}