{"id":19154,"date":"2026-04-20T03:05:08","date_gmt":"2026-04-20T00:05:08","guid":{"rendered":"https:\/\/kasskoer.ee\/product\/brit-care-grain-free-sterilized-with-raw-delights-kassitoit-2-kg\/"},"modified":"2026-04-20T03:05:10","modified_gmt":"2026-04-20T00:05:10","slug":"brit-care-grain-free-sterilized-with-raw-delights-kassitoit-2-kg","status":"publish","type":"product","link":"https:\/\/kasskoer.ee\/en\/toode\/brit-care-grain-free-sterilized-with-raw-delights-kassitoit-2-kg\/","title":{"rendered":"Brit Care Grain-Free Sterilized with Raw Delights kassitoit 2 kg"},"content":{"rendered":"<p><b>Brit Care Grain-Free Sterilized with Raw Delights h\u00fcpoallergeenne t\u00e4iss\u00f6\u00f6t steriliseeritud ja \u00fclekaalulistele kassidele.<\/b>&#13;<\/p>\n<li>Vastupandamatu maitse &#8211; v\u00e4rske ja k\u00fclmkuivatatud kana muudab toidu loomulikult \u00fclimalt isu\u00e4ratavaks.<\/li>\n<p>&#13;<\/p>\n<li>H\u00fcpoallergeenne koostis &#8211; sobib tundliku seedimise v\u00f5i allergiakalduvusega kassidele.<\/li>\n<p>&#13;<\/p>\n<li>Kuseteede tervise tugi (pH kontroll ja L-metioniin) &#8211; aitab v\u00e4hendada uriinikristallide ja -kivide tekkeriski.<\/li>\n<p>&#13;<\/p>\n<li>Kaalukontroll steriliseeritud kassidele &#8211; tasakaalustatud rasvasisaldus ja kiudained aitavad hoida tervislikku kehakaalu.<\/li>\n<p>&#13;<\/p>\n<li>Pre- ja postbiootikumid &#8211; toetavad seedimist, tugevdavad immuuns\u00fcsteemi ja parandavad toitainete omastamist.<\/li>\n<p>&#13;<\/p>\n<li>Ps\u00fcllium, linaseemned ja lignotselluloos &#8211; toetavad head seedimist ja karvapallide v\u00e4ljutamist.<\/li>\n<p>&#13;<\/p>\n<li>Teraviljavaba \u2013 v\u00e4rvainevaba \u2013 s\u00e4ilitusainetevaba \u2013 GMO vaba \u2013 soja vaba.<\/li>\n<p>&#13;<br \/>\n<br \/>&#13;<br \/>\n<b>Koostis<\/b><br \/>&#13;<br \/>\nV\u00e4rske kana 26%, deh\u00fcdreeritud kana 26%, kollased herned 14%, kikerherned 8%, k\u00fclmkuivatatud kana 6% (99% v\u00e4rske kana, 1% lignotselluloos, inaktiveeritud bakterid ja nende osad Lactobacillus helveticus HA\u2013122, 1,5\u00d710\u2079 rakku\/kg), kuivatatud \u00f5unad 6%, linnurasv 4%, l\u00f5he\u00f5li 2%, h\u00fcdrol\u00fc\u00fcsitud kanamaks 2%, \u00f5llep\u00e4rm 2%, ps\u00fclliumi kestad ja seemned 1%, linaseemned 1%, kuivatatud mungalill 0,5%, kuivatatud kummel 0,5%, hernejahu, kuivatatud astelpaju 0,3%, kuivatatud j\u00f5hvikad 0,2%, frukto-oligosahhariidid 0,015%, mannaan-oligosahhariidid 0,015%, t\u00e4\u00e4kliilia (Mojave yucca) 0,008%, inaktiveeritud bakterid ja nende osad (Lactobacillus helveticus HA\u2013122, 1,5\u00d710\u2079 rakku\/kg).<br \/>&#13;<br \/>\n<br \/>&#13;<br \/>\n<b>Anal\u00fc\u00fctiline koostis<\/b><br \/>&#13;<br \/>\nToorvalk 33,0%, toorrasv 13,0%, toorkiud 3,5%, toortuhk 9,0%, niiskus 10,0%, omega-3 rasvhapped 0,3%, omega-6 rasvhapped 2,4%, kaltsium 0,8%, fosfor 0,7%, naatrium 1,0%, magneesium 0,04%.<br \/>&#13;<br \/>\n<br \/>&#13;<br \/>\n<b>S\u00f6\u00f6dalisandid (1 kg kohta)<\/b><br \/>&#13;<br \/>\nToitainelised lisandid: vitamiin A (3a672a) 20 000 R\u00dc, vitamiin D\u2083 (3a671) 800 R\u00dc, vitamiin E (3a700) 600 mg, vitamiin C (3a312) 300 mg, tauriin (3a370) 2 500 mg, L-karnitiin (3a910) 100 mg, koliinkloriid (3a890) 2 500 mg, biotiin (3a880) 2 mg, vitamiin B\u2081 (3a821) 10 mg, vitamiin B\u2082 (3a825i) 12 mg, niatsiinamiid (3a315) 50 mg, kaltsium-D-pantotenaat (3a841) 40 mg, vitamiin B\u2086 (3a831) 10 mg, foolhape (3a316) 2 mg, vitamiin B\u2081\u2082 (3a835) 0,04 mg, tsink (3b612) 120 mg, raud (3b103) 45 mg, mangaan (3b502) 55 mg, kaaliumjodiid (3b201) 4 mg, vask (3b405) 10 mg, L-metioniin (3c305) 5 000 mg. Sisaldab EL-is heaks kiidetud looduslikke antioks\u00fcdante: tokoferooliekstraktid taimsetest \u00f5lidest (1b306(i)), askorb\u00fc\u00fclpalmitaat (1b304) ja rosmariiniekstrakt.<br \/>&#13;<br \/>\n<br \/>&#13;<br \/>\n<b>Metaboliseeruv energia<\/b><br \/>&#13;<br \/>\n3595 kcal\/kg<br \/>&#13;<br \/>\n<br \/>&#13;<br \/>\n<b>S\u00f6\u00f6tmisjuhend<\/b><br \/>&#13;<br \/>\nServeeri toit kuivalt v\u00f5i leige veega niisutatult. Tagada tuleb v\u00e4rske joogivee pidev k\u00e4ttesaadavus. Toit v\u00f5ib olla saadaval kogu p\u00e4eva jooksul. Brit Care\u2019i esmakordsel kasutamisel segada seda eelmise toiduga, suurendades Brit Care\u2019i osakaalu j\u00e4rk-j\u00e4rgult. Hoida kuivas ja jahedas, eemal otsesest p\u00e4ikesevalgusest. P\u00e4rast avamist sulgeda pakend korralikult.<\/p>\n","protected":false},"excerpt":{"rendered":"<p>Brit Care teraviljavaba h\u00fcpoallergeenne toit v\u00e4rske ja k\u00fclmkuivatatud kanaga.<\/p>\n","protected":false},"featured_media":19155,"template":"","meta":[],"product_cat":[689,75],"product_tag":[],"class_list":{"0":"post-19154","1":"product","2":"type-product","3":"status-publish","4":"has-post-thumbnail","6":"product_cat-kassid","7":"product_cat-kassitoit","8":"pa_brand-brit-care","9":"pa_ean-3509","10":"pa_kaal-2-000","11":"pa_tootjariik-tsehhi","13":"first","14":"instock","15":"taxable","16":"shipping-taxable","17":"purchasable","18":"product-type-simple"},"_links":{"self":[{"href":"https:\/\/kasskoer.ee\/en\/wp-json\/wp\/v2\/product\/19154","targetHints":{"allow":["GET"]}}],"collection":[{"href":"https:\/\/kasskoer.ee\/en\/wp-json\/wp\/v2\/product"}],"about":[{"href":"https:\/\/kasskoer.ee\/en\/wp-json\/wp\/v2\/types\/product"}],"wp:featuredmedia":[{"embeddable":true,"href":"https:\/\/kasskoer.ee\/en\/wp-json\/wp\/v2\/media\/19155"}],"wp:attachment":[{"href":"https:\/\/kasskoer.ee\/en\/wp-json\/wp\/v2\/media?parent=19154"}],"wp:term":[{"taxonomy":"product_cat","embeddable":true,"href":"https:\/\/kasskoer.ee\/en\/wp-json\/wp\/v2\/product_cat?post=19154"},{"taxonomy":"product_tag","embeddable":true,"href":"https:\/\/kasskoer.ee\/en\/wp-json\/wp\/v2\/product_tag?post=19154"}],"curies":[{"name":"wp","href":"https:\/\/api.w.org\/{rel}","templated":true}]}}