{"id":19163,"date":"2026-04-20T03:05:11","date_gmt":"2026-04-20T00:05:11","guid":{"rendered":"https:\/\/kasskoer.ee\/product\/lolo-pets-primal-line-linnutoit-keskmise-suurusega-lindudele-12kg\/"},"modified":"2026-04-20T03:05:11","modified_gmt":"2026-04-20T00:05:11","slug":"lolo-pets-primal-line-linnutoit-keskmise-suurusega-lindudele-12kg","status":"publish","type":"product","link":"https:\/\/kasskoer.ee\/en\/toode\/lolo-pets-primal-line-linnutoit-keskmise-suurusega-lindudele-12kg\/","title":{"rendered":"LoLo Pets Primal line linnutoit keskmise suurusega lindudele 1,2kg"},"content":{"rendered":"<p><b>LoLo Pets Primal line t\u00e4iss\u00f6\u00f6t keskmistele lindudele.<\/b><br \/>&#13;<\/p>\n<li>Tagab vajalikud toit- ja mineraalained keskmiste lindude korrektseks arenguks.<\/li>\n<p>&#13;<br \/>\n<br \/>&#13;<br \/>\n<b>Koostis<\/b><br \/>&#13;<br \/>\nValge hirss, kollane hirss, punane hirss, kooritud kaer, kanaari paelrohu seemned, nisu, purustatud mais, saflooriseemned, triibulised p\u00e4evalilleseemned, valge sorgo, punane sorgo, purustatud maap\u00e4hklid.<br \/>&#13;<br \/>\n<br \/>&#13;<br \/>\n<b>Anal\u00fc\u00fctiline koostis<\/b><br \/>&#13;<br \/>\nToorvalk (Kjeldahli meetod) (min) 10,2%, toorrasv (min) 3,1%, toorkiud (maks) 10,25%, fosfor 0\u20130,57%, kaltsium 0,4\u20130,63%, niiskus (maks) 12%, toortuhk (maks) 3,25%.<br \/>&#13;<br \/>\n<br \/>&#13;<br \/>\n<b>S\u00f6\u00f6tmisjuhised<\/b><br \/>&#13;<br \/>\nAnda 2\u20134 teelusikat p\u00e4evas s\u00f5ltuvalt linnu isust. V\u00e4rske ja puhas joogivesi peab olema alati saadaval.<\/p>\n","protected":false},"excerpt":{"rendered":"<p>T\u00e4iss\u00f6\u00f6t keskmistele lindudele, mis sobib igap\u00e4evaseks s\u00f6\u00f6tmiseks.<\/p>\n","protected":false},"featured_media":19164,"template":"","meta":[],"product_cat":[1168,3080,693],"product_tag":[],"class_list":{"0":"post-19163","1":"product","2":"type-product","3":"status-publish","4":"has-post-thumbnail","6":"product_cat-linnutoit","7":"product_cat-linnud","8":"product_cat-muud-loomad","9":"pa_brand-lolo-pets","10":"pa_ean-3511","11":"pa_kaal-1-200","12":"pa_tootjariik-poola","14":"first","15":"instock","16":"taxable","17":"shipping-taxable","18":"purchasable","19":"product-type-simple"},"_links":{"self":[{"href":"https:\/\/kasskoer.ee\/en\/wp-json\/wp\/v2\/product\/19163","targetHints":{"allow":["GET"]}}],"collection":[{"href":"https:\/\/kasskoer.ee\/en\/wp-json\/wp\/v2\/product"}],"about":[{"href":"https:\/\/kasskoer.ee\/en\/wp-json\/wp\/v2\/types\/product"}],"wp:featuredmedia":[{"embeddable":true,"href":"https:\/\/kasskoer.ee\/en\/wp-json\/wp\/v2\/media\/19164"}],"wp:attachment":[{"href":"https:\/\/kasskoer.ee\/en\/wp-json\/wp\/v2\/media?parent=19163"}],"wp:term":[{"taxonomy":"product_cat","embeddable":true,"href":"https:\/\/kasskoer.ee\/en\/wp-json\/wp\/v2\/product_cat?post=19163"},{"taxonomy":"product_tag","embeddable":true,"href":"https:\/\/kasskoer.ee\/en\/wp-json\/wp\/v2\/product_tag?post=19163"}],"curies":[{"name":"wp","href":"https:\/\/api.w.org\/{rel}","templated":true}]}}