{"id":19165,"date":"2026-04-20T03:05:11","date_gmt":"2026-04-20T00:05:11","guid":{"rendered":"https:\/\/kasskoer.ee\/product\/lolo-pets-primal-line-linnutoit-vaikestele-lindudele-12kg\/"},"modified":"2026-04-20T03:05:11","modified_gmt":"2026-04-20T00:05:11","slug":"lolo-pets-primal-line-linnutoit-vaikestele-lindudele-12kg","status":"publish","type":"product","link":"https:\/\/kasskoer.ee\/en\/toode\/lolo-pets-primal-line-linnutoit-vaikestele-lindudele-12kg\/","title":{"rendered":"LoLo Pets Primal line linnutoit v\u00e4ikestele lindudele 1,2kg"},"content":{"rendered":"<p><b>LoLo Pets Primal line t\u00e4iss\u00f6\u00f6t v\u00e4ikestele lindudele.<\/b><br \/>&#13;<\/p>\n<li>Tagab vajalikud toit- ja mineraalained v\u00e4ikeste lindude korrektseks arenguks.<\/li>\n<p>&#13;<br \/>\n<br \/>&#13;<br \/>\n<b>Koostis<\/b><br \/>&#13;<br \/>\nValge hirss, kollane hirss, punane hirss, linaseemned, kooritud kaer, kanaari paelrohu seemned, purustatud mais, valge sorgo, punane sorgo.<br \/>&#13;<br \/>\n<br \/>&#13;<br \/>\n<b>Anal\u00fc\u00fctiline koostis<\/b><br \/>&#13;<br \/>\nToorvalk (Kjeldahli meetod) (min) 10,5%, toorrasv (min) 1,0%, toorkiud (maks) 9,35%, toortuhk (maks) 3,17%, fosfor 0\u20130,56%, kaltsium 0,04\u20130,94%, niiskus (maks) 12%.<br \/>&#13;<br \/>\n<br \/>&#13;<br \/>\n<b>S\u00f6\u00f6tmisjuhised<\/b><br \/>&#13;<br \/>\nAnda 2\u20133 teelusikat p\u00e4evas s\u00f5ltuvalt linnu isust. V\u00e4rske ja puhas joogivesi peab olema alati saadaval.<\/p>\n","protected":false},"excerpt":{"rendered":"<p>T\u00e4iss\u00f6\u00f6t v\u00e4ikestele lindudele, mis sobib igap\u00e4evaseks s\u00f6\u00f6tmiseks.<\/p>\n","protected":false},"featured_media":19166,"template":"","meta":[],"product_cat":[1168,3080,693],"product_tag":[],"class_list":{"0":"post-19165","1":"product","2":"type-product","3":"status-publish","4":"has-post-thumbnail","6":"product_cat-linnutoit","7":"product_cat-linnud","8":"product_cat-muud-loomad","9":"pa_brand-lolo-pets","10":"pa_ean-3512","11":"pa_kaal-1-200","12":"pa_tootjariik-poola","14":"first","15":"instock","16":"taxable","17":"shipping-taxable","18":"purchasable","19":"product-type-simple"},"_links":{"self":[{"href":"https:\/\/kasskoer.ee\/en\/wp-json\/wp\/v2\/product\/19165","targetHints":{"allow":["GET"]}}],"collection":[{"href":"https:\/\/kasskoer.ee\/en\/wp-json\/wp\/v2\/product"}],"about":[{"href":"https:\/\/kasskoer.ee\/en\/wp-json\/wp\/v2\/types\/product"}],"wp:featuredmedia":[{"embeddable":true,"href":"https:\/\/kasskoer.ee\/en\/wp-json\/wp\/v2\/media\/19166"}],"wp:attachment":[{"href":"https:\/\/kasskoer.ee\/en\/wp-json\/wp\/v2\/media?parent=19165"}],"wp:term":[{"taxonomy":"product_cat","embeddable":true,"href":"https:\/\/kasskoer.ee\/en\/wp-json\/wp\/v2\/product_cat?post=19165"},{"taxonomy":"product_tag","embeddable":true,"href":"https:\/\/kasskoer.ee\/en\/wp-json\/wp\/v2\/product_tag?post=19165"}],"curies":[{"name":"wp","href":"https:\/\/api.w.org\/{rel}","templated":true}]}}