{"id":19170,"date":"2026-04-20T03:05:08","date_gmt":"2026-04-20T00:05:08","guid":{"rendered":"https:\/\/kasskoer.ee\/product\/boss-premium-lamb-vorst-koertele-1kg\/"},"modified":"2026-04-20T03:05:10","modified_gmt":"2026-04-20T00:05:10","slug":"boss-premium-lamb-vorst-koertele-1kg","status":"publish","type":"product","link":"https:\/\/kasskoer.ee\/en\/toode\/boss-premium-lamb-vorst-koertele-1kg\/","title":{"rendered":"Boss Premium Lamb vorst koertele 1kg"},"content":{"rendered":"<p><b>Boss Premium Lamb vorst &#8211; t\u00e4iss\u00f6\u00f6t t\u00e4iskasvanud koertele.<\/b><br \/>&#13;<\/p>\n<li>K\u00f5rge valgusisaldus.<\/li>\n<p>&#13;<\/p>\n<li>90% liha ja loomseid saaduseid.<\/li>\n<p>&#13;<\/p>\n<li>Sisaldab vitamiine A, D, E ja K \u2013 toetavad immuunsust, luid, n\u00e4gemist, naha ja karvkatte tervist ning toimivad looduslike antioks\u00fcdantidena.<\/li>\n<p>&#13;<\/p>\n<li>Looduslik kollageen ja kaltsium tugevate luude ja liigeste jaoks.<\/li>\n<p>&#13;<\/p>\n<li>Ei sisalda kunstlikke v\u00e4rvaineid ega s\u00e4ilitusaineid.<\/li>\n<p>&#13;<br \/>\n<br \/>&#13;<br \/>\n<b>Koostis<\/b><br \/>&#13;<br \/>\nLiha ja loomset p\u00e4ritolu saadused 90% (millest minimaalselt 10% lammas), taimset p\u00e4ritolu saadused, mineraalained.<br \/>&#13;<br \/>\n<br \/>&#13;<br \/>\n<b>Anal\u00fc\u00fctiline koostis<\/b><br \/>&#13;<br \/>\nToorvalk 16,8%, toorrasv 9%, toortuhk 11%, toorkiud 0,8%, niiskus 67,5%.<br \/>&#13;<br \/>\n<br \/>&#13;<br \/>\n<b>S\u00f6\u00f6dalisandid (1 kg kohta)<\/b><br \/>&#13;<br \/>\nToitainelised lisandid: A-vitamiin (3a672a) 270 R\u00dc, D\u2083-vitamiin (3a671) 50 R\u00dc, E-vitamiin (3a700) 3 mg, K\u2083-vitamiin (3a710) 2 mg.<br \/>&#13;<br \/>\n<br \/>&#13;<br \/>\n<b>S\u00f6\u00f6tmisjuhised<\/b><br \/>&#13;<br \/>\nSoovituslikke s\u00f6\u00f6dakoguseid vaata pakendilt. Kui annate seda toitu eesm\u00e4rgiga rikastada v\u00f5i t\u00e4iendada koera igap\u00e4evast toidulauda, v\u00e4hendage vastavalt tavatoidu kogust. Soovituslik kogus v\u00f5ib erineda s\u00f5ltuvalt t\u00f5ust, vanusest ja aastaajast. V\u00e4rske joogivesi peab alati olema saadaval. Hoida jahedas ja kuivas kohas kaitstuna otsese p\u00e4ikesevalguse eest. P\u00e4rast avamist hoida k\u00fclmkapis.<\/p>\n","protected":false},"excerpt":{"rendered":"<p>Boss koeravorst lambaga.<\/p>\n","protected":false},"featured_media":19171,"template":"","meta":[],"product_cat":[688,106],"product_tag":[],"class_list":{"0":"post-19170","1":"product","2":"type-product","3":"status-publish","4":"has-post-thumbnail","6":"product_cat-koerad","7":"product_cat-konservid-koertele","8":"pa_brand-boss","9":"pa_ean-3515","10":"pa_kaal-1-000","11":"pa_tootjariik-poola","13":"first","14":"instock","15":"taxable","16":"shipping-taxable","17":"purchasable","18":"product-type-simple"},"_links":{"self":[{"href":"https:\/\/kasskoer.ee\/en\/wp-json\/wp\/v2\/product\/19170","targetHints":{"allow":["GET"]}}],"collection":[{"href":"https:\/\/kasskoer.ee\/en\/wp-json\/wp\/v2\/product"}],"about":[{"href":"https:\/\/kasskoer.ee\/en\/wp-json\/wp\/v2\/types\/product"}],"wp:featuredmedia":[{"embeddable":true,"href":"https:\/\/kasskoer.ee\/en\/wp-json\/wp\/v2\/media\/19171"}],"wp:attachment":[{"href":"https:\/\/kasskoer.ee\/en\/wp-json\/wp\/v2\/media?parent=19170"}],"wp:term":[{"taxonomy":"product_cat","embeddable":true,"href":"https:\/\/kasskoer.ee\/en\/wp-json\/wp\/v2\/product_cat?post=19170"},{"taxonomy":"product_tag","embeddable":true,"href":"https:\/\/kasskoer.ee\/en\/wp-json\/wp\/v2\/product_tag?post=19170"}],"curies":[{"name":"wp","href":"https:\/\/api.w.org\/{rel}","templated":true}]}}