{"id":19179,"date":"2026-04-20T03:05:08","date_gmt":"2026-04-20T00:05:08","guid":{"rendered":"https:\/\/kasskoer.ee\/product\/brit-veterinary-diet-sterilised-erisoot-steriliseeritud-kassidele-2kg\/"},"modified":"2026-04-20T03:05:10","modified_gmt":"2026-04-20T00:05:10","slug":"brit-veterinary-diet-sterilised-erisoot-steriliseeritud-kassidele-2kg","status":"publish","type":"product","link":"https:\/\/kasskoer.ee\/en\/toode\/brit-veterinary-diet-sterilised-erisoot-steriliseeritud-kassidele-2kg\/","title":{"rendered":"Brit Veterinary Diet Sterilised eris\u00f6\u00f6t steriliseeritud kassidele 2kg"},"content":{"rendered":"<p><b>Brit Struvite t\u00e4isdieettoit igat t\u00f5ugu steriliseeritud t\u00e4iskasvanud kassidele.<\/b><br \/>&#13;<br \/>\n<br \/>&#13;<br \/>\n<b>N\u00e4idustused<\/b>&#13;<\/p>\n<li>Kaalukontroll ja kehalise vormi toetamine steriliseeritud kassidel.<\/li>\n<p>&#13;<\/p>\n<li>Toetab naha ja karvkatte tervist.<\/li>\n<p>&#13;<\/p>\n<li>Toetab kuseteede tervist.<\/li>\n<p>&#13;<br \/>\n<br \/>&#13;<br \/>\n<b>Koostis<\/b><br \/>&#13;<br \/>\nDeh\u00fcdreeritud l\u00f5he (30%), kollased herned, h\u00fcdrol\u00fc\u00fcsitud l\u00f5hevalk (14%), hernevalk, kookos\u00f5li, kuivatatud \u00f5unaviljaliha, lignotselluloos (2%), l\u00f5he\u00f5li (3%), h\u00fcdrol\u00fc\u00fcsitud l\u00f5he (2%), naatriumkloriid, kaaliumkloriid, ps\u00fclliumi kestad ja seemned (1%), hernejahu, kuivatatud pohlad (Vaccinium vitis-idaea) (0,2%), kuivatatud n\u00f5ges (Urtica dioica) (0,12%), kuivatatud varretu keelikurohi (Carlina acaulis) (0,08%), h\u00fcdrol\u00fc\u00fcsitud koorikloomade kestad (gl\u00fckoosamiinsulfaadi allikas, 0,036%), h\u00fcdrol\u00fc\u00fcsitud k\u00f5hred (kondroitiinsulfaadi allikas, 0,025%), p\u00e4rmiekstrakt (mannan-oligosahhariidide allikas, 0,02%), \u03b2-gl\u00fckaanid (0,02%), kuivatatud astelpaju (0,015%), frukto-oligosahhariidid (0,013%), t\u00e4\u00e4kliilia (Mojave yucca) (0,012%), inaktiveeritud Lactobacillus helveticus HA-122 (15\u00d710\u2079 rakku\/kg).&#13;<br \/>\n<br \/>&#13;<br \/>\n<br \/><b>Anal\u00fc\u00fctiline koostis<\/b><br \/>&#13;<br \/>\nToorvalk 33,0%, toorrasv 12,0%, toorkiud 3,0%, toortuhk 8,2%, niiskus 10,0%, oomega-3 1,0%, oomega-6 0,8%, kaltsium 1,0%, fosfor 0,7%, naatrium 1,1%, kaalium 0,6%, magneesium 0,05%.&#13;<br \/>\n<br \/>&#13;<br \/>\n<br \/><b>S\u00f6\u00f6dalisandid (1 kg kohta)<\/b><br \/>&#13;<br \/>\nToitainelised lisandid: A-vitamiin (3a672a) 24 000 R\u00dc, D3-vitamiin (3a671) 850 R\u00dc, E-vitamiin (3a700) 1 000 mg, C-vitamiin (3a312) 300 mg, koliinkloriid (3a890) 2 300 mg, biotiin (3a880) 3 mg, B1-vitamiin (3a821) 10 mg, B2-vitamiin (3a825i) 30 mg, niatsiinamiid (3a315) 60 mg, kaltsium-D-pantotenaat (3a841) 50 mg, B6-vitamiin (3a831) 35 mg, foolhape (3a316) 15 mg, B12-vitamiin 0,15 mg, tsink (3b606) 110 mg, raud (3b106) 55 mg, mangaan (3b504) 35 mg, jood (3b201) 3 mg, vask (3b406) 3 mg, seleen (3b810) 0,2 mg, tauriin (3a370) 2 300 mg, L-karnitiin (3a910) 600 mg, L-metioniin (3c305) 6 000 mg. Sisaldab looduslikke antioks\u00fcdante: tokoferooliekstraktid taime\u00f5list (1b306(i)), askorb\u00fc\u00fclpalmitaat (1b304) ja rosmariiniekstrakt.<br \/>&#13;<br \/>\n<br \/><b>Metaboliseeruv energia<\/b><br \/>&#13;<br \/>\n3600 kcal\/kg<br \/>&#13;<br \/>\n<br \/>&#13;<br \/>\n<b>S\u00f6\u00f6tmisjuhend<\/b><br \/>&#13;<br \/>\nEnne kasutamist konsulteeri veterinaararstiga. Serveerige toit kuivalt v\u00f5i leige veega niisutatult. Joogivesi peab olema alati k\u00e4ttesaadav. <br \/>&#13;<br \/>\n<br \/>&#13;<br \/>\n<b>Soovituslik p\u00e4evane kogus<\/b>&#13;<\/p>\n<figure class=\"table\">\n<table>\n<tbody>\n<tr>\n<td><strong>Kassi kaal (kg)<\/strong><\/td>\n<td>2<\/td>\n<td>3<\/td>\n<td>4<\/td>\n<td>5<\/td>\n<td>6<\/td>\n<td>8<\/td>\n<td>10<\/td>\n<td>12<\/td>\n<\/tr>\n<tr>\n<td><strong>P\u00e4evane kogus (g\/p\u00e4evas)<\/strong><\/td>\n<td>50<\/td>\n<td>55<\/td>\n<td>60<\/td>\n<td>75<\/td>\n<td>80<\/td>\n<td>90<\/td>\n<td>100<\/td>\n<td>110<\/td>\n<\/tr>\n<\/tbody>\n<\/table>\n<\/figure>\n","protected":false},"excerpt":{"rendered":"<p>Brit Veterinary kehakaalu kontrolli ja \u00fcldist heaolu toetav kassitoit.<\/p>\n","protected":false},"featured_media":19180,"template":"","meta":[],"product_cat":[689,75],"product_tag":[],"class_list":{"0":"post-19179","1":"product","2":"type-product","3":"status-publish","4":"has-post-thumbnail","6":"product_cat-kassid","7":"product_cat-kassitoit","8":"pa_brand-brit-gf-veterinary-diet","9":"pa_ean-3518","10":"pa_kaal-2-000","11":"pa_tootjariik-tsehhi","13":"first","14":"instock","15":"taxable","16":"shipping-taxable","17":"purchasable","18":"product-type-simple"},"_links":{"self":[{"href":"https:\/\/kasskoer.ee\/en\/wp-json\/wp\/v2\/product\/19179","targetHints":{"allow":["GET"]}}],"collection":[{"href":"https:\/\/kasskoer.ee\/en\/wp-json\/wp\/v2\/product"}],"about":[{"href":"https:\/\/kasskoer.ee\/en\/wp-json\/wp\/v2\/types\/product"}],"wp:featuredmedia":[{"embeddable":true,"href":"https:\/\/kasskoer.ee\/en\/wp-json\/wp\/v2\/media\/19180"}],"wp:attachment":[{"href":"https:\/\/kasskoer.ee\/en\/wp-json\/wp\/v2\/media?parent=19179"}],"wp:term":[{"taxonomy":"product_cat","embeddable":true,"href":"https:\/\/kasskoer.ee\/en\/wp-json\/wp\/v2\/product_cat?post=19179"},{"taxonomy":"product_tag","embeddable":true,"href":"https:\/\/kasskoer.ee\/en\/wp-json\/wp\/v2\/product_tag?post=19179"}],"curies":[{"name":"wp","href":"https:\/\/api.w.org\/{rel}","templated":true}]}}