{"id":19183,"date":"2026-04-20T03:05:08","date_gmt":"2026-04-20T00:05:08","guid":{"rendered":"https:\/\/kasskoer.ee\/product\/brit-veterinary-diet-gastrointestinal-high-fibre-erisoot-kassidele-2kg\/"},"modified":"2026-04-20T03:05:11","modified_gmt":"2026-04-20T00:05:11","slug":"brit-veterinary-diet-gastrointestinal-high-fibre-erisoot-kassidele-2kg","status":"publish","type":"product","link":"https:\/\/kasskoer.ee\/en\/toode\/brit-veterinary-diet-gastrointestinal-high-fibre-erisoot-kassidele-2kg\/","title":{"rendered":"Brit Veterinary Diet Gastrointestinal &#8211; High Fibre eris\u00f6\u00f6t kassidele 2kg"},"content":{"rendered":"<p><b>Brit Gastrointestinal &#8211; High Fibre k\u00f5rge kiudainesisaldusega t\u00e4isdieettoit seedimisprobleemidega kassidele.<\/b><br \/>&#13;<br \/>\n<br \/>&#13;<br \/>\n<b>N\u00e4idustused<\/b>&#13;<\/p>\n<li>Leevendab seedimisvaevusi, kiudainetundlikku k\u00f5hulahtisust ja roojamistakistust.<\/li>\n<p>&#13;<\/p>\n<li>V\u00e4hendab seedetrakti s\u00fcmptomeid, mis tekivad ebasoodsatest toidureaktsioonidest.<\/li>\n<p>&#13;<\/p>\n<li>Soodustab tervet mikrobioomi, parandab seedimist ja v\u00e4ljaheite kvaliteeti.<\/li>\n<p>&#13;<br \/>\n<br \/>&#13;<br \/>\n<b>Koostis<\/b><br \/>&#13;<br \/>\nDeh\u00fcdreeritud heeringas (36%), herned (23%), h\u00fcdrol\u00fc\u00fcsitud l\u00f5hevalk (10%), lignotselluloos (7%), putukarasv (8,5%), hernevalk (7%), l\u00f5he\u00f5li (2%), h\u00fcdrol\u00fc\u00fcsitud l\u00f5hekaste (2%), ps\u00fclliumi kestad ja seemned (2%), \u00f5llep\u00e4rm (1%), hernejahu, mikrovetika\u00f5li (0,5%, Schizochytrium limacinum), kuivatatud vetikad (0,5%, Ascophyllum nodosum), p\u00e4rmiekstrakt (mannan-oligosahhariidide allikas, 0,025%), \u03b2-gl\u00fckaanid (0,02296), fruktooligosahhariidid (0,02%), t\u00e4\u00e4kliilia (Mojave yucca) (0,02%), kuivatatud astelpaju (0,015%), inaktiveeritud bakterid ja nende osad (Lactobacillus helveticus HA-122, 15\u00d710\u2079 rakku\/kg).&#13;<br \/>\n<br \/>&#13;<br \/>\n<br \/><b>Anal\u00fc\u00fctiline koostis<\/b><br \/>&#13;<br \/>\nToorvalk 36,0%, toorrasv 16,0%, toorkiud 6,8%, toortuhk 7,0%, niiskus 10,0%, \u00fcldsuhkrud (NFE) 24,2%, oomega-3 1,3%, oomega-6 3,0%, kaltsium 1,2%, fosfor 0,9%, naatrium 0,5%, magneesium 0,1%, kaalium 0,8%.&#13;<br \/>\n<br \/>&#13;<br \/>\n<br \/><b>S\u00f6\u00f6dalisandid (1 kg kohta)<\/b><br \/>&#13;<br \/>\nToitainelised lisandid: A-vitamiin (3a672a) 25 000 R\u00dc, D3-vitamiin (3a671) 850 R\u00dc, E-vitamiin (3a700) 1 000 mg, C-vitamiin (3a312) 300 mg, koliinkloriid (3a890) 2 300 mg, biotiin (3a880) 3,0 mg, B1-vitamiin (3a821) 10,0 mg, B2-vitamiin (3a825i) 50 mg, niatsiinamiid (3a315) 80 mg, kaltsium-D-pantotenaat (3a841) 50 mg, B6-vitamiin (3a831) 35 mg, foolhape (33316) 15 mg, B12-vitamiin (3a835) 0,18 mg, tsink (3b612) 120 mg, raud (3b107) 60 mg, mangaan (3b505) 60 mg, kaaliumjodiid (3b201) 4 mg, vask (3b407) 3,5 mg, seleen (3b810) 0,2 mg, tauriin (3a370) 2 300 mg, L-karnitiin (3a910) 240 mg, L-metioniin (3c305) 4 000 mg. Sisaldab looduslikke antioks\u00fcdante: tokoferooliekstraktid taime\u00f5list (1b306(i)), askorb\u00fc\u00fclpalmitaat (1b304).<br \/>&#13;<br \/>\n<br \/><b>Metaboliseeruv energia<\/b><br \/>&#13;<br \/>\n3645 kcal\/kg<br \/>&#13;<br \/>\n<br \/>&#13;<br \/>\n<b>S\u00f6\u00f6tmisjuhend<\/b><br \/>&#13;<br \/>\nEnne kasutamist konsulteeri veterinaararstiga. V\u00e4ga h\u00e4sti seeduv toit. Serveerida kuivalt v\u00f5i leige veega niisutatult. Soolestiku imendumish\u00e4irete v\u00e4hendamiseks: kuni 12 n\u00e4dalat. Seedimise kompenseerimiseks: esialgu kuni 12 n\u00e4dalat. P\u00e4evane toidukogus tuleks jagada v\u00e4iksemateks portsjoniteks ja anda kogu p\u00e4eva jooksul. Joogivesi peab olema alati k\u00e4ttesaadav.<br \/>&#13;<br \/>\n<br \/>&#13;<br \/>\n<b>Soovituslik p\u00e4evane kogus<\/b>&#13;<\/p>\n<figure class=\"table\">\n<table>\n<tbody>\n<tr>\n<td><strong>Kassi kaal (kg)<\/strong><\/td>\n<td>2<\/td>\n<td>3<\/td>\n<td>4<\/td>\n<td>5<\/td>\n<td>6<\/td>\n<td>8<\/td>\n<td>10<\/td>\n<td>12<\/td>\n<\/tr>\n<tr>\n<td><strong>P\u00e4evane kogus kaalu s\u00e4ilitamisel (g\/p\u00e4evas)<\/strong><\/td>\n<td>35<\/td>\n<td>50<\/td>\n<td>60<\/td>\n<td>70<\/td>\n<td>80<\/td>\n<td>95<\/td>\n<td>110<\/td>\n<td>120<\/td>\n<tr>\n<td><strong>P\u00e4evane kogus kaalu langetamisel (g\/p\u00e4evas)<\/strong><\/td>\n<td>30<\/td>\n<td>40<\/td>\n<td>45<\/td>\n<td>55<\/td>\n<td>60<\/td>\n<td>75<\/td>\n<td>90<\/td>\n<td>100<\/td>\n<\/tr>\n<\/tr>\n<\/tbody>\n<\/table>\n<\/figure>\n","protected":false},"excerpt":{"rendered":"<p>Brit Veterinary k\u00f5rge kiudainesisaldusega t\u00e4istoit seedimisvaevustega kassidele.<\/p>\n","protected":false},"featured_media":19184,"template":"","meta":[],"product_cat":[689,75],"product_tag":[],"class_list":{"0":"post-19183","1":"product","2":"type-product","3":"status-publish","4":"has-post-thumbnail","6":"product_cat-kassid","7":"product_cat-kassitoit","8":"pa_brand-brit-gf-veterinary-diet","9":"pa_ean-3519","10":"pa_kaal-2-000","11":"pa_tootjariik-tsehhi","13":"first","14":"instock","15":"taxable","16":"shipping-taxable","17":"purchasable","18":"product-type-simple"},"_links":{"self":[{"href":"https:\/\/kasskoer.ee\/en\/wp-json\/wp\/v2\/product\/19183","targetHints":{"allow":["GET"]}}],"collection":[{"href":"https:\/\/kasskoer.ee\/en\/wp-json\/wp\/v2\/product"}],"about":[{"href":"https:\/\/kasskoer.ee\/en\/wp-json\/wp\/v2\/types\/product"}],"wp:featuredmedia":[{"embeddable":true,"href":"https:\/\/kasskoer.ee\/en\/wp-json\/wp\/v2\/media\/19184"}],"wp:attachment":[{"href":"https:\/\/kasskoer.ee\/en\/wp-json\/wp\/v2\/media?parent=19183"}],"wp:term":[{"taxonomy":"product_cat","embeddable":true,"href":"https:\/\/kasskoer.ee\/en\/wp-json\/wp\/v2\/product_cat?post=19183"},{"taxonomy":"product_tag","embeddable":true,"href":"https:\/\/kasskoer.ee\/en\/wp-json\/wp\/v2\/product_tag?post=19183"}],"curies":[{"name":"wp","href":"https:\/\/api.w.org\/{rel}","templated":true}]}}