{"id":19186,"date":"2026-04-20T03:05:08","date_gmt":"2026-04-20T00:05:08","guid":{"rendered":"https:\/\/kasskoer.ee\/product\/brit-veterinary-diet-gastrointestinal-small-breed-erisoot-koertele-2kg\/"},"modified":"2026-04-20T03:05:11","modified_gmt":"2026-04-20T00:05:11","slug":"brit-veterinary-diet-gastrointestinal-small-breed-erisoot-koertele-2kg","status":"publish","type":"product","link":"https:\/\/kasskoer.ee\/en\/toode\/brit-veterinary-diet-gastrointestinal-small-breed-erisoot-koertele-2kg\/","title":{"rendered":"Brit Veterinary Diet Gastrointestinal &#8211; Small Breed eris\u00f6\u00f6t koertele 2kg"},"content":{"rendered":"<p><b>Brit Gastrointestinal &#8211; Small Breed t\u00e4isdieettoit seedetrakti h\u00e4iretega  v\u00e4ikest t\u00f5ugu koertele.<\/b><br \/>&#13;<br \/>\n<br \/>&#13;<br \/>\n<b>N\u00e4idustused<\/b>&#13;<\/p>\n<li>Seedimisvaevuste leevendamine v\u00e4ikestel koertel.<\/li>\n<p>&#13;<\/p>\n<li>Toidutalumatusest tingitud seedetrakti s\u00fcmptomite v\u00e4hendamine.<\/li>\n<p>&#13;<\/p>\n<li>Soodustab tervet mikrobioomi, parandab seedimist ja v\u00e4ljaheite kvaliteeti.<\/li>\n<p>&#13;<br \/>\n<br \/>&#13;<br \/>\n<b>Koostis<\/b><br \/>&#13;<br \/>\nDeh\u00fcdreeritud heeringas (29%), herned (24%), tatar (14%), h\u00fcdrol\u00fc\u00fcsitud l\u00f5hevalk (12%), putukarasv (11,5%), l\u00f5he\u00f5li (2,2%), kuivatatud \u00f5unaviljaliha (2%), h\u00fcdrol\u00fc\u00fcsitud l\u00f5hekaste (2%), \u00f5llep\u00e4rm (1%), hernejahu, ps\u00fclliumi kestad ja seemned (0,5%), kuivatatud vetikad (0,5%, Ascophyllum nodosum), kaltsiumkarbonaat (kaltsiumi allikas, 0,5%), kaaliumkloriid (0,3%), p\u00e4rmiekstrakt (mannan-oligosahhariidide allikas, 0,025%), \u03b2-gl\u00fckaanid (0,022%), frukto-oligosahhariidid (0,02%), t\u00e4\u00e4kliilia (Mojave yucca) (0,02%), kuivatatud astelpaju (0,015%), inaktiveeritud bakterid ja nende osad (Lactobacillus helveticus HA-122, 15\u00d710\u2079 rakku\/kg).<br \/>&#13;<br \/>\n<br \/>&#13;<br \/>\n<b>Anal\u00fc\u00fctilised koostisosad<\/b><br \/>&#13;<br \/>\nToorvalk 28,0%, toorrasv 17,0%, toorkiud 1,2%, toortuhk 5,8%, niiskus 10,0%, s\u00fcsivesikud (NFE) 38,0%, oomega-3 rasvhapped 1,0%, oomega-6 rasvhapped 2,8%, kaltsium 1,1%, fosfor 0,6%, naatrium 0,3%, magneesium 0,1%, kaalium 0,9%.<\/b><br \/>&#13;<br \/>\n<br \/>&#13;<br \/>\n<b>S\u00f6\u00f6dalisandid (1 kg kohta)<\/b><br \/>&#13;<br \/>\nToitainelised lisandid: A-vitamiin (3a672a) 22 000 R\u00dc, D3-vitamiin (3a671) 1 000 R\u00dc, E-vitamiin (3a700) 1 000 mg, C-vitamiin (3a312) 500 mg, koliinkloriid (3a890) 2 300 mg, biotiin (3a880) 2,4 mg, B1-vitamiin (3a821) 11 mg, B2-vitamiin (3a825i) 14 mg, niatsiinamiid (3a315) 94 mg, kaltsium-D-pantotenaat (3a841) 25 mg, B6-vitamiin (3a831) 7 mg, foolhape (3a316) 24 mg, B12-vitamiin (3a835) 0,16 mg, tsink (3b612) 140 mg, raud (3b107) 65 mg, mangaan (3b505) 75 mg, kaaliumjodiid (3b201) 4,2 mg, vask (3b407) 5 mg, seleen (3b810) 0,2 mg, L-karnitiin (3a910) 350 mg, tauriin (3a370) 2 000 mg. Sisaldab looduslikke antioks\u00fcdante: tokoferooliekstraktid taime\u00f5lidest (1b306(i)), askorb\u00fc\u00fclpalmitaat (1b304).<br \/>&#13;<br \/>\n<br \/>&#13;<br \/>\n<b>Metaboliseeruv energia<\/b><br \/>&#13;<br \/>\n3995 kcal\/kg<br \/>&#13;<br \/>\n<br \/>&#13;<br \/>\n<b>S\u00f6\u00f6tmisjuhend<\/b><br \/>&#13;<br \/>\nKonsulteerige enne Brit VD toidu kasutamist oma veterinaararstiga.  Serveeri toit kuivalt v\u00f5i leiges vees niisutatult. Soole imendumish\u00e4irete v\u00e4hendamiseks ja seedeh\u00e4irete korral kuni 12 n\u00e4dalat ning kroonilise pankrease puudulikkuse korral kogu elu. Jagage p\u00e4evane toidukogus v\u00e4iksemateks portsjoniteks ja serveerige p\u00e4eva jooksul. V\u00e4rske joogivesi peab olema alati k\u00e4ttesaadav.<br \/>&#13;<br \/>\n<br \/><b>Soovituslik p\u00e4evane kogus<\/b>&#13;<\/p>\n<figure class=\"table\">\n<table>\n<tbody>\n<tr>\n<td><strong>Koera kaal (kg)<\/strong><\/td>\n<td>1<\/td>\n<td>2<\/td>\n<td>4<\/td>\n<td>6<\/td>\n<td>8<\/td>\n<td>10<\/td>\n<\/tr>\n<tr>\n<td><strong>P\u00e4evane kogus (g\/p\u00e4evas)<\/strong><\/td>\n<td>30<\/td>\n<td>50<\/td>\n<td>80<\/td>\n<td>110<\/td>\n<td>130<\/td>\n<td>160<\/td>\n<\/tr>\n<\/tbody>\n<\/table>\n<\/figure>\n","protected":false},"excerpt":{"rendered":"<p>Brit Veterinary t\u00e4istoit seedetrakti h\u00e4iretega v\u00e4ikest t\u00f5ugu koertele.<\/p>\n","protected":false},"featured_media":19187,"template":"","meta":[],"product_cat":[688,64],"product_tag":[],"class_list":{"0":"post-19186","1":"product","2":"type-product","3":"status-publish","4":"has-post-thumbnail","6":"product_cat-koerad","7":"product_cat-koeratoit","8":"pa_brand-brit-gf-veterinary-diet","9":"pa_ean-3520","10":"pa_kaal-2-000","11":"pa_tootjariik-tsehhi","13":"first","14":"instock","15":"taxable","16":"shipping-taxable","17":"purchasable","18":"product-type-simple"},"_links":{"self":[{"href":"https:\/\/kasskoer.ee\/en\/wp-json\/wp\/v2\/product\/19186","targetHints":{"allow":["GET"]}}],"collection":[{"href":"https:\/\/kasskoer.ee\/en\/wp-json\/wp\/v2\/product"}],"about":[{"href":"https:\/\/kasskoer.ee\/en\/wp-json\/wp\/v2\/types\/product"}],"wp:featuredmedia":[{"embeddable":true,"href":"https:\/\/kasskoer.ee\/en\/wp-json\/wp\/v2\/media\/19187"}],"wp:attachment":[{"href":"https:\/\/kasskoer.ee\/en\/wp-json\/wp\/v2\/media?parent=19186"}],"wp:term":[{"taxonomy":"product_cat","embeddable":true,"href":"https:\/\/kasskoer.ee\/en\/wp-json\/wp\/v2\/product_cat?post=19186"},{"taxonomy":"product_tag","embeddable":true,"href":"https:\/\/kasskoer.ee\/en\/wp-json\/wp\/v2\/product_tag?post=19186"}],"curies":[{"name":"wp","href":"https:\/\/api.w.org\/{rel}","templated":true}]}}