{"id":19188,"date":"2026-04-20T03:05:08","date_gmt":"2026-04-20T00:05:08","guid":{"rendered":"https:\/\/kasskoer.ee\/product\/brit-veterinary-diet-hypoallergenic-hydrolyzed-erisoot-koertele-2kg\/"},"modified":"2026-04-20T03:05:11","modified_gmt":"2026-04-20T00:05:11","slug":"brit-veterinary-diet-hypoallergenic-hydrolyzed-erisoot-koertele-2kg","status":"publish","type":"product","link":"https:\/\/kasskoer.ee\/en\/toode\/brit-veterinary-diet-hypoallergenic-hydrolyzed-erisoot-koertele-2kg\/","title":{"rendered":"Brit Veterinary Diet Hypoallergenic Hydrolyzed eris\u00f6\u00f6t koertele 2kg"},"content":{"rendered":"<p><b>Brit Hypoallergenic Hydrolyzed t\u00e4isdieettoit koertele &#8211; v\u00e4hendab koostisainete ja toitainete talumatust, toetab naha funktsiooni dermatoosi ja liigse karvakaotuse korral.<\/b><br \/>&#13;<br \/>\n<br \/>&#13;<br \/>\n<b>N\u00e4idustused<\/b>&#13;<\/p>\n<li>Leevendab ebasoodsatest toidureaktsioonidest tingitud dermatoloogilisi s\u00fcmptomeid.<\/li>\n<p>&#13;<\/p>\n<li>Leevendab ebasoodsatest toidureaktsioonidest tingitud seedetrakti s\u00fcmptomeid.<\/li>\n<p>&#13;<\/p>\n<li>Tugevdab naha loomulikku kaitsebarj\u00e4\u00e4ri ja immuunsust.<\/li>\n<p>&#13;<br \/>\n<br \/>&#13;<br \/>\n<b>Koostis<\/b><br \/>&#13;<br \/>\nHerned (30%), hernevalk (20%), h\u00fcdrol\u00fc\u00fcsitud linnuvalk (14%, molekulmass alla 5 000 Da), tapiokk (12%), kookos\u00f5li (6%), linaseemned (6%), rapsi\u00f5li (4%), p\u00e4rmih\u00fcdrol\u00fcsaat (3%), lignotselluloos (2%), kaltsiumkarbonaat (1%), dikaltsiumfosfaat (1%), mikrovetika\u00f5li (0,5%), hernejahu, p\u00e4rmiekstrakt (mannan-oligosahhariidide allikas, 0,02%), \u03b2-gl\u00fckaanid (0,02%), frukto-oligosahhariidid (0,013%), t\u00e4\u00e4kliilia (Mojave yucca) (0,013%), inaktiveeritud bakterid ja nende osad (Lactobacillus helveticus HA-122, 15\u00d710\u2079 rakku\/kg).&#13;<br \/>\n<br \/>&#13;<br \/>\n<br \/><b>Anal\u00fc\u00fctilised koostisosad<\/b><br \/>&#13;<br \/>\nToorvalk 22,0%, toorrasv 15,0%, toorkiud 3,2%, toortuhk 8,0%, niiskus 10,0%, kaltsium 1,1%, fosfor 0,7%, naatrium 0,15%, magneesium 0,1%, oomega-3 rasvhapped 1,5%, oomega-6 rasvhapped 2,3%, EPA (20:5 n-3) 0,1%, DHA (22:6 n-3) 0,3%, linoolhape (LA, 18:2 n-6) 2,3%.&#13;<br \/>\n<br \/>&#13;<br \/>\n<br \/><b>S\u00f6\u00f6dalisandid (1 kg kohta)<\/b><br \/>&#13;<br \/>\nToitainelised lisandid: A-vitamiin (3a672a) 26 000 R\u00dc, D\u2083-vitamiin (3a671) 1 800 R\u00dc, E-vitamiin (3a700) 1 000 mg, C-vitamiin (3a312) 600 mg, koliinkloriid (3a890) 2 500 mg, biotiin (3a880) 3,5 mg, B\u2081-vitamiin (3a821) 2,5 mg, B\u2082-vitamiin (3a825i) 9,5 mg, niatsiinamiid (3a315) 32 mg, kaltsium-D-pantotenaat (3a841) 25 mg, B\u2086-vitamiin (3a831) 2,5 mg, foolhape (3a316) 1,3 mg, B\u2081\u2082-vitamiin (3a835) 0,12 mg, tsink (3b612) 150 mg, raud (3b107) 90 mg, mangaan (3b505) 45 mg, kaaliumjodiid (3b201) 0,85 mg, vask (3b407) 20 mg, seleen (3b810) 0,2 mg, tauriin (3a370) 1 500 mg. Sisaldab looduslikke antioks\u00fcdante: tokoferooliekstraktid taime\u00f5lidest (1b306(i)), askorb\u00fc\u00fclpalmitaat (1b304).<br \/>&#13;<br \/>\n<br \/><b>Metaboliseeruv energia<\/b><br \/>&#13;<br \/>\n3655 kcal\/kg<br \/>&#13;<br \/>\n<br \/>&#13;<br \/>\n<b>S\u00f6\u00f6tmisjuhend<\/b><br \/>&#13;<br \/>\nEnne kasutamist konsulteerida veterinaararstiga. Toit on k\u00f5rge linoolhappe (LA) ning eikosapentaeenhappe (EPA) ja dokosaheksaeenhappe (DHA) summasisaldusega. Serveerida kuivalt v\u00f5i leige veega niisutatult. Kasutada 3\u20138 n\u00e4dala jooksul. Kui talumatuse s\u00fcmptomid kaovad, v\u00f5ib toitu kasutada esialgu kuni \u00fche aasta jooksul. Dermatoosi ja liigse karvakao korral kasutada esialgu kuni 2 kuud. V\u00e4rske joogivesi peab olema alati k\u00e4ttesaadav.&#13;<br \/>\n<br \/>&#13;<br \/>\n<br \/><b>Soovituslik p\u00e4evane kogus<\/b>&#13;<\/p>\n<figure class=\"table\">\n<table>\n<tbody>\n<tr>\n<td><strong>Koera kaal (kg)<\/strong><\/td>\n<td>2<\/td>\n<td>5<\/td>\n<td>10<\/td>\n<td>15<\/td>\n<td>20<\/td>\n<td>25<\/td>\n<td>30<\/td>\n<td>40<\/td>\n<td>50<\/td>\n<td>60<\/td>\n<td>70<\/td>\n<td>80<\/td>\n<\/tr>\n<tr>\n<td><strong>P\u00e4evane kogus (g\/p\u00e4evas)<\/strong><\/td>\n<td>50<\/td>\n<td>90<\/td>\n<td>160<\/td>\n<td>200<\/td>\n<td>250<\/td>\n<td>290<\/td>\n<td>340<\/td>\n<td>420<\/td>\n<td>500<\/td>\n<td>570<\/td>\n<td>630<\/td>\n<td>710<\/td>\n<\/tr>\n<\/tbody>\n<\/table>\n<\/figure>\n","protected":false},"excerpt":{"rendered":"<p>Brit Veterinary h\u00fcdrol\u00fc\u00fcsitud valguga h\u00fcpoallergeenne koeratoit.<\/p>\n","protected":false},"featured_media":19189,"template":"","meta":[],"product_cat":[688,64],"product_tag":[],"class_list":{"0":"post-19188","1":"product","2":"type-product","3":"status-publish","4":"has-post-thumbnail","6":"product_cat-koerad","7":"product_cat-koeratoit","8":"pa_brand-brit-gf-veterinary-diet","9":"pa_ean-3521","10":"pa_kaal-2-000","11":"pa_tootjariik-tsehhi","13":"first","14":"instock","15":"taxable","16":"shipping-taxable","17":"purchasable","18":"product-type-simple"},"_links":{"self":[{"href":"https:\/\/kasskoer.ee\/en\/wp-json\/wp\/v2\/product\/19188","targetHints":{"allow":["GET"]}}],"collection":[{"href":"https:\/\/kasskoer.ee\/en\/wp-json\/wp\/v2\/product"}],"about":[{"href":"https:\/\/kasskoer.ee\/en\/wp-json\/wp\/v2\/types\/product"}],"wp:featuredmedia":[{"embeddable":true,"href":"https:\/\/kasskoer.ee\/en\/wp-json\/wp\/v2\/media\/19189"}],"wp:attachment":[{"href":"https:\/\/kasskoer.ee\/en\/wp-json\/wp\/v2\/media?parent=19188"}],"wp:term":[{"taxonomy":"product_cat","embeddable":true,"href":"https:\/\/kasskoer.ee\/en\/wp-json\/wp\/v2\/product_cat?post=19188"},{"taxonomy":"product_tag","embeddable":true,"href":"https:\/\/kasskoer.ee\/en\/wp-json\/wp\/v2\/product_tag?post=19188"}],"curies":[{"name":"wp","href":"https:\/\/api.w.org\/{rel}","templated":true}]}}