{"id":19190,"date":"2026-04-25T03:00:16","date_gmt":"2026-04-25T00:00:16","guid":{"rendered":"https:\/\/kasskoer.ee\/product\/brit-veterinary-diet-cardio-renal-erisoot-koertele-2kg\/"},"modified":"2026-04-25T03:00:16","modified_gmt":"2026-04-25T00:00:16","slug":"brit-veterinary-diet-cardio-renal-erisoot-koertele-2kg","status":"publish","type":"product","link":"https:\/\/kasskoer.ee\/en\/toode\/brit-veterinary-diet-cardio-renal-erisoot-koertele-2kg\/","title":{"rendered":"Brit Veterinary Diet Cardio &#8211; Renal eris\u00f6\u00f6t koertele 2kg"},"content":{"rendered":"<p><b>Brit Cardio &#8211; Renal t\u00e4isdieettoit koertele s\u00fcdamefunktsiooni toetamiseks kroonilise s\u00fcdamepuudulikkuse korral v\u00f5i neerufunktsiooni toetamiseks kroonilise neerupuudulikkuse varajases staadiumis.<\/b><br \/>&#13;<br \/>\n<br \/>&#13;<br \/>\n<b>N\u00e4idustused<\/b>&#13;<\/p>\n<li>S\u00fcdamefunktsiooni toitumisalane toetamine s\u00fcdamepuudulikkuse korral.<\/li>\n<p>&#13;<\/p>\n<li>Neerude toitumisalane toetamine varajases staadiumis, aitab s\u00e4ilitada lihasmassi ja head kehalist seisundit.<\/li>\n<p>&#13;<\/p>\n<li>Soodustab tervet mikrobioomi ja toetab seedimise tervist.<\/li>\n<p>&#13;<br \/>\n<br \/>&#13;<br \/>\n<b>Koostis<\/b><br \/>&#13;<br \/>\nHerned (36%), kanavalk (15%), kanarasv (15%), munad (10%), tatar (10%), kuivatatud \u00f5unaviljaliha (4,2%), h\u00fcdrol\u00fc\u00fcsitud kanamaks (2%), l\u00f5he\u00f5li (2%), munakoored (kaltsiumi allikas, 2%), kaaliumtsitraat (0,8%), mikrovetika\u00f5li (0,5%), hernejahu, kitosaan (0,08%), p\u00e4rmiekstrakt (mannan-oligosahhariidide allikas, 0,025%), \u03b2-gl\u00fckaanid (0,022%), frukto-oligosahhariidid (0,02%), t\u00e4\u00e4kliilia (Mojave yucca) (0,02%), inaktiveeritud bakterid ja nende osad (Lactobacillus helveticus HA-122, 15\u00d710\u2079 rakku\/kg).<br \/>&#13;<br \/>\n<br \/>&#13;<br \/>\n<b>Anal\u00fc\u00fctilised koostisosad<\/b><br \/>&#13;<br \/>\nToorvalk 21,0%, toorrasv 20,0%, toorkiud 1,8%, toortuhk 5,5%, niiskus 10,0%, kaltsium 0,8%, fosfor 0,25%, naatrium 0,2%, magneesium 0,1%, kaalium 0,8%, oomega-3 rasvhapped 0,9%, oomega-6 rasvhapped 3,7%, EPA (20:5 n-3) 0,15%, DHA (22:6 n-3) 0,3%.<\/b><br \/>&#13;<br \/>\n<br \/>&#13;<br \/>\n<b>S\u00f6\u00f6dalisandid (1 kg kohta)<\/b><br \/>&#13;<br \/>\nToitainelised lisandid: A-vitamiin (3a672a) 21 000 R\u00dc, D3-vitamiin (3a671) 1 000 R\u00dc, E-vitamiin (3a700) 1 000 mg, C-vitamiin (3a312) 500 mg, koliinkloriid (3a890) 2 200 mg, biotiin (3a880) 2,2 mg, B1-vitamiin (3a821) 10,5 mg, B2-vitamiin (3a825i) 13,5 mg, niatsiinamiid (3a315) 90 mg, kaltsium-D-pantotenaat (3a841) 25 mg, B6-vitamiin (3a831) 6,5 mg, foolhape (3a316) 2,2 mg, B12-vitamiin (3a835) 0,15 mg, tsink (3b612) 140 mg, raud (3b107) 60 mg, mangaan (3b505) 72 mg, kaaliumjodiid (3b201) 3,9 mg, vask (3b407) 5 mg, seleen (3b810) 0,2 mg, tauriin (3a370) 2 200 mg, L-karnitiin (3a910) 850 mg, L-arginiin (3c364) 3 200 mg. Sisaldab looduslikke antioks\u00fcdante: tokoferooliekstraktid taime\u00f5lidest (1b306(i)), askorb\u00fc\u00fclpalmitaat (1b304).<br \/>&#13;<br \/>\n<br \/>&#13;<br \/>\n<b>Metaboliseeruv energia<\/b><br \/>&#13;<br \/>\n4075 kcal\/kg<br \/>&#13;<br \/>\n<br \/>&#13;<br \/>\n<b>S\u00f6\u00f6tmisjuhend<\/b><br \/>&#13;<br \/>\nEnne kasutamist ja kasutusperioodi pikendamist on soovitatav konsulteerida veterinaararstiga. Toitu v\u00f5ib serveerida kuivalt v\u00f5i leige veega niisutatult ning kasutada esialgu kuni 6 kuu jooksul. Koera kehakaalu ja \u00fcldist seisundit peab regulaarselt kontrollima veterinaararst. V\u00e4rske joogivesi peab olema alati saadaval.<br \/>&#13;<br \/>\n<br \/><b>Soovituslik p\u00e4evane kogus<\/b>&#13;<\/p>\n<figure class=\"table\">\n<table>\n<tbody>\n<tr>\n<td><strong>Koera kaal (kg)<\/strong><\/td>\n<td>2<\/td>\n<td>5<\/td>\n<td>10<\/td>\n<td>15<\/td>\n<td>20<\/td>\n<td>25<\/td>\n<td>30<\/td>\n<td>40<\/td>\n<td>50<\/td>\n<td>60<\/td>\n<td>70<\/td>\n<td>80<\/td>\n<\/tr>\n<tr>\n<td><strong>P\u00e4evane kogus (g\/p\u00e4evas)<\/strong><\/td>\n<td>50<\/td>\n<td>90<\/td>\n<td>160<\/td>\n<td>200<\/td>\n<td>250<\/td>\n<td>290<\/td>\n<td>340<\/td>\n<td>420<\/td>\n<td>500<\/td>\n<td>570<\/td>\n<td>630<\/td>\n<td>710<\/td>\n<\/tr>\n<\/tbody>\n<\/table>\n<\/figure>\n","protected":false},"excerpt":{"rendered":"<p>Brit Veterinary t\u00e4istoit s\u00fcdame ja neerufunktsiooni toetamiseks koertele.<\/p>\n","protected":false},"featured_media":19191,"template":"","meta":[],"product_cat":[688,64],"product_tag":[],"class_list":{"0":"post-19190","1":"product","2":"type-product","3":"status-publish","4":"has-post-thumbnail","6":"product_cat-koerad","7":"product_cat-koeratoit","8":"pa_brand-brit-gf-veterinary-diet","9":"pa_ean-3522","10":"pa_kaal-2-000","11":"pa_tootjariik-tsehhi","13":"first","14":"instock","15":"taxable","16":"shipping-taxable","17":"purchasable","18":"product-type-simple"},"_links":{"self":[{"href":"https:\/\/kasskoer.ee\/en\/wp-json\/wp\/v2\/product\/19190","targetHints":{"allow":["GET"]}}],"collection":[{"href":"https:\/\/kasskoer.ee\/en\/wp-json\/wp\/v2\/product"}],"about":[{"href":"https:\/\/kasskoer.ee\/en\/wp-json\/wp\/v2\/types\/product"}],"wp:featuredmedia":[{"embeddable":true,"href":"https:\/\/kasskoer.ee\/en\/wp-json\/wp\/v2\/media\/19191"}],"wp:attachment":[{"href":"https:\/\/kasskoer.ee\/en\/wp-json\/wp\/v2\/media?parent=19190"}],"wp:term":[{"taxonomy":"product_cat","embeddable":true,"href":"https:\/\/kasskoer.ee\/en\/wp-json\/wp\/v2\/product_cat?post=19190"},{"taxonomy":"product_tag","embeddable":true,"href":"https:\/\/kasskoer.ee\/en\/wp-json\/wp\/v2\/product_tag?post=19190"}],"curies":[{"name":"wp","href":"https:\/\/api.w.org\/{rel}","templated":true}]}}