{"id":19197,"date":"2026-04-20T03:05:02","date_gmt":"2026-04-20T00:05:02","guid":{"rendered":"https:\/\/kasskoer.ee\/product\/brit-care-dental-maiused-kassile-50g\/"},"modified":"2026-04-20T03:05:04","modified_gmt":"2026-04-20T00:05:04","slug":"brit-care-dental-maiused-kassile-50g","status":"publish","type":"product","link":"https:\/\/kasskoer.ee\/en\/toode\/brit-care-dental-maiused-kassile-50g\/","title":{"rendered":"Brit Care Dental maiused kassile 50g"},"content":{"rendered":"<p><b>Brit Care poolniiske funktsionaalne maius basiiliku, t\u00fc\u00fcmiani, rosmariini ja C-vitamiiniga tervete hammaste ja igemete toetamiseks. T\u00e4iends\u00f6\u00f6t kassidele.<\/b><br \/>&#13;<br \/>\n<br \/>&#13;<br \/>\n<b>Koostis<\/b><br \/>&#13;<br \/>\nKalkunivalk, kollased herned, taimset p\u00e4ritolu gl\u00fctserool, h\u00fcdrol\u00fc\u00fcsitud kanavalk (10%), h\u00fcdrol\u00fc\u00fcsitud kanamaks (7%), hernevalk, kollageen (4%), hernejahu, kuivatatud astelpaju (2%), kuivatatud t\u00fc\u00fcmian (0,9%), kuivatatud rosmariin (0,5%), kuivatatud basiilik (0,5%), naatriumheksametafosfaat (2 g\/kg).<br \/>&#13;<br \/>\n<br \/>&#13;<br \/>\n<b>Anal\u00fc\u00fctilised koostisosad<\/b><br \/>&#13;<br \/>\nToorvalk 28,0%, toorrasv 9,0%, niiskus 17,0%, toortuhk 6,0%, toorkiud 1,5%, kaltsium 0,6%, fosfor 0,6%, naatrium 0,5%, magneesium 0,1%, oomega-3 0,2%, oomega-6 0,45%.<br \/>&#13;<br \/>\n<br \/>&#13;<br \/>\n<b>S\u00f6\u00f6dalisandid (1 kg kohta)<\/b><br \/>&#13;<br \/>\nToitainelised lisandid: C-vitamiin (3a312) 100 mg, tauriin (3a370) 2 500 mg, tsink (3b606) 160 mg.&#13;<br \/>\nSisaldab EL-is heakskiidetud s\u00e4ilitusaineid: sidrunhape (E330), DL-\u00f5unhape (E296).<br \/>&#13;<br \/>\n<br \/>&#13;<br \/>\n<b>Metaboliseeruv energia<\/b><br \/>&#13;<br \/>\n3400 kcal\/kg<br \/>&#13;<br \/>\n<br \/>&#13;<br \/>\n<b>S\u00f6\u00f6tmisjuhised<\/b><br \/>&#13;<br \/>\nPakkuge p\u00e4rast s\u00f6\u00f6ki preemia ja maiusena. Toode aitab toetada hammaste ja igemete tervist. Veenduge, et kassil oleks alati saadaval v\u00e4rske joogivesi. Hoida kuivas ja jahedas kohas, v\u00e4ltida otsest p\u00e4ikesevalgust.<\/p>\n","protected":false},"excerpt":{"rendered":"<p>Brit Care poolpehme funktsionaalne maiustus hammaste ja igemete tervise toetamiseks.<\/p>\n","protected":false},"featured_media":19198,"template":"","meta":[],"product_cat":[1211],"product_tag":[],"class_list":{"0":"post-19197","1":"product","2":"type-product","3":"status-publish","4":"has-post-thumbnail","6":"product_cat-kasside-maiused","7":"pa_brand-brit-care","8":"pa_ean-3523","9":"pa_kaal-0-050","10":"pa_tootjariik-tsehhi","12":"first","13":"instock","14":"taxable","15":"shipping-taxable","16":"purchasable","17":"product-type-simple"},"_links":{"self":[{"href":"https:\/\/kasskoer.ee\/en\/wp-json\/wp\/v2\/product\/19197","targetHints":{"allow":["GET"]}}],"collection":[{"href":"https:\/\/kasskoer.ee\/en\/wp-json\/wp\/v2\/product"}],"about":[{"href":"https:\/\/kasskoer.ee\/en\/wp-json\/wp\/v2\/types\/product"}],"wp:featuredmedia":[{"embeddable":true,"href":"https:\/\/kasskoer.ee\/en\/wp-json\/wp\/v2\/media\/19198"}],"wp:attachment":[{"href":"https:\/\/kasskoer.ee\/en\/wp-json\/wp\/v2\/media?parent=19197"}],"wp:term":[{"taxonomy":"product_cat","embeddable":true,"href":"https:\/\/kasskoer.ee\/en\/wp-json\/wp\/v2\/product_cat?post=19197"},{"taxonomy":"product_tag","embeddable":true,"href":"https:\/\/kasskoer.ee\/en\/wp-json\/wp\/v2\/product_tag?post=19197"}],"curies":[{"name":"wp","href":"https:\/\/api.w.org\/{rel}","templated":true}]}}