{"id":19199,"date":"2026-04-20T03:05:02","date_gmt":"2026-04-20T00:05:02","guid":{"rendered":"https:\/\/kasskoer.ee\/product\/brit-care-mini-raw-delights-turkey-with-shrimp-koeratoit-2kg\/"},"modified":"2026-04-20T03:05:04","modified_gmt":"2026-04-20T00:05:04","slug":"brit-care-mini-raw-delights-turkey-with-shrimp-koeratoit-2kg","status":"publish","type":"product","link":"https:\/\/kasskoer.ee\/en\/toode\/brit-care-mini-raw-delights-turkey-with-shrimp-koeratoit-2kg\/","title":{"rendered":"Brit Care Mini Raw Delights Turkey with Shrimp koeratoit 2kg"},"content":{"rendered":"<p><b>Brit Care Mini Raw Delights h\u00fcpoallergeenne t\u00e4iss\u00f6\u00f6t t\u00e4iskasvanud v\u00e4ikest t\u00f5ugu koertele.<\/b>&#13;<\/p>\n<li>V\u00f5rratu segu v\u00e4rskest ja k\u00fclmkuivatatud kalkunist koos krevetiga \u2013 suurep\u00e4rane maitse ka pirtsakale koerale.<\/li>\n<p>&#13;<\/p>\n<li>H\u00fcpoallergeenne koostis &#8211; sobib tundliku seedimise v\u00f5i allergiakalduvusega koertele.<\/li>\n<p>&#13;<\/p>\n<li>T\u00e4iustatud naha- ja karvahooldus &#8211; suur oomega-3 rasvhapete sisaldus toetab naha tervist ja annab koerale l\u00e4ikiva, siidise karva.<\/li>\n<p>&#13;<\/p>\n<li>Pre- ja postbiootikumid &#8211; toetavad seedimist, tugevdavad immuuns\u00fcsteemi ja parandavad toitainete omastamist.<\/li>\n<p>&#13;<\/p>\n<li>Linaseemned ja lignotselluloos &#8211; aitavad kaasa heale seedimisele ja seedetrakti talitlusele.<\/li>\n<p>&#13;<\/p>\n<li>Teraviljavaba \u2013 v\u00e4rvainevaba \u2013 s\u00e4ilitusainetevaba \u2013 GMO vaba \u2013 soja vaba.<\/li>\n<p>&#13;<br \/>\n<br \/>&#13;<br \/>\n<b>Koostis<\/b><br \/>&#13;<br \/>\nKalkunivalk (26%), v\u00e4rske kalkun (15%), kollased herned, linnurasv, k\u00fclmkuivatatud kalkun (6%), kikerherned, tatar, krevetijahu (4%), kuivatatud \u00f5unad, linaseemned (3%), l\u00f5he\u00f5li (2%), lignotselluloos (1%), probiootikumid (inaktiveeritud, Lactobacillus helveticus HA-122, 15\u00d710\u2079 rakku\/kg), \u00f5llep\u00e4rm, kuivatatud vetikad (0,5%, Ascophyllum nodosum), h\u00fcdrol\u00fc\u00fcsitud koorikloomade kestad (gl\u00fckoosamiini allikas, 260 mg\/kg), kuivatatud mustikad (230 mg\/kg, pol\u00fcfenoolide allikas 70 mg\/kg ja flavonoidide allikas 30 mg\/kg), k\u00f5hreekstrakt (kondroitiini allikas, 160 mg\/kg), mannaani-oligosahhariidid (150 mg\/kg), frukto-oligosahhariidid (100 mg\/kg), t\u00e4\u00e4kliilia (Mojave yucca) (100 mg\/kg), inuliin (90 mg\/kg), maarjaohaka seemned (75 mg\/kg), kuivatatud astelpaju (75 mg\/kg), kuivatatud kummel (30 mg\/kg), kuivatatud nelk (30 mg\/kg), kuivatatud salvei (25 mg\/kg).<br \/>&#13;<br \/>\n<br \/>&#13;<br \/>\n<b>Anal\u00fc\u00fctiline koostis<\/b><br \/>&#13;<br \/>\nToorvalk 31,0%, toorrasv 16,0%, niiskus 10,0%, toortuhk 7,0%, toorkiud 3,0%, kaltsium 1,3%, fosfor 1,0%, naatrium 0,2%, oomega-3 rasvhapped 0,2%, oomega-6 rasvhapped 3,1%.<br \/>&#13;<br \/>\n<br \/>&#13;<br \/>\n<b>S\u00f6\u00f6dalisandid (1 kg kohta)<\/b><br \/>&#13;<br \/>\nToitainelised lisandid: A-vitamiin (3a672a) 20 000 R\u00dc, D3-vitamiin (3a671) 1 500 R\u00dc, E-vitamiin (3a700) 500 mg, C-vitamiin (3a312) 300 mg, koliinkloriid (3a890) 2 400 mg, tauriin (3a370) 1 500 mg, biotiin (3a880) 3 mg, B1-vitamiin (3a821) 1 mg, B2-vitamiin (3a825i) 4 mg, niatsiinamiid (3a315) 12 mg, kaltsium-D-pantotenaat (3a841) 10 mg, B6-vitamiin (3a831) 1 mg, foolhape (3a316) 0,5 mg, B12-vitamiin (3a835) 0,04 mg, tsink (3b612) 100 mg, raud (3b107) 80 mg, mangaan (3b505) 40 mg, kaaliumjodiid (3b201) 0,75 mg, vask (3b407) 15 mg, seleen (3b810) 0,2 mg. Sisaldab EL-is heaks kiidetud antioks\u00fcdante.<br \/>&#13;<br \/>\n<br \/>&#13;<br \/>\n<b>Metaboliseeruv energia<\/b><br \/>&#13;<br \/>\n3780 kcal\/kg<br \/>&#13;<br \/>\n<br \/>&#13;<br \/>\n<b>S\u00f6\u00f6tmisjuhend<\/b><br \/>&#13;<br \/>\nServeeri kuivalt v\u00f5i leige veega niisutatult. P\u00e4evane toidukogus jagada 2\u20133 portsjoniks vastavalt koera suurusele ja aktiivsusele. Brit Care\u2019i esmakordsel kasutamisel sega seda varasema toiduga ning suurenda uue toidu osakaalu j\u00e4rk-j\u00e4rgult 7 p\u00e4eva jooksul. V\u00e4rske joogivesi peab alati olema saadaval. Hoida kuivas ja jahedas, eemal otsesest p\u00e4ikesevalgusest.<\/p>\n","protected":false},"excerpt":{"rendered":"<p>Brit Care teraviljavaba h\u00fcpoallergeenne toit v\u00e4rske ja k\u00fclmkuivatatud kalkuni ning krevetiga.<\/p>\n","protected":false},"featured_media":19200,"template":"","meta":[],"product_cat":[688,64],"product_tag":[],"class_list":{"0":"post-19199","1":"product","2":"type-product","3":"status-publish","4":"has-post-thumbnail","6":"product_cat-koerad","7":"product_cat-koeratoit","8":"pa_brand-brit-care","9":"pa_ean-3524","10":"pa_kaal-2-000","11":"pa_tootjariik-tsehhi","13":"first","14":"instock","15":"taxable","16":"shipping-taxable","17":"purchasable","18":"product-type-simple"},"_links":{"self":[{"href":"https:\/\/kasskoer.ee\/en\/wp-json\/wp\/v2\/product\/19199","targetHints":{"allow":["GET"]}}],"collection":[{"href":"https:\/\/kasskoer.ee\/en\/wp-json\/wp\/v2\/product"}],"about":[{"href":"https:\/\/kasskoer.ee\/en\/wp-json\/wp\/v2\/types\/product"}],"wp:featuredmedia":[{"embeddable":true,"href":"https:\/\/kasskoer.ee\/en\/wp-json\/wp\/v2\/media\/19200"}],"wp:attachment":[{"href":"https:\/\/kasskoer.ee\/en\/wp-json\/wp\/v2\/media?parent=19199"}],"wp:term":[{"taxonomy":"product_cat","embeddable":true,"href":"https:\/\/kasskoer.ee\/en\/wp-json\/wp\/v2\/product_cat?post=19199"},{"taxonomy":"product_tag","embeddable":true,"href":"https:\/\/kasskoer.ee\/en\/wp-json\/wp\/v2\/product_tag?post=19199"}],"curies":[{"name":"wp","href":"https:\/\/api.w.org\/{rel}","templated":true}]}}