{"id":19201,"date":"2026-04-20T03:15:29","date_gmt":"2026-04-20T00:15:29","guid":{"rendered":"https:\/\/kasskoer.ee\/product\/brit-care-superfruits-salmon-kassimaius-lohega-100g\/"},"modified":"2026-04-20T03:15:30","modified_gmt":"2026-04-20T00:15:30","slug":"brit-care-superfruits-salmon-kassimaius-lohega-100g","status":"publish","type":"product","link":"https:\/\/kasskoer.ee\/en\/toode\/brit-care-superfruits-salmon-kassimaius-lohega-100g\/","title":{"rendered":"Brit Care SuperFruits Salmon kassimaius l\u00f5hega 100g"},"content":{"rendered":"<p><b>Brit Care teraviljavaba maius t\u00e4iskasvanud steriliseeritud kassidele.<\/b>&#13;<\/p>\n<li>Kr\u00f5be tekstuur meelitab kassi m\u00e4nguliselt maiust nautima.<\/li>\n<p>&#13;<\/p>\n<li>Teraviljavaba koostis.<\/li>\n<p>&#13;<\/p>\n<li>L\u00f5he, kibuvitsa ja j\u00f5hvikatega.<\/li>\n<p>&#13;<br \/>\n<br \/>&#13;<br \/>\n<b>Koostis<\/b><br \/>&#13;<br \/>\nKuivatatud l\u00f5he (40%), kollased herned, kanavalk (8%), bataat, kanarasv (6%), hernevalk, kuivatatud j\u00f5hvikad (4%), kuivatatud kibuvitsad (4%), h\u00fcdrol\u00fc\u00fcsitud kanamaks, l\u00f5he\u00f5li (2%), linaseemned (1%), naatriumkloriid.<br \/>&#13;<br \/>\n<br \/>&#13;<br \/>\n<b>Anal\u00fc\u00fctilised koostisosad<\/b><br \/>&#13;<br \/>\nToorvalk 35,0%, toorrasv 12,0%, toortuhk 8,8%, toorkiud 2,0%, niiskus 10,0%, kaltsium 1,2%, fosfor 1,0%, naatrium 1,0%.<br \/>&#13;<br \/>\n<br \/>&#13;<br \/>\n<b>S\u00f6\u00f6dalisandid<\/b><br \/>&#13;<br \/>\nSisaldab EL-is heakskiidetud antioks\u00fcdante: tokoferooliekstraktid taime\u00f5lidest (1b306(i)), askorb\u00fc\u00fclpalmitaat (1b304) ja rosmariiniekstrakt.<br \/>&#13;<br \/>\n<br \/>&#13;<br \/>\n<b>Metaboliseeruv energia<\/b><br \/>&#13;<br \/>\n3600 kcal\/kg<br \/>&#13;<br \/>\n<br \/>&#13;<br \/>\n<b>S\u00f6\u00f6tmisjuhised<\/b><br \/>&#13;<br \/>\nPakkuge k\u00e4est preemia ja maiusena, et kass saaks nautida \u00fchiseid h\u00e4id hetki. Veenduge, et kassil oleks alati saadaval v\u00e4rske joogivesi. Hoida kuivas ja jahedas kohas, kaitstuna otsese p\u00e4ikesevalguse eest.<\/p>\n","protected":false},"excerpt":{"rendered":"<p>Brit Care l\u00f5he, kibuvitsa ja j\u00f5hvikaga kr\u00f5be maiustus t\u00e4iskasvanud steriliseeritud kassidele.<\/p>\n","protected":false},"featured_media":19202,"template":"","meta":[],"product_cat":[1211],"product_tag":[],"class_list":{"0":"post-19201","1":"product","2":"type-product","3":"status-publish","4":"has-post-thumbnail","6":"product_cat-kasside-maiused","7":"pa_brand-brit-care","8":"pa_ean-102","9":"pa_kaal-0-100","10":"pa_tootjariik-tsehhi","12":"first","13":"instock","14":"taxable","15":"shipping-taxable","16":"purchasable","17":"product-type-simple"},"_links":{"self":[{"href":"https:\/\/kasskoer.ee\/en\/wp-json\/wp\/v2\/product\/19201","targetHints":{"allow":["GET"]}}],"collection":[{"href":"https:\/\/kasskoer.ee\/en\/wp-json\/wp\/v2\/product"}],"about":[{"href":"https:\/\/kasskoer.ee\/en\/wp-json\/wp\/v2\/types\/product"}],"wp:featuredmedia":[{"embeddable":true,"href":"https:\/\/kasskoer.ee\/en\/wp-json\/wp\/v2\/media\/19202"}],"wp:attachment":[{"href":"https:\/\/kasskoer.ee\/en\/wp-json\/wp\/v2\/media?parent=19201"}],"wp:term":[{"taxonomy":"product_cat","embeddable":true,"href":"https:\/\/kasskoer.ee\/en\/wp-json\/wp\/v2\/product_cat?post=19201"},{"taxonomy":"product_tag","embeddable":true,"href":"https:\/\/kasskoer.ee\/en\/wp-json\/wp\/v2\/product_tag?post=19201"}],"curies":[{"name":"wp","href":"https:\/\/api.w.org\/{rel}","templated":true}]}}