{"id":19207,"date":"2026-04-20T03:15:32","date_gmt":"2026-04-20T00:15:32","guid":{"rendered":"https:\/\/kasskoer.ee\/product\/brit-care-shiny-hair-maiused-kassile-50g\/"},"modified":"2026-04-20T03:15:33","modified_gmt":"2026-04-20T00:15:33","slug":"brit-care-shiny-hair-maiused-kassile-50g","status":"publish","type":"product","link":"https:\/\/kasskoer.ee\/en\/toode\/brit-care-shiny-hair-maiused-kassile-50g\/","title":{"rendered":"Brit Care Shiny Hair maiused kassile 50g"},"content":{"rendered":"<p><b>Brit Care poolniiske funktsionaalne maius saialille, astelpaju ja l\u00f5he\u00f5liga siidise karvkatte ja terve naha toetamiseks. T\u00e4iends\u00f6\u00f6t kassidele.<\/b><br \/>&#13;<br \/>\n<br \/>&#13;<br \/>\n<b>Koostis<\/b><br \/>&#13;<br \/>\nL\u00f5hevalk (26%), kollased herned, taimset p\u00e4ritolu gl\u00fctserool, h\u00fcdrol\u00fc\u00fcsitud kanavalk (10%), h\u00fcdrol\u00fc\u00fcsitud kanamaks (7%), hernevalk, kollageen (4%), hernejahu, kuivatatud astelpaju (2%), kuivatatud saialill (2%), l\u00f5he\u00f5li (2%), kuivatatud kibuvits (0,5%).<br \/>&#13;<br \/>\n<br \/>&#13;<br \/>\n<b>Anal\u00fc\u00fctilised koostisosad<\/b><br \/>&#13;<br \/>\nToorvalk 28,0%, toorrasv 9,0%, niiskus 17,0%, toortuhk 7,0%, toorkiud 1,5%, kaltsium 0,8%, fosfor 0,7%, naatrium 0,8%, magneesium 0,1%, oomega-3 0,55%, oomega-6 0,35%.<br \/>&#13;<br \/>\n<br \/>&#13;<br \/>\n<b>S\u00f6\u00f6dalisandid (1 kg kohta)<\/b><br \/>&#13;<br \/>\nToitainelised lisandid: biotiin 2 mg, B1-vitamiin (3a821) 6 mg, B2-vitamiin 4 mg, niatsiinamiid (3a315) 40 mg, kaltsium-D-pantotenaat (3a841) 6 mg, B6-vitamiin (3a837) 2 mg, foolhape (3a316) 1 mg, tauriin (3a370) 2 500 mg, tsink (3b606) 160 mg. Sisaldab EL-is heakskiidetud s\u00e4ilitusaineid: sidrunhape (E330), DL-\u00f5unhape (E296).<br \/>&#13;<br \/>\n<br \/>&#13;<br \/>\n<b>Metaboliseeruv energia<\/b><br \/>&#13;<br \/>\n3300 kcal\/kg<br \/>&#13;<br \/>\n<br \/>&#13;<br \/>\n<b>S\u00f6\u00f6tmisjuhised<\/b><br \/>&#13;<br \/>\nAnda lemmikule maiusena. Veenduge, et kassil oleks alati saadaval v\u00e4rske joogivesi. Hoida kuivas ja jahedas kohas, v\u00e4ltida otsest p\u00e4ikesevalgust.<\/p>\n","protected":false},"excerpt":{"rendered":"<p>Brit Care poolpehme funktsionaalne maiustus siidise karvkatte ja terve naha toetamiseks.<\/p>\n","protected":false},"featured_media":19208,"template":"","meta":[],"product_cat":[1211],"product_tag":[],"class_list":{"0":"post-19207","1":"product","2":"type-product","3":"status-publish","4":"has-post-thumbnail","6":"product_cat-kasside-maiused","7":"pa_brand-brit-care","8":"pa_ean-99","9":"pa_kaal-0-050","10":"pa_tootjariik-tsehhi","12":"first","13":"instock","14":"taxable","15":"shipping-taxable","16":"purchasable","17":"product-type-simple"},"_links":{"self":[{"href":"https:\/\/kasskoer.ee\/en\/wp-json\/wp\/v2\/product\/19207","targetHints":{"allow":["GET"]}}],"collection":[{"href":"https:\/\/kasskoer.ee\/en\/wp-json\/wp\/v2\/product"}],"about":[{"href":"https:\/\/kasskoer.ee\/en\/wp-json\/wp\/v2\/types\/product"}],"wp:featuredmedia":[{"embeddable":true,"href":"https:\/\/kasskoer.ee\/en\/wp-json\/wp\/v2\/media\/19208"}],"wp:attachment":[{"href":"https:\/\/kasskoer.ee\/en\/wp-json\/wp\/v2\/media?parent=19207"}],"wp:term":[{"taxonomy":"product_cat","embeddable":true,"href":"https:\/\/kasskoer.ee\/en\/wp-json\/wp\/v2\/product_cat?post=19207"},{"taxonomy":"product_tag","embeddable":true,"href":"https:\/\/kasskoer.ee\/en\/wp-json\/wp\/v2\/product_tag?post=19207"}],"curies":[{"name":"wp","href":"https:\/\/api.w.org\/{rel}","templated":true}]}}