{"id":19209,"date":"2026-04-20T03:15:32","date_gmt":"2026-04-20T00:15:32","guid":{"rendered":"https:\/\/kasskoer.ee\/product\/brit-care-hairball-maiused-kassile-50g\/"},"modified":"2026-04-20T03:15:33","modified_gmt":"2026-04-20T00:15:33","slug":"brit-care-hairball-maiused-kassile-50g","status":"publish","type":"product","link":"https:\/\/kasskoer.ee\/en\/toode\/brit-care-hairball-maiused-kassile-50g\/","title":{"rendered":"Brit Care Hairball maiused kassile 50g"},"content":{"rendered":"<p><b>Brit Care poolniiske funktsionaalne maius ps\u00fclliumi, l\u00f5he\u00f5li, astelpaju ja lignotselluloosiga karvapallide tekke ennetamiseks. T\u00e4iends\u00f6\u00f6t kassidele.<\/b><br \/>&#13;<br \/>\n<br \/>&#13;<br \/>\n<b>Koostis<\/b><br \/>&#13;<br \/>\nPardivalk (26%), kollased herned, taimset p\u00e4ritolu gl\u00fctserool, h\u00fcdrol\u00fc\u00fcsitud kanavalk (10%), h\u00fcdrol\u00fc\u00fcsitud kanamaks (7%), hernevalk, kollageen (4%), hernejahu, lignotselluloos (2%), l\u00f5he\u00f5li (2%), kuivatatud astelpaju (2%), ps\u00fclliumi kestad ja seemned (2%).<br \/>&#13;<br \/>\n<br \/>&#13;<br \/>\n<b>Anal\u00fc\u00fctilised koostisosad<\/b><br \/>&#13;<br \/>\nToorvalk 26,0%, toorrasv 9,0%, niiskus 17,0%, toortuhk 6,0%, toorkiud 4,0%, kaltsium 0,8%, fosfor 0,6%, naatrium 0,5%, magneesium 0,1%, oomega-3 0,15%, oomega-6 0,65%.<br \/>&#13;<br \/>\n<br \/>&#13;<br \/>\n<b>S\u00f6\u00f6dalisandid (1 kg kohta)<\/b><br \/>&#13;<br \/>\nToitainelised lisandid: tauriin (3a370) 2 500 mg. Sisaldab EL-is heakskiidetud s\u00e4ilitusaineid: sidrunhape (E330), DL-\u00f5unhape (E296).<br \/>&#13;<br \/>\n<br \/>&#13;<br \/>\n<b>Metaboliseeruv energia<\/b><br \/>&#13;<br \/>\n3200 kcal\/kg<br \/>&#13;<br \/>\n<br \/>&#13;<br \/>\n<b>S\u00f6\u00f6tmisjuhised<\/b><br \/>&#13;<br \/>\nAnda lemmikule maiusena. Veenduge, et kassil oleks alati saadaval v\u00e4rske joogivesi. Hoida kuivas ja jahedas kohas, v\u00e4ltida otsest p\u00e4ikesevalgust.<\/p>\n","protected":false},"excerpt":{"rendered":"<p>Brit Care poolpehme funktsionaalne maiustus karvapallide tekke ennetamiseks.<\/p>\n","protected":false},"featured_media":19210,"template":"","meta":[],"product_cat":[1211],"product_tag":[],"class_list":{"0":"post-19209","1":"product","2":"type-product","3":"status-publish","4":"has-post-thumbnail","6":"product_cat-kasside-maiused","7":"pa_brand-brit-care","8":"pa_ean-95","9":"pa_kaal-0-050","10":"pa_tootjariik-tsehhi","12":"first","13":"instock","14":"taxable","15":"shipping-taxable","16":"purchasable","17":"product-type-simple"},"_links":{"self":[{"href":"https:\/\/kasskoer.ee\/en\/wp-json\/wp\/v2\/product\/19209","targetHints":{"allow":["GET"]}}],"collection":[{"href":"https:\/\/kasskoer.ee\/en\/wp-json\/wp\/v2\/product"}],"about":[{"href":"https:\/\/kasskoer.ee\/en\/wp-json\/wp\/v2\/types\/product"}],"wp:featuredmedia":[{"embeddable":true,"href":"https:\/\/kasskoer.ee\/en\/wp-json\/wp\/v2\/media\/19210"}],"wp:attachment":[{"href":"https:\/\/kasskoer.ee\/en\/wp-json\/wp\/v2\/media?parent=19209"}],"wp:term":[{"taxonomy":"product_cat","embeddable":true,"href":"https:\/\/kasskoer.ee\/en\/wp-json\/wp\/v2\/product_cat?post=19209"},{"taxonomy":"product_tag","embeddable":true,"href":"https:\/\/kasskoer.ee\/en\/wp-json\/wp\/v2\/product_tag?post=19209"}],"curies":[{"name":"wp","href":"https:\/\/api.w.org\/{rel}","templated":true}]}}