{"id":19212,"date":"2026-04-20T03:05:02","date_gmt":"2026-04-20T00:05:02","guid":{"rendered":"https:\/\/kasskoer.ee\/product\/profine-energy-chicken-potatoes-koeratoit-12-kg\/"},"modified":"2026-04-20T03:05:03","modified_gmt":"2026-04-20T00:05:03","slug":"profine-energy-chicken-potatoes-koeratoit-12-kg","status":"publish","type":"product","link":"https:\/\/kasskoer.ee\/en\/toode\/profine-energy-chicken-potatoes-koeratoit-12-kg\/","title":{"rendered":"Profine Energy Chicken &#038; Potatoes koeratoit 12 kg"},"content":{"rendered":"<p><b>Profine Energy Chicken superpremium koeratoit suure koormusega t\u00e4iskasvanud koertele kana ja kartuliga.<\/b>&#13;<\/p>\n<li>Sobib suurep\u00e4raselt ka koertele, kes veedavad talveperioodil palju aega \u00f5ues, kuna nende suurenenud energiavajadus vajab toitaineterikast ja energiarohket toitu.<\/li>\n<p>&#13;<\/p>\n<li>Liigeste ja liikuvuse tugi &#8211; kondroprotektiivid ja mineraalid liigeste ja luustiku suurep\u00e4raseks seisundiks.<\/li>\n<p>&#13;<\/p>\n<li>Sisaldab rohkelt kana &#8211; k\u00f5rge kana sisaldus tagab vajalikud toitained suure koormuse puhul.<\/li>\n<p>&#13;<\/p>\n<li>Merevetikas ja prebiootikumid &#8211; tasakaalustavad positiivset mikrofloorat soolestikus ja aitavad t\u00f5sta immuunsust.<\/li>\n<p>&#13;<\/p>\n<li>\u00dcrdisegu &#8211; apteegitill, basiilik, salvei ja t\u00e4\u00e4kliilia toetavad tervislikku seedimist ja parandavad ainevahetusprotsesse.<\/li>\n<p>&#13;<br \/>\n<br \/>&#13;<br \/>\n<b>Koostis<\/b><br \/>&#13;<br \/>\nKana 50% (deh\u00fcdreeritud kana 25%, kanavalk 25%), kanarasv (s\u00e4ilitatud segatud tokoferoolidega, E-vitamiini allikas) (13%), mais, kartul (5%), \u00f5llep\u00e4rm, kuivatatud \u00f5unad, h\u00fcdrol\u00fc\u00fcsitud kanamaks (2%), krevetijahu (1,5%), l\u00f5he\u00f5li (1%), kuivatatud merevetikad (0,5%), gl\u00fckoosamiin (0,02%), sigurijuur (mannan-oligosahhariidide allikas 0,018%), kuivatatud \u00fcrdisegu (apteegitill, basiilik, salvei 0,018%), frukto-oligosahhariidid (0,012%), t\u00e4\u00e4kliilia (Mojave yukka) (0,01%), kondroitiinsulfaat (0,012%).<br \/>&#13;<br \/>\n<br \/>&#13;<br \/>\n<b>Anal\u00fc\u00fctiline koostis<\/b><br \/>&#13;<br \/>\nToorvalk 33,0%, toorrasv 22,0%, toorkiud 2,0%, niiskus 10,0%, toortuhk 7,2%, kaltsium 1,7%, fosfor 1,2%, oomega-3 rasvhapped 0,22%, oomega-6 rasvhapped 2,80%.<\/p>\n<p>&#13;<br \/>\n<b>S\u00f6\u00f6dalisandid (1 kg kohta)<\/b><br \/>&#13;<br \/>\nToitainelised lisandid: Vitamiin A (3a672a) 18 000 R\u00dc, vitamiin D\u2083 (3a671) 1 600 R\u00dc, vitamiin E (3a700) 500 mg, koliinkloriid (3a890) 700 mg, biotiin (3a880) 0,7 mg, niatsiinamiid (3a314) 15 mg, kaltsium-D-pantotenaat (3a841) 12 mg, vitamiin B\u2081\u2082 (3a835) 0,05 mg, vitamiin B\u2082 (3a825i) 4 mg, vitamiin B\u2081 (3a820) 1,0 mg, vitamiin B\u2086 (3a831) 1,5 mg, foolhape (3a316) 0,6 mg, raud (3b107) 90 mg, tsink (3b612) 100 mg, vask (3b407) 18 mg, kaaliumjodiid (3b201) 0,7 mg, mangaan (3b505) 45 mg, seleen (3b810) 0,2 mg, L-metioniin (3c305) 15 mg, L-l\u00fcsiin (3c322) 3 mg. Sisaldab antioks\u00fcdante.<br \/>&#13;<br \/>\n<br \/>&#13;<br \/>\n<b>Metaboliseeruv energia<\/b><br \/>&#13;<br \/>\n4200 kcal\/kg<br \/>&#13;<br \/>\n<br \/>&#13;<br \/>\n<b>S\u00f6\u00f6tmisjuhend<\/b><br \/>&#13;<br \/>\nIgap\u00e4evane kindel s\u00f6\u00f6tmisgraafik m\u00e4ngib olulist rolli koera tervises. V\u00f5imalusel tagage s\u00f6\u00f6tmisel p\u00fcsivad tingimused (koht ja aeg) ning veenduge, et koeral oleks alati ligip\u00e4\u00e4s v\u00e4rskele joogiveele. Kui teil on rohkem kui \u00fcks koer, peab igal koeral olema oma toidukauss. Serveeri toit kuivalt v\u00f5i puljongiga niisutatult. \u00d5ige p\u00e4evase koguse m\u00e4\u00e4ramiseks kasuta pakendil olevat s\u00f6\u00f6tmistabelit, arvestades koera vanust ja sihtkaalu. Hoia koer heas vormis regulaarse liikumise, m\u00e4ngu ja l\u00e4hedusega.<br \/>&#13;<br \/>\n<br \/>&#13;<br \/>\n<b>Soovituslik p\u00e4evane kogus<\/b> <\/p>\n<table>\n<tbody>\n<tr class=\"subhead\">\n<td>Koera kaal (kg)<\/td>\n<td>5<\/td>\n<td>10<\/td>\n<td>15<\/td>\n<td>20<\/td>\n<td>25<\/td>\n<td>30<\/td>\n<td>40<\/td>\n<td>50<\/td>\n<td>60<\/td>\n<td>70<\/td>\n<td>80<\/td>\n<td>90<\/td>\n<\/tr>\n<tr>\n<td>P\u00e4evane kogus (g)<\/td>\n<td>90<\/td>\n<td>150<\/td>\n<td>200<\/td>\n<td>250<\/td>\n<td>270<\/td>\n<td>300<\/td>\n<td>420<\/td>\n<td>500<\/td>\n<td>570<\/td>\n<td>640<\/td>\n<td>710<\/td>\n<td>780<\/td>\n<\/tr>\n<tr>\n<td>P\u00e4evane kogus eriti aktiivsele koerale(g)<\/td>\n<td>120<\/td>\n<td>200<\/td>\n<td>280<\/td>\n<td>340<\/td>\n<td>370<\/td>\n<td>405<\/td>\n<td>580<\/td>\n<td>680<\/td>\n<td>780<\/td>\n<td>880<\/td>\n<td>970<\/td>\n<td>1060<\/td>\n<\/tr>\n<\/tbody>\n<\/table>\n","protected":false},"excerpt":{"rendered":"<p>Profine t\u00e4iss\u00f6\u00f6t suure koormusega t\u00e4iskasvanud koertele kana ja kartuliga.<\/p>\n","protected":false},"featured_media":19213,"template":"","meta":[],"product_cat":[688,64],"product_tag":[],"class_list":{"0":"post-19212","1":"product","2":"type-product","3":"status-publish","4":"has-post-thumbnail","6":"product_cat-koerad","7":"product_cat-koeratoit","8":"pa_brand-profine","9":"pa_ean-3525","10":"pa_kaal-12-000","11":"pa_tootjariik-tsehhi","13":"first","14":"instock","15":"taxable","16":"shipping-taxable","17":"purchasable","18":"product-type-simple"},"_links":{"self":[{"href":"https:\/\/kasskoer.ee\/en\/wp-json\/wp\/v2\/product\/19212","targetHints":{"allow":["GET"]}}],"collection":[{"href":"https:\/\/kasskoer.ee\/en\/wp-json\/wp\/v2\/product"}],"about":[{"href":"https:\/\/kasskoer.ee\/en\/wp-json\/wp\/v2\/types\/product"}],"wp:featuredmedia":[{"embeddable":true,"href":"https:\/\/kasskoer.ee\/en\/wp-json\/wp\/v2\/media\/19213"}],"wp:attachment":[{"href":"https:\/\/kasskoer.ee\/en\/wp-json\/wp\/v2\/media?parent=19212"}],"wp:term":[{"taxonomy":"product_cat","embeddable":true,"href":"https:\/\/kasskoer.ee\/en\/wp-json\/wp\/v2\/product_cat?post=19212"},{"taxonomy":"product_tag","embeddable":true,"href":"https:\/\/kasskoer.ee\/en\/wp-json\/wp\/v2\/product_tag?post=19212"}],"curies":[{"name":"wp","href":"https:\/\/api.w.org\/{rel}","templated":true}]}}